{"id":2916,"date":"2023-07-17T15:55:48","date_gmt":"2023-07-17T13:55:48","guid":{"rendered":"https:\/\/steiner-spiralen.de\/spiral-bearing-list-for-flexible-conveyor-spirals\/"},"modified":"2023-09-26T12:06:30","modified_gmt":"2023-09-26T10:06:30","slug":"spiral-bearing-list-for-flexible-conveyor-spirals","status":"publish","type":"page","link":"https:\/\/steiner-spiralen.de\/en\/spiral-bearing-list-for-flexible-conveyor-spirals\/","title":{"rendered":"Spiral Bearing List for Flexible Conveyor Spirals"},"content":{"rendered":"<div class=\"wpb-content-wrapper\"><p>[vc_section][vc_row][vc_column]\n    <div class=\"heading \"\n         style=\"text-align: left;\">\n                    <div class=\"pre-headline\">Flexible conveyor spirals<\/div>\n                        <h1>Spiral bearing list<\/h1>\n            <\/div>\n\n\n    [\/vc_column][\/vc_row][vc_row][vc_column]\n    <div class=\"bld-position\"\n         style=\" text-align: left;\">\n        <a target=\"_blank\"            href=\"\/en\/flexible-spirals-in-spring-steel\/\" class=\"bld-btn\" style=\"\">\n            Flexible spirals in spring steel        <\/a>\n    <\/div>\n\n    \n    <div class=\"bld-position\"\n         style=\" text-align: left;\">\n        <a target=\"_blank\"            href=\"\/en\/flexible-spirals-in-stainless-steel-1-4301\/\" class=\"bld-btn\" style=\"\">\n            Flexible spirals in stainless steel 1.4301        <\/a>\n    <\/div>\n\n    [\/vc_column][\/vc_row][\/vc_section]<\/p>\n<\/div>","protected":false},"excerpt":{"rendered":"<p>[vc_section][vc_row][vc_column][\/vc_column][\/vc_row][vc_row][vc_column][\/vc_column][\/vc_row][\/vc_section]<\/p>\n","protected":false},"author":1,"featured_media":0,"parent":0,"menu_order":0,"comment_status":"closed","ping_status":"closed","template":"","meta":{"_acf_changed":false,"inline_featured_image":false,"footnotes":""},"class_list":["post-2916","page","type-page","status-publish","hentry"],"acf":[],"yoast_head":"<!-- This site is optimized with the Yoast SEO plugin v27.5 - https:\/\/yoast.com\/product\/yoast-seo-wordpress\/ -->\n<title>Spiral Bearing List for Flexible Conveyor Spirals - Steiner<\/title>\n<meta name=\"robots\" content=\"index, follow, max-snippet:-1, max-image-preview:large, max-video-preview:-1\" \/>\n<link rel=\"canonical\" href=\"https:\/\/steiner-spiralen.de\/en\/spiral-bearing-list-for-flexible-conveyor-spirals\/\" \/>\n<meta property=\"og:locale\" content=\"en_US\" \/>\n<meta property=\"og:type\" content=\"article\" \/>\n<meta property=\"og:title\" content=\"Spiral Bearing List for Flexible Conveyor Spirals - Steiner\" \/>\n<meta property=\"og:description\" content=\"[vc_section][vc_row][vc_column][\/vc_column][\/vc_row][vc_row][vc_column][\/vc_column][\/vc_row][\/vc_section]\" \/>\n<meta property=\"og:url\" content=\"https:\/\/steiner-spiralen.de\/en\/spiral-bearing-list-for-flexible-conveyor-spirals\/\" \/>\n<meta property=\"og:site_name\" content=\"Steiner\" \/>\n<meta property=\"article:modified_time\" content=\"2023-09-26T10:06:30+00:00\" \/>\n<meta name=\"twitter:card\" content=\"summary_large_image\" \/>\n<script type=\"application\/ld+json\" class=\"yoast-schema-graph\">{\"@context\":\"https:\\\/\\\/schema.org\",\"@graph\":[{\"@type\":\"WebPage\",\"@id\":\"https:\\\/\\\/steiner-spiralen.de\\\/en\\\/spiral-bearing-list-for-flexible-conveyor-spirals\\\/\",\"url\":\"https:\\\/\\\/steiner-spiralen.de\\\/en\\\/spiral-bearing-list-for-flexible-conveyor-spirals\\\/\",\"name\":\"Spiral Bearing List for Flexible Conveyor Spirals - Steiner\",\"isPartOf\":{\"@id\":\"https:\\\/\\\/steiner-spiralen.de\\\/#website\"},\"datePublished\":\"2023-07-17T13:55:48+00:00\",\"dateModified\":\"2023-09-26T10:06:30+00:00\",\"breadcrumb\":{\"@id\":\"https:\\\/\\\/steiner-spiralen.de\\\/en\\\/spiral-bearing-list-for-flexible-conveyor-spirals\\\/#breadcrumb\"},\"inLanguage\":\"en-US\",\"potentialAction\":[{\"@type\":\"ReadAction\",\"target\":[\"https:\\\/\\\/steiner-spiralen.de\\\/en\\\/spiral-bearing-list-for-flexible-conveyor-spirals\\\/\"]}]},{\"@type\":\"BreadcrumbList\",\"@id\":\"https:\\\/\\\/steiner-spiralen.de\\\/en\\\/spiral-bearing-list-for-flexible-conveyor-spirals\\\/#breadcrumb\",\"itemListElement\":[{\"@type\":\"ListItem\",\"position\":1,\"name\":\"Startseite\",\"item\":\"https:\\\/\\\/steiner-spiralen.de\\\/en\\\/homepage\\\/\"},{\"@type\":\"ListItem\",\"position\":2,\"name\":\"Spiral Bearing List for Flexible Conveyor Spirals\"}]},{\"@type\":\"WebSite\",\"@id\":\"https:\\\/\\\/steiner-spiralen.de\\\/#website\",\"url\":\"https:\\\/\\\/steiner-spiralen.de\\\/\",\"name\":\"Steiner Spiralen - Ihr Hersteller f\u00fcr F\u00f6rdertechnik und F\u00f6rderschnecken\",\"description\":\"\",\"publisher\":{\"@id\":\"https:\\\/\\\/steiner-spiralen.de\\\/#organization\"},\"potentialAction\":[{\"@type\":\"SearchAction\",\"target\":{\"@type\":\"EntryPoint\",\"urlTemplate\":\"https:\\\/\\\/steiner-spiralen.de\\\/?s={search_term_string}\"},\"query-input\":{\"@type\":\"PropertyValueSpecification\",\"valueRequired\":true,\"valueName\":\"search_term_string\"}}],\"inLanguage\":\"en-US\"},{\"@type\":\"Organization\",\"@id\":\"https:\\\/\\\/steiner-spiralen.de\\\/#organization\",\"name\":\"Steiner GmbH & Co. KG\",\"url\":\"https:\\\/\\\/steiner-spiralen.de\\\/\",\"logo\":{\"@type\":\"ImageObject\",\"inLanguage\":\"en-US\",\"@id\":\"https:\\\/\\\/steiner-spiralen.de\\\/#\\\/schema\\\/logo\\\/image\\\/\",\"url\":\"https:\\\/\\\/steiner-spiralen.de\\\/wp-content\\\/uploads\\\/steiner-logo.svg\",\"contentUrl\":\"https:\\\/\\\/steiner-spiralen.de\\\/wp-content\\\/uploads\\\/steiner-logo.svg\",\"width\":\"1024\",\"height\":\"1024\",\"caption\":\"Steiner GmbH & Co. KG\"},\"image\":{\"@id\":\"https:\\\/\\\/steiner-spiralen.de\\\/#\\\/schema\\\/logo\\\/image\\\/\"}}]}<\/script>\n<!-- \/ Yoast SEO plugin. -->","yoast_head_json":{"title":"Spiral Bearing List for Flexible Conveyor Spirals - Steiner","robots":{"index":"index","follow":"follow","max-snippet":"max-snippet:-1","max-image-preview":"max-image-preview:large","max-video-preview":"max-video-preview:-1"},"canonical":"https:\/\/steiner-spiralen.de\/en\/spiral-bearing-list-for-flexible-conveyor-spirals\/","og_locale":"en_US","og_type":"article","og_title":"Spiral Bearing List for Flexible Conveyor Spirals - Steiner","og_description":"[vc_section][vc_row][vc_column][\/vc_column][\/vc_row][vc_row][vc_column][\/vc_column][\/vc_row][\/vc_section]","og_url":"https:\/\/steiner-spiralen.de\/en\/spiral-bearing-list-for-flexible-conveyor-spirals\/","og_site_name":"Steiner","article_modified_time":"2023-09-26T10:06:30+00:00","twitter_card":"summary_large_image","schema":{"@context":"https:\/\/schema.org","@graph":[{"@type":"WebPage","@id":"https:\/\/steiner-spiralen.de\/en\/spiral-bearing-list-for-flexible-conveyor-spirals\/","url":"https:\/\/steiner-spiralen.de\/en\/spiral-bearing-list-for-flexible-conveyor-spirals\/","name":"Spiral Bearing List for Flexible Conveyor Spirals - Steiner","isPartOf":{"@id":"https:\/\/steiner-spiralen.de\/#website"},"datePublished":"2023-07-17T13:55:48+00:00","dateModified":"2023-09-26T10:06:30+00:00","breadcrumb":{"@id":"https:\/\/steiner-spiralen.de\/en\/spiral-bearing-list-for-flexible-conveyor-spirals\/#breadcrumb"},"inLanguage":"en-US","potentialAction":[{"@type":"ReadAction","target":["https:\/\/steiner-spiralen.de\/en\/spiral-bearing-list-for-flexible-conveyor-spirals\/"]}]},{"@type":"BreadcrumbList","@id":"https:\/\/steiner-spiralen.de\/en\/spiral-bearing-list-for-flexible-conveyor-spirals\/#breadcrumb","itemListElement":[{"@type":"ListItem","position":1,"name":"Startseite","item":"https:\/\/steiner-spiralen.de\/en\/homepage\/"},{"@type":"ListItem","position":2,"name":"Spiral Bearing List for Flexible Conveyor Spirals"}]},{"@type":"WebSite","@id":"https:\/\/steiner-spiralen.de\/#website","url":"https:\/\/steiner-spiralen.de\/","name":"Steiner Spiralen - Ihr Hersteller f\u00fcr F\u00f6rdertechnik und F\u00f6rderschnecken","description":"","publisher":{"@id":"https:\/\/steiner-spiralen.de\/#organization"},"potentialAction":[{"@type":"SearchAction","target":{"@type":"EntryPoint","urlTemplate":"https:\/\/steiner-spiralen.de\/?s={search_term_string}"},"query-input":{"@type":"PropertyValueSpecification","valueRequired":true,"valueName":"search_term_string"}}],"inLanguage":"en-US"},{"@type":"Organization","@id":"https:\/\/steiner-spiralen.de\/#organization","name":"Steiner GmbH & Co. KG","url":"https:\/\/steiner-spiralen.de\/","logo":{"@type":"ImageObject","inLanguage":"en-US","@id":"https:\/\/steiner-spiralen.de\/#\/schema\/logo\/image\/","url":"https:\/\/steiner-spiralen.de\/wp-content\/uploads\/steiner-logo.svg","contentUrl":"https:\/\/steiner-spiralen.de\/wp-content\/uploads\/steiner-logo.svg","width":"1024","height":"1024","caption":"Steiner GmbH & Co. KG"},"image":{"@id":"https:\/\/steiner-spiralen.de\/#\/schema\/logo\/image\/"}}]}},"_links":{"self":[{"href":"https:\/\/steiner-spiralen.de\/en\/wp-json\/wp\/v2\/pages\/2916","targetHints":{"allow":["GET"]}}],"collection":[{"href":"https:\/\/steiner-spiralen.de\/en\/wp-json\/wp\/v2\/pages"}],"about":[{"href":"https:\/\/steiner-spiralen.de\/en\/wp-json\/wp\/v2\/types\/page"}],"author":[{"embeddable":true,"href":"https:\/\/steiner-spiralen.de\/en\/wp-json\/wp\/v2\/users\/1"}],"replies":[{"embeddable":true,"href":"https:\/\/steiner-spiralen.de\/en\/wp-json\/wp\/v2\/comments?post=2916"}],"version-history":[{"count":3,"href":"https:\/\/steiner-spiralen.de\/en\/wp-json\/wp\/v2\/pages\/2916\/revisions"}],"predecessor-version":[{"id":3234,"href":"https:\/\/steiner-spiralen.de\/en\/wp-json\/wp\/v2\/pages\/2916\/revisions\/3234"}],"wp:attachment":[{"href":"https:\/\/steiner-spiralen.de\/en\/wp-json\/wp\/v2\/media?parent=2916"}],"curies":[{"name":"wp","href":"https:\/\/api.w.org\/{rel}","templated":true}]}}