{"id":2883,"date":"2023-05-04T15:33:58","date_gmt":"2023-05-04T13:33:58","guid":{"rendered":"https:\/\/steiner-spiralen.de\/conveyor-belts\/"},"modified":"2023-10-12T15:45:09","modified_gmt":"2023-10-12T13:45:09","slug":"conveyor-belts","status":"publish","type":"page","link":"https:\/\/steiner-spiralen.de\/en\/conveyor-belts\/","title":{"rendered":"Conveyor belts"},"content":{"rendered":"<div class=\"wpb-content-wrapper\"><p>[vc_section][vc_row disable_element=&#8221;yes&#8221;][vc_column]\n    <div class=\"bld-image\">\n        <div class=\"inner-wrapper \">\n            <img decoding=\"async\" src=\"https:\/\/steiner-spiralen.de\/wp-content\/uploads\/Foerderband-Foerdertechnik-Spiralfoerderer-Schneckenfoerderer-Shredderaustragung_1.jpg\">\n        <\/div>\n            <\/div>\n\n    [\/vc_column][\/vc_row][vc_row][vc_column]\n    <div class=\"bld-image\">\n        <div class=\"inner-wrapper \">\n            <img decoding=\"async\" src=\"https:\/\/steiner-spiralen.de\/wp-content\/uploads\/foerderband.jpg\">\n        <\/div>\n            <\/div>\n\n    [\/vc_column][\/vc_row][vc_row][vc_column]\n    <div class=\"bld-position\"\n         style=\" text-align: left;\">\n        <a target=\"_blank\"            href=\"\/en\/general-technical-questionnaire\/\" class=\"bld-btn\" style=\"\">\n            Request a conveyor belt        <\/a>\n    <\/div>\n\n    [vc_column_text]<strong>Versatile solutions for your material handling<\/strong><\/p>\n<p>Our conveyor belts are an impressive addition to our product range. They are characterized by their robustness, durability and ease of use. Whether you need to convey food, metals, wood or other products, we design custom conveyor belts that are perfectly matched to your individual requirements. We understand that every material transport is unique, and that is exactly why we offer you the perfect solution.<\/p>\n<p>&nbsp;<\/p>\n<p><strong>Efficiency and reliability in one<\/strong><\/p>\n<p>Our conveyors are equipped with our high quality technology, which guarantees you efficient and reliable material conveying. We know how important it is that your funding tasks run smoothly, and that&#8217;s exactly what we focus on. With our conveyor belts, you can be sure that your material will get from A to B safely and efficiently.<\/p>\n<p>&nbsp;<\/p>\n<p><strong>Your individual solution<\/strong><\/p>\n<p>Our experts are available to understand your exact requirements and develop the perfect conveyor belt system for you. We take into account not only the type of material, but also factors such as conveying distance, speed and environmental conditions. Your satisfaction is our goal, and that&#8217;s why we work hard to provide you with the best possible solution.<\/p>\n<p>&nbsp;<\/p>\n<p><strong>Your trusted partner<\/strong><\/p>\n<p>With Steiner spirals, you have a partner you can trust at your side. Our years of experience in the material handling industry and our commitment to quality make us the optimal choice for your projects. We pride ourselves on delivering solutions that exceed your expectations.<\/p>\n<p>&nbsp;<\/p>\n<p><strong>Ready for the next level of material handling?<\/strong><\/p>\n<p>Contact us to learn more about our innovative conveyor belt systems and their seamless integration into our proven spiral conveyor systems. Together, we will find the ideal solution to take your material handling to a new level. We look forward to hearing from you and making your vision a reality.[\/vc_column_text][\/vc_column][\/vc_row][\/vc_section][vc_row][vc_column]\n    <div class=\"image-slider-wrapper\" id=\"593330856\">\n        <div class=\"image-slider\" data-featherlight-gallery\n             data-featherlight-filter=\"a\">\n                            <div class=\"slider-item\" style=\"width: 100%;\">\n                    <a href=\"https:\/\/steiner-spiralen.de\/wp-content\/uploads\/Foerderband-Foerdertechnik-Spiralfoerderer-Schneckenfoerderer-Shredderaustragung-5-scaled.jpg\">\n                        <img decoding=\"async\" src=\"https:\/\/steiner-spiralen.de\/wp-content\/uploads\/Foerderband-Foerdertechnik-Spiralfoerderer-Schneckenfoerderer-Shredderaustragung-5-scaled.jpg\">\n                    <\/a>\n                <\/div>\n                            <div class=\"slider-item\" style=\"width: 100%;\">\n                    <a href=\"https:\/\/steiner-spiralen.de\/wp-content\/uploads\/Foerderband-Foerdertechnik-Spiralfoerderer-Schneckenfoerderer-Shredderaustragung_1.jpg\">\n                        <img decoding=\"async\" src=\"https:\/\/steiner-spiralen.de\/wp-content\/uploads\/Foerderband-Foerdertechnik-Spiralfoerderer-Schneckenfoerderer-Shredderaustragung_1.jpg\">\n                    <\/a>\n                <\/div>\n                            <div class=\"slider-item\" style=\"width: 100%;\">\n                    <a href=\"https:\/\/steiner-spiralen.de\/wp-content\/uploads\/Foerderband-Foerdertechnik-Spiralfoerderer-Schneckenfoerderer-Shredderaustragung-6-scaled.jpg\">\n                        <img decoding=\"async\" src=\"https:\/\/steiner-spiralen.de\/wp-content\/uploads\/Foerderband-Foerdertechnik-Spiralfoerderer-Schneckenfoerderer-Shredderaustragung-6-scaled.jpg\">\n                    <\/a>\n                <\/div>\n                            <div class=\"slider-item\" style=\"width: 100%;\">\n                    <a href=\"https:\/\/steiner-spiralen.de\/wp-content\/uploads\/Foerderband-Foerdertechnik-Spiralfoerderer-Schneckenfoerderer-Shredderaustragung_2-scaled.jpg\">\n                        <img decoding=\"async\" src=\"https:\/\/steiner-spiralen.de\/wp-content\/uploads\/Foerderband-Foerdertechnik-Spiralfoerderer-Schneckenfoerderer-Shredderaustragung_2-scaled.jpg\">\n                    <\/a>\n                <\/div>\n                    <\/div>\n        <div class=\"image-slider-dots\">\n            <div class=\"prev\">\n                <svg class=\"normal\" width=\"68\" height=\"68\" viewBox=\"0 0 68 68\" fill=\"none\"\n                     xmlns=\"http:\/\/www.w3.org\/2000\/svg\">\n                    <rect x=\"68\" y=\"68\" width=\"68\" height=\"68\" transform=\"rotate(-180 68 68)\" fill=\"#3A3A3A\"\n                          fill-opacity=\"0.3\"\/>\n                    <path d=\"M35 39L29.9 33.9L35 28.8\" stroke=\"#ffffff\" stroke-width=\"1.5\"\/>\n                <\/svg>\n                <svg class=\"hover\" width=\"68\" height=\"68\" viewBox=\"0 0 68 68\" fill=\"none\"\n                     xmlns=\"http:\/\/www.w3.org\/2000\/svg\">\n                    <rect x=\"68\" y=\"68\" width=\"68\" height=\"68\" transform=\"rotate(-180 68 68)\" fill=\"#3A3A3A\"\n                          fill-opacity=\"1\"\/>\n                    <path d=\"M35 39L29.9 33.9L35 28.8\" stroke=\"#fff\" stroke-width=\"1.5\"\/>\n                <\/svg>\n            <\/div>\n            <div class=\"next\">\n                <svg class=\"normal\" width=\"68\" height=\"68\" viewBox=\"0 0 68 68\" fill=\"none\"\n                     xmlns=\"http:\/\/www.w3.org\/2000\/svg\">\n                    <rect width=\"68\" height=\"68\" fill=\"#3A3A3A\" fill-opacity=\"0.3\"\/>\n                    <path d=\"M33 29L38.1 34.1L33 39.2\" stroke=\"#ffffff\" stroke-width=\"1.5\"\/>\n                <\/svg>\n                <svg class=\"hover\" width=\"68\" height=\"68\" viewBox=\"0 0 68 68\" fill=\"none\"\n                     xmlns=\"http:\/\/www.w3.org\/2000\/svg\">\n                    <rect width=\"68\" height=\"68\" fill=\"#3A3A3A\"\/>\n                    <path d=\"M33 29L38.1 34.1L33 39.2\" stroke=\"white\" stroke-width=\"1.5\"\/>\n                <\/svg>\n            <\/div>\n        <\/div>\n    <\/div>\n\n    <script>\n        \/\/ Initialize kunden slick slider\n        jQuery(document).ready(function ($) {\n            \/\/ Check if already loaded\/initialized\n            $('#593330856 .image-slider').slick({\n                arrows: true,\n                slidesToShow: 3,\n                slidesToScroll: 3,\n                prevArrow: $('#593330856 .image-slider-dots .prev'),\n                nextArrow: $('#593330856 .image-slider-dots .next'),\n                infinite: true,\n                autoplay: true,\n                autoplaySpeed: 3000,\n                responsive: [\n                    {\n                        breakpoint: 780,\n                        settings: {\n                            slidesToShow: 2,\n                            slidesToScroll: 2,\n                        }\n                    },\n                    {\n                        breakpoint: 460,\n                        settings: {\n                            slidesToShow: 1,\n                            slidesToScroll: 1,\n                        }\n                    },\n                ]\n            });\n        });\n    <\/script>\n\n\n    [\/vc_column][\/vc_row]<\/p>\n<\/div>","protected":false},"excerpt":{"rendered":"<p>[vc_section][vc_row disable_element=&#8221;yes&#8221;][vc_column][\/vc_column][\/vc_row][vc_row][vc_column][\/vc_column][\/vc_row][vc_row][vc_column][vc_column_text]Versatile solutions for your material handling Our conveyor belts are an impressive addition to our product range. They are characterized by their robustness, durability and ease of use. Whether you need to convey food, metals, wood or other products, we design custom conveyor belts that are perfectly matched to your individual requirements. We understand &hellip; <\/p>\n<p class=\"link-more\"><a href=\"https:\/\/steiner-spiralen.de\/en\/conveyor-belts\/\" class=\"more-link\">Continue reading<span class=\"screen-reader-text\"> &#8220;Conveyor belts&#8221;<\/span><\/a><\/p>\n","protected":false},"author":1,"featured_media":2536,"parent":0,"menu_order":0,"comment_status":"closed","ping_status":"closed","template":"","meta":{"_acf_changed":false,"inline_featured_image":false,"footnotes":""},"class_list":["post-2883","page","type-page","status-publish","has-post-thumbnail","hentry"],"acf":[],"yoast_head":"<!-- This site is optimized with the Yoast SEO plugin v27.5 - https:\/\/yoast.com\/product\/yoast-seo-wordpress\/ -->\n<title>Conveyor belts - Steiner<\/title>\n<meta name=\"robots\" content=\"index, follow, max-snippet:-1, max-image-preview:large, max-video-preview:-1\" \/>\n<link rel=\"canonical\" href=\"https:\/\/steiner-spiralen.de\/en\/conveyor-belts\/\" \/>\n<meta property=\"og:locale\" content=\"en_US\" \/>\n<meta property=\"og:type\" content=\"article\" \/>\n<meta property=\"og:title\" content=\"Conveyor belts - Steiner\" \/>\n<meta property=\"og:description\" content=\"[vc_section][vc_row disable_element=&#8221;yes&#8221;][vc_column][\/vc_column][\/vc_row][vc_row][vc_column][\/vc_column][\/vc_row][vc_row][vc_column][vc_column_text]Versatile solutions for your material handling Our conveyor belts are an impressive addition to our product range. They are characterized by their robustness, durability and ease of use. Whether you need to convey food, metals, wood or other products, we design custom conveyor belts that are perfectly matched to your individual requirements. We understand &hellip; Continue reading &quot;Conveyor belts&quot;\" \/>\n<meta property=\"og:url\" content=\"https:\/\/steiner-spiralen.de\/en\/conveyor-belts\/\" \/>\n<meta property=\"og:site_name\" content=\"Steiner\" \/>\n<meta property=\"article:modified_time\" content=\"2023-10-12T13:45:09+00:00\" \/>\n<meta property=\"og:image\" content=\"https:\/\/steiner-spiralen.de\/wp-content\/uploads\/foerderbaender.png\" \/>\n\t<meta property=\"og:image:width\" content=\"1900\" \/>\n\t<meta property=\"og:image:height\" content=\"395\" \/>\n\t<meta property=\"og:image:type\" content=\"image\/png\" \/>\n<meta name=\"twitter:card\" content=\"summary_large_image\" \/>\n<meta name=\"twitter:label1\" content=\"Est. reading time\" \/>\n\t<meta name=\"twitter:data1\" content=\"2 minutes\" \/>\n<script type=\"application\/ld+json\" class=\"yoast-schema-graph\">{\"@context\":\"https:\\\/\\\/schema.org\",\"@graph\":[{\"@type\":\"WebPage\",\"@id\":\"https:\\\/\\\/steiner-spiralen.de\\\/en\\\/conveyor-belts\\\/\",\"url\":\"https:\\\/\\\/steiner-spiralen.de\\\/en\\\/conveyor-belts\\\/\",\"name\":\"Conveyor belts - Steiner\",\"isPartOf\":{\"@id\":\"https:\\\/\\\/steiner-spiralen.de\\\/#website\"},\"primaryImageOfPage\":{\"@id\":\"https:\\\/\\\/steiner-spiralen.de\\\/en\\\/conveyor-belts\\\/#primaryimage\"},\"image\":{\"@id\":\"https:\\\/\\\/steiner-spiralen.de\\\/en\\\/conveyor-belts\\\/#primaryimage\"},\"thumbnailUrl\":\"https:\\\/\\\/steiner-spiralen.de\\\/wp-content\\\/uploads\\\/foerderbaender.png\",\"datePublished\":\"2023-05-04T13:33:58+00:00\",\"dateModified\":\"2023-10-12T13:45:09+00:00\",\"breadcrumb\":{\"@id\":\"https:\\\/\\\/steiner-spiralen.de\\\/en\\\/conveyor-belts\\\/#breadcrumb\"},\"inLanguage\":\"en-US\",\"potentialAction\":[{\"@type\":\"ReadAction\",\"target\":[\"https:\\\/\\\/steiner-spiralen.de\\\/en\\\/conveyor-belts\\\/\"]}]},{\"@type\":\"ImageObject\",\"inLanguage\":\"en-US\",\"@id\":\"https:\\\/\\\/steiner-spiralen.de\\\/en\\\/conveyor-belts\\\/#primaryimage\",\"url\":\"https:\\\/\\\/steiner-spiralen.de\\\/wp-content\\\/uploads\\\/foerderbaender.png\",\"contentUrl\":\"https:\\\/\\\/steiner-spiralen.de\\\/wp-content\\\/uploads\\\/foerderbaender.png\",\"width\":1900,\"height\":395},{\"@type\":\"BreadcrumbList\",\"@id\":\"https:\\\/\\\/steiner-spiralen.de\\\/en\\\/conveyor-belts\\\/#breadcrumb\",\"itemListElement\":[{\"@type\":\"ListItem\",\"position\":1,\"name\":\"Startseite\",\"item\":\"https:\\\/\\\/steiner-spiralen.de\\\/en\\\/homepage\\\/\"},{\"@type\":\"ListItem\",\"position\":2,\"name\":\"Conveyor belts\"}]},{\"@type\":\"WebSite\",\"@id\":\"https:\\\/\\\/steiner-spiralen.de\\\/#website\",\"url\":\"https:\\\/\\\/steiner-spiralen.de\\\/\",\"name\":\"Steiner Spiralen - Ihr Hersteller f\u00fcr F\u00f6rdertechnik und F\u00f6rderschnecken\",\"description\":\"\",\"publisher\":{\"@id\":\"https:\\\/\\\/steiner-spiralen.de\\\/#organization\"},\"potentialAction\":[{\"@type\":\"SearchAction\",\"target\":{\"@type\":\"EntryPoint\",\"urlTemplate\":\"https:\\\/\\\/steiner-spiralen.de\\\/?s={search_term_string}\"},\"query-input\":{\"@type\":\"PropertyValueSpecification\",\"valueRequired\":true,\"valueName\":\"search_term_string\"}}],\"inLanguage\":\"en-US\"},{\"@type\":\"Organization\",\"@id\":\"https:\\\/\\\/steiner-spiralen.de\\\/#organization\",\"name\":\"Steiner GmbH & Co. KG\",\"url\":\"https:\\\/\\\/steiner-spiralen.de\\\/\",\"logo\":{\"@type\":\"ImageObject\",\"inLanguage\":\"en-US\",\"@id\":\"https:\\\/\\\/steiner-spiralen.de\\\/#\\\/schema\\\/logo\\\/image\\\/\",\"url\":\"https:\\\/\\\/steiner-spiralen.de\\\/wp-content\\\/uploads\\\/steiner-logo.svg\",\"contentUrl\":\"https:\\\/\\\/steiner-spiralen.de\\\/wp-content\\\/uploads\\\/steiner-logo.svg\",\"width\":\"1024\",\"height\":\"1024\",\"caption\":\"Steiner GmbH & Co. KG\"},\"image\":{\"@id\":\"https:\\\/\\\/steiner-spiralen.de\\\/#\\\/schema\\\/logo\\\/image\\\/\"}}]}<\/script>\n<!-- \/ Yoast SEO plugin. -->","yoast_head_json":{"title":"Conveyor belts - Steiner","robots":{"index":"index","follow":"follow","max-snippet":"max-snippet:-1","max-image-preview":"max-image-preview:large","max-video-preview":"max-video-preview:-1"},"canonical":"https:\/\/steiner-spiralen.de\/en\/conveyor-belts\/","og_locale":"en_US","og_type":"article","og_title":"Conveyor belts - Steiner","og_description":"[vc_section][vc_row disable_element=&#8221;yes&#8221;][vc_column][\/vc_column][\/vc_row][vc_row][vc_column][\/vc_column][\/vc_row][vc_row][vc_column][vc_column_text]Versatile solutions for your material handling Our conveyor belts are an impressive addition to our product range. They are characterized by their robustness, durability and ease of use. Whether you need to convey food, metals, wood or other products, we design custom conveyor belts that are perfectly matched to your individual requirements. We understand &hellip; Continue reading \"Conveyor belts\"","og_url":"https:\/\/steiner-spiralen.de\/en\/conveyor-belts\/","og_site_name":"Steiner","article_modified_time":"2023-10-12T13:45:09+00:00","og_image":[{"width":1900,"height":395,"url":"https:\/\/steiner-spiralen.de\/wp-content\/uploads\/foerderbaender.png","type":"image\/png"}],"twitter_card":"summary_large_image","twitter_misc":{"Est. reading time":"2 minutes"},"schema":{"@context":"https:\/\/schema.org","@graph":[{"@type":"WebPage","@id":"https:\/\/steiner-spiralen.de\/en\/conveyor-belts\/","url":"https:\/\/steiner-spiralen.de\/en\/conveyor-belts\/","name":"Conveyor belts - Steiner","isPartOf":{"@id":"https:\/\/steiner-spiralen.de\/#website"},"primaryImageOfPage":{"@id":"https:\/\/steiner-spiralen.de\/en\/conveyor-belts\/#primaryimage"},"image":{"@id":"https:\/\/steiner-spiralen.de\/en\/conveyor-belts\/#primaryimage"},"thumbnailUrl":"https:\/\/steiner-spiralen.de\/wp-content\/uploads\/foerderbaender.png","datePublished":"2023-05-04T13:33:58+00:00","dateModified":"2023-10-12T13:45:09+00:00","breadcrumb":{"@id":"https:\/\/steiner-spiralen.de\/en\/conveyor-belts\/#breadcrumb"},"inLanguage":"en-US","potentialAction":[{"@type":"ReadAction","target":["https:\/\/steiner-spiralen.de\/en\/conveyor-belts\/"]}]},{"@type":"ImageObject","inLanguage":"en-US","@id":"https:\/\/steiner-spiralen.de\/en\/conveyor-belts\/#primaryimage","url":"https:\/\/steiner-spiralen.de\/wp-content\/uploads\/foerderbaender.png","contentUrl":"https:\/\/steiner-spiralen.de\/wp-content\/uploads\/foerderbaender.png","width":1900,"height":395},{"@type":"BreadcrumbList","@id":"https:\/\/steiner-spiralen.de\/en\/conveyor-belts\/#breadcrumb","itemListElement":[{"@type":"ListItem","position":1,"name":"Startseite","item":"https:\/\/steiner-spiralen.de\/en\/homepage\/"},{"@type":"ListItem","position":2,"name":"Conveyor belts"}]},{"@type":"WebSite","@id":"https:\/\/steiner-spiralen.de\/#website","url":"https:\/\/steiner-spiralen.de\/","name":"Steiner Spiralen - Ihr Hersteller f\u00fcr F\u00f6rdertechnik und F\u00f6rderschnecken","description":"","publisher":{"@id":"https:\/\/steiner-spiralen.de\/#organization"},"potentialAction":[{"@type":"SearchAction","target":{"@type":"EntryPoint","urlTemplate":"https:\/\/steiner-spiralen.de\/?s={search_term_string}"},"query-input":{"@type":"PropertyValueSpecification","valueRequired":true,"valueName":"search_term_string"}}],"inLanguage":"en-US"},{"@type":"Organization","@id":"https:\/\/steiner-spiralen.de\/#organization","name":"Steiner GmbH & Co. KG","url":"https:\/\/steiner-spiralen.de\/","logo":{"@type":"ImageObject","inLanguage":"en-US","@id":"https:\/\/steiner-spiralen.de\/#\/schema\/logo\/image\/","url":"https:\/\/steiner-spiralen.de\/wp-content\/uploads\/steiner-logo.svg","contentUrl":"https:\/\/steiner-spiralen.de\/wp-content\/uploads\/steiner-logo.svg","width":"1024","height":"1024","caption":"Steiner GmbH & Co. KG"},"image":{"@id":"https:\/\/steiner-spiralen.de\/#\/schema\/logo\/image\/"}}]}},"_links":{"self":[{"href":"https:\/\/steiner-spiralen.de\/en\/wp-json\/wp\/v2\/pages\/2883","targetHints":{"allow":["GET"]}}],"collection":[{"href":"https:\/\/steiner-spiralen.de\/en\/wp-json\/wp\/v2\/pages"}],"about":[{"href":"https:\/\/steiner-spiralen.de\/en\/wp-json\/wp\/v2\/types\/page"}],"author":[{"embeddable":true,"href":"https:\/\/steiner-spiralen.de\/en\/wp-json\/wp\/v2\/users\/1"}],"replies":[{"embeddable":true,"href":"https:\/\/steiner-spiralen.de\/en\/wp-json\/wp\/v2\/comments?post=2883"}],"version-history":[{"count":6,"href":"https:\/\/steiner-spiralen.de\/en\/wp-json\/wp\/v2\/pages\/2883\/revisions"}],"predecessor-version":[{"id":3371,"href":"https:\/\/steiner-spiralen.de\/en\/wp-json\/wp\/v2\/pages\/2883\/revisions\/3371"}],"wp:featuredmedia":[{"embeddable":true,"href":"https:\/\/steiner-spiralen.de\/en\/wp-json\/wp\/v2\/media\/2536"}],"wp:attachment":[{"href":"https:\/\/steiner-spiralen.de\/en\/wp-json\/wp\/v2\/media?parent=2883"}],"curies":[{"name":"wp","href":"https:\/\/api.w.org\/{rel}","templated":true}]}}