{"id":2877,"date":"2023-05-23T14:19:28","date_gmt":"2023-05-23T12:19:28","guid":{"rendered":"https:\/\/steiner-spiralen.de\/questionnaire-shredder-discharge\/"},"modified":"2023-09-21T12:59:52","modified_gmt":"2023-09-21T10:59:52","slug":"questionnaire-shredder-discharge","status":"publish","type":"page","link":"https:\/\/steiner-spiralen.de\/en\/questionnaire-shredder-discharge\/","title":{"rendered":"Questionnaire shredder discharge"},"content":{"rendered":"<div class=\"wpb-content-wrapper\"><p>[vc_section][vc_row][vc_column]\n    <div class=\"heading \"\n         style=\"text-align: left;\">\n                    <div class=\"pre-headline\">Anfrage<\/div>\n                        <h1>Shredder discharge<\/h1>\n            <\/div>\n\n\n    [\/vc_column][\/vc_row][vc_row][vc_column]<div class=\"wpforms-container wpforms-render-modern\" id=\"wpforms-752\"><form id=\"wpforms-form-752\" class=\"wpforms-validate wpforms-form wpforms-ajax-form\" data-formid=\"752\" method=\"post\" enctype=\"multipart\/form-data\" action=\"\/en\/wp-json\/wp\/v2\/pages\/2877?wpforms_form_id=752\" data-token=\"587d7f87366df3ddb323664885bcb18b\" data-token-time=\"1777627681\"><noscript class=\"wpforms-error-noscript\">Please enable JavaScript in your browser to complete this form.<\/noscript><div id=\"wpforms-error-noscript\" style=\"display: none;\">Please enable JavaScript in your browser to complete this form.<\/div><div class=\"wpforms-field-container\"><div id=\"wpforms-752-field_1-container\" class=\"wpforms-field wpforms-field-layout\" data-field-id=\"1\"><div class=\"wpforms-field-layout-columns wpforms-field-layout-preset-33-33-33\"><div class=\"wpforms-layout-column wpforms-layout-column-33\" ><div id=\"wpforms-752-field_2-container\" class=\"wpforms-field wpforms-field-text\" data-field-id=\"2\"><label class=\"wpforms-field-label\" for=\"wpforms-752-field_2\">Company<\/label><input type=\"text\" id=\"wpforms-752-field_2\" class=\"wpforms-field-medium\" name=\"wpforms[fields][2]\" aria-errormessage=\"wpforms-752-field_2-error\" ><\/div><\/div><div class=\"wpforms-layout-column wpforms-layout-column-33\" ><div id=\"wpforms-752-field_3-container\" class=\"wpforms-field wpforms-field-text\" data-field-id=\"3\"><label class=\"wpforms-field-label\" for=\"wpforms-752-field_3\">Contact <span class=\"wpforms-required-label\" aria-hidden=\"true\">*<\/span><\/label><input type=\"text\" id=\"wpforms-752-field_3\" class=\"wpforms-field-medium wpforms-field-required\" name=\"wpforms[fields][3]\" aria-errormessage=\"wpforms-752-field_3-error\" required><\/div><\/div><div class=\"wpforms-layout-column wpforms-layout-column-33\" ><div id=\"wpforms-752-field_49-container\" class=\"wpforms-field wpforms-field-text\" data-field-id=\"49\"><label class=\"wpforms-field-label\" for=\"wpforms-752-field_49\">Street <span class=\"wpforms-required-label\" aria-hidden=\"true\">*<\/span><\/label><input type=\"text\" id=\"wpforms-752-field_49\" class=\"wpforms-field-medium wpforms-field-required\" name=\"wpforms[fields][49]\" aria-errormessage=\"wpforms-752-field_49-error\" required><\/div><\/div><\/div><\/div><div id=\"wpforms-752-field_87-container\" class=\"wpforms-field wpforms-field-layout\" data-field-id=\"87\"><div class=\"wpforms-field-layout-columns wpforms-field-layout-preset-50-50\"><div class=\"wpforms-layout-column wpforms-layout-column-50\" ><div id=\"wpforms-752-field_6-container\" class=\"wpforms-field wpforms-field-text\" data-field-id=\"6\"><label class=\"wpforms-field-label\" for=\"wpforms-752-field_6\">Zip code \/ Place <span class=\"wpforms-required-label\" aria-hidden=\"true\">*<\/span><\/label><input type=\"text\" id=\"wpforms-752-field_6\" class=\"wpforms-field-medium wpforms-field-required\" name=\"wpforms[fields][6]\" aria-errormessage=\"wpforms-752-field_6-error\" required><\/div><\/div><div class=\"wpforms-layout-column wpforms-layout-column-50\" ><div id=\"wpforms-752-field_8-container\" class=\"wpforms-field wpforms-field-phone\" data-field-id=\"8\"><label class=\"wpforms-field-label\" for=\"wpforms-752-field_8\">Phone <span class=\"wpforms-required-label\" aria-hidden=\"true\">*<\/span><\/label><input type=\"tel\" id=\"wpforms-752-field_8\" class=\"wpforms-field-medium wpforms-field-required wpforms-smart-phone-field\" data-rule-smart-phone-field=\"true\" name=\"wpforms[fields][8]\" aria-label=\"Phone\" aria-errormessage=\"wpforms-752-field_8-error\" required><\/div><\/div><\/div><\/div><div id=\"wpforms-752-field_11-container\" class=\"wpforms-field wpforms-field-email\" data-field-id=\"11\"><label class=\"wpforms-field-label\" for=\"wpforms-752-field_11\">E-mail <span class=\"wpforms-required-label\" aria-hidden=\"true\">*<\/span><\/label><input type=\"email\" id=\"wpforms-752-field_11\" class=\"wpforms-field-large wpforms-field-required\" name=\"wpforms[fields][11]\" spellcheck=\"false\" aria-errormessage=\"wpforms-752-field_11-error\" required><\/div><div id=\"wpforms-752-field_74-container\" class=\"wpforms-field wpforms-field-html\" data-field-id=\"74\"><div id=\"wpforms-752-field_74\" aria-errormessage=\"wpforms-752-field_74-error\"><h3 class=\"headline-form\">Shredder details<\/h3><\/div><\/div><div id=\"wpforms-752-field_75-container\" class=\"wpforms-field wpforms-field-text\" data-field-id=\"75\"><label class=\"wpforms-field-label\" for=\"wpforms-752-field_75\">Make \/ Type<\/label><input type=\"text\" id=\"wpforms-752-field_75\" class=\"wpforms-field-medium\" name=\"wpforms[fields][75]\" aria-errormessage=\"wpforms-752-field_75-error\" ><\/div><div id=\"wpforms-752-field_76-container\" class=\"wpforms-field wpforms-field-layout\" data-field-id=\"76\"><div class=\"wpforms-field-layout-columns wpforms-field-layout-preset-50-50\"><div class=\"wpforms-layout-column wpforms-layout-column-50\" ><div id=\"wpforms-752-field_77-container\" class=\"wpforms-field wpforms-field-text\" data-field-id=\"77\"><label class=\"wpforms-field-label\" for=\"wpforms-752-field_77\">Sieve size<\/label><input type=\"text\" id=\"wpforms-752-field_77\" class=\"wpforms-field-medium\" name=\"wpforms[fields][77]\" aria-errormessage=\"wpforms-752-field_77-error\" ><\/div><\/div><div class=\"wpforms-layout-column wpforms-layout-column-50\" ><div id=\"wpforms-752-field_78-container\" class=\"wpforms-field wpforms-field-text\" data-field-id=\"78\"><label class=\"wpforms-field-label\" for=\"wpforms-752-field_78\">Year of manufacture<\/label><input type=\"text\" id=\"wpforms-752-field_78\" class=\"wpforms-field-medium\" name=\"wpforms[fields][78]\" aria-errormessage=\"wpforms-752-field_78-error\" ><\/div><\/div><\/div><\/div><div id=\"wpforms-752-field_79-container\" class=\"wpforms-field wpforms-field-layout\" data-field-id=\"79\"><div class=\"wpforms-field-layout-columns wpforms-field-layout-preset-50-50\"><div class=\"wpforms-layout-column wpforms-layout-column-50\" ><div id=\"wpforms-752-field_80-container\" class=\"wpforms-field wpforms-field-text\" data-field-id=\"80\"><label class=\"wpforms-field-label\" for=\"wpforms-752-field_80\">Shredder capacity m3\/ h<\/label><input type=\"text\" id=\"wpforms-752-field_80\" class=\"wpforms-field-medium\" name=\"wpforms[fields][80]\" aria-errormessage=\"wpforms-752-field_80-error\" ><\/div><\/div><div class=\"wpforms-layout-column wpforms-layout-column-50\" ><div id=\"wpforms-752-field_81-container\" class=\"wpforms-field wpforms-field-text\" data-field-id=\"81\"><label class=\"wpforms-field-label\" for=\"wpforms-752-field_81\">Shredding time per day<\/label><input type=\"text\" id=\"wpforms-752-field_81\" class=\"wpforms-field-medium\" name=\"wpforms[fields][81]\" aria-errormessage=\"wpforms-752-field_81-error\" ><\/div><\/div><\/div><\/div><div id=\"wpforms-752-field_82-container\" class=\"wpforms-field wpforms-field-text\" data-field-id=\"82\"><label class=\"wpforms-field-label\" for=\"wpforms-752-field_82\">Shredded material \/ Conveyor material<\/label><input type=\"text\" id=\"wpforms-752-field_82\" class=\"wpforms-field-medium\" name=\"wpforms[fields][82]\" aria-errormessage=\"wpforms-752-field_82-error\" ><\/div><div id=\"wpforms-752-field_83-container\" class=\"wpforms-field wpforms-field-select wpforms-field-select-style-classic\" data-field-id=\"83\"><label class=\"wpforms-field-label\" for=\"wpforms-752-field_83\">Integrated FE parts separator desired<\/label><select id=\"wpforms-752-field_83\" class=\"wpforms-field-large\" name=\"wpforms[fields][83]\"><option value=\"\" class=\"placeholder\" disabled  selected='selected'>Select<\/option><option value=\"yes\"  class=\"choice-1 depth-1\"  >yes<\/option><option value=\"no\"  class=\"choice-2 depth-1\"  >no<\/option><\/select><\/div><div id=\"wpforms-752-field_86-container\" class=\"wpforms-field wpforms-field-textarea\" data-field-id=\"86\"><label class=\"wpforms-field-label\" for=\"wpforms-752-field_86\">Message<\/label><textarea id=\"wpforms-752-field_86\" class=\"wpforms-field-medium\" name=\"wpforms[fields][86]\" aria-errormessage=\"wpforms-752-field_86-error\" ><\/textarea><\/div><div id=\"wpforms-752-field_84-container\" class=\"wpforms-field wpforms-field-file-upload\" data-field-id=\"84\"><label class=\"wpforms-field-label\" for=\"wpforms-752-field_84\">Please upload existing sketches, drawings, DWG or PDF files here. This makes it easier for us to prepare the offer.<\/label><div\n\t\tclass=\"wpforms-uploader \"\n\t\tdata-field-id=\"84\"\n\t\tdata-form-id=\"752\"\n\t\tdata-input-name=\"wpforms_752_84\"\n\t\tdata-extensions=\"jpg,jpeg,jpe,gif,png,bmp,tiff,tif,webp,avif,ico,heic,heif,heics,heifs,asf,asx,wmv,wmx,wm,avi,divx,mov,qt,mpeg,mpg,mpe,mp4,m4v,ogv,webm,mkv,3gp,3gpp,3g2,3gp2,txt,asc,c,cc,h,srt,csv,tsv,ics,rtx,css,vtt,mp3,m4a,m4b,aac,ra,ram,wav,x-wav,ogg,oga,flac,mid,midi,wma,wax,mka,rtf,pdf,class,tar,zip,gz,gzip,rar,7z,psd,xcf,doc,pot,pps,ppt,wri,xla,xls,xlt,xlw,mpp,docx,docm,dotx,dotm,xlsx,xlsm,xlsb,xltx,xltm,xlam,pptx,pptm,ppsx,ppsm,potx,potm,ppam,sldx,sldm,onetoc,onetoc2,onepkg,oxps,xps,odt,odp,ods,odg,odc,odb,odf,wp,wpd,key,numbers,pages,svg\"\n\t\tdata-max-size=\"134217728\"\n\t\tdata-max-file-number=\"10\"\n\t\tdata-post-max-size=\"134217728\"\n\t\tdata-max-parallel-uploads=\"4\"\n\t\tdata-parallel-uploads=\"true\"\n\t\tdata-file-chunk-size=\"2097152\">\n\t<div class=\"dz-message\">\n\t\t<svg  viewBox=\"0 0 640 640\" focusable=\"false\" data-icon=\"inbox\" width=\"50px\" height=\"50px\" fill=\"currentColor\" aria-hidden=\"true\">\n\t\t\t<path d=\"M352 173.3L352 384C352 401.7 337.7 416 320 416C302.3 416 288 401.7 288 384L288 173.3L246.6 214.7C234.1 227.2 213.8 227.2 201.3 214.7C188.8 202.2 188.8 181.9 201.3 169.4L297.3 73.4C309.8 60.9 330.1 60.9 342.6 73.4L438.6 169.4C451.1 181.9 451.1 202.2 438.6 214.7C426.1 227.2 405.8 227.2 393.3 214.7L352 173.3zM320 464C364.2 464 400 428.2 400 384L480 384C515.3 384 544 412.7 544 448L544 480C544 515.3 515.3 544 480 544L160 544C124.7 544 96 515.3 96 480L96 448C96 412.7 124.7 384 160 384L240 384C240 428.2 275.8 464 320 464zM464 488C477.3 488 488 477.3 488 464C488 450.7 477.3 440 464 440C450.7 440 440 450.7 440 464C440 477.3 450.7 488 464 488z\"\/>\n\t\t<\/svg>\n\n\t\t<span class=\"modern-title\">\n\t\t\t\t\t\t\tDrag &amp; Drop Files, \t\t\t\t<span>Choose Files to Upload<\/span>\n\t\t\t\t\t<\/span>\n\n\t\t\t\t\t<span class=\"modern-hint\">You can upload up to 10 files.<\/span>\n\t\t\t<\/div>\n<\/div>\n\n<input\n\t\ttype=\"text\"\n\t\tautocomplete=\"off\"\n\t\treadonly\n\t\tclass=\"dropzone-input\"\n\t\tstyle=\"position:absolute!important;clip:rect(0,0,0,0)!important;height:1px!important;width:1px!important;border:0!important;overflow:hidden!important;padding:0!important;margin:0!important;\"\n\t\tid=\"wpforms-752-field_84\"\n\t\tname=\"wpforms_752_84\" \t\tvalue=\"\">\n<\/div><div id=\"wpforms-752-field_88-container\" class=\"wpforms-field wpforms-field-gdpr-checkbox\" data-field-id=\"88\"><label class=\"wpforms-field-label wpforms-label-hide\" aria-hidden=\"false\">DSGVO-Einverst\u00e4ndnis <span class=\"wpforms-required-label\" aria-hidden=\"true\">*<\/span><\/label><ul id=\"wpforms-752-field_88\" class=\"wpforms-field-required\"><li class=\"choice-1\"><input type=\"checkbox\" id=\"wpforms-752-field_88_1\" name=\"wpforms[fields][88][]\" value=\"I have read the &lt;a href=&quot;https:\/\/ssp501.welovebold.link\/en\/privacy\/&quot;&gt;data protection information&lt;\/a&gt; and agree that the data I have provided will be processed. My data will be used to process and answer my request. By sending the contact form, I agree to the processing.\" aria-errormessage=\"wpforms-752-field_88_1-error\" required ><label class=\"wpforms-field-label-inline\" for=\"wpforms-752-field_88_1\">I have read the <a href=\"https:\/\/ssp501.welovebold.link\/en\/privacy\/\">data protection information<\/a> and agree that the data I have provided will be processed. My data will be used to process and answer my request. By sending the contact form, I agree to the processing. <span class=\"wpforms-required-label\" aria-hidden=\"true\">*<\/span><\/label><\/li><\/ul><\/div><\/div><!-- .wpforms-field-container --><div class=\"wpforms-submit-container\" ><input type=\"hidden\" name=\"wpforms[id]\" value=\"752\"><input type=\"hidden\" name=\"page_title\" value=\"\"><input type=\"hidden\" name=\"page_url\" value=\"https:\/\/steiner-spiralen.de\/en\/wp-json\/wp\/v2\/pages\/2877\"><input type=\"hidden\" name=\"url_referer\" value=\"\"><button type=\"submit\" name=\"wpforms[submit]\" id=\"wpforms-submit-752\" class=\"wpforms-submit bld-btn\" data-alt-text=\"Send...\" data-submit-text=\"Submit\" aria-live=\"assertive\" value=\"wpforms-submit\">Submit<\/button><img decoding=\"async\" src=\"https:\/\/steiner-spiralen.de\/wp-content\/plugins\/wpforms\/assets\/images\/submit-spin.svg\" class=\"wpforms-submit-spinner\" style=\"display: none;\" width=\"26\" height=\"26\" alt=\"Loading\"><\/div><\/form><\/div>  <!-- .wpforms-container -->[\/vc_column][\/vc_row][\/vc_section]<\/p>\n<\/div>","protected":false},"excerpt":{"rendered":"<p>[vc_section][vc_row][vc_column][\/vc_column][\/vc_row][vc_row][vc_column][\/vc_column][\/vc_row][\/vc_section]<\/p>\n","protected":false},"author":1,"featured_media":0,"parent":0,"menu_order":0,"comment_status":"closed","ping_status":"closed","template":"","meta":{"_acf_changed":false,"inline_featured_image":false,"footnotes":""},"class_list":["post-2877","page","type-page","status-publish","hentry"],"acf":[],"yoast_head":"<!-- This site is optimized with the Yoast SEO plugin v27.5 - https:\/\/yoast.com\/product\/yoast-seo-wordpress\/ -->\n<title>Questionnaire shredder discharge - Steiner<\/title>\n<meta name=\"robots\" content=\"index, follow, max-snippet:-1, max-image-preview:large, max-video-preview:-1\" \/>\n<link rel=\"canonical\" href=\"https:\/\/steiner-spiralen.de\/en\/questionnaire-shredder-discharge\/\" \/>\n<meta property=\"og:locale\" content=\"en_US\" \/>\n<meta property=\"og:type\" content=\"article\" \/>\n<meta property=\"og:title\" content=\"Questionnaire shredder discharge - Steiner\" \/>\n<meta property=\"og:description\" content=\"[vc_section][vc_row][vc_column][\/vc_column][\/vc_row][vc_row][vc_column][\/vc_column][\/vc_row][\/vc_section]\" \/>\n<meta property=\"og:url\" content=\"https:\/\/steiner-spiralen.de\/en\/questionnaire-shredder-discharge\/\" \/>\n<meta property=\"og:site_name\" content=\"Steiner\" \/>\n<meta property=\"article:modified_time\" content=\"2023-09-21T10:59:52+00:00\" \/>\n<meta name=\"twitter:card\" content=\"summary_large_image\" \/>\n<script type=\"application\/ld+json\" class=\"yoast-schema-graph\">{\"@context\":\"https:\\\/\\\/schema.org\",\"@graph\":[{\"@type\":\"WebPage\",\"@id\":\"https:\\\/\\\/steiner-spiralen.de\\\/en\\\/questionnaire-shredder-discharge\\\/\",\"url\":\"https:\\\/\\\/steiner-spiralen.de\\\/en\\\/questionnaire-shredder-discharge\\\/\",\"name\":\"Questionnaire shredder discharge - Steiner\",\"isPartOf\":{\"@id\":\"https:\\\/\\\/steiner-spiralen.de\\\/#website\"},\"datePublished\":\"2023-05-23T12:19:28+00:00\",\"dateModified\":\"2023-09-21T10:59:52+00:00\",\"breadcrumb\":{\"@id\":\"https:\\\/\\\/steiner-spiralen.de\\\/en\\\/questionnaire-shredder-discharge\\\/#breadcrumb\"},\"inLanguage\":\"en-US\",\"potentialAction\":[{\"@type\":\"ReadAction\",\"target\":[\"https:\\\/\\\/steiner-spiralen.de\\\/en\\\/questionnaire-shredder-discharge\\\/\"]}]},{\"@type\":\"BreadcrumbList\",\"@id\":\"https:\\\/\\\/steiner-spiralen.de\\\/en\\\/questionnaire-shredder-discharge\\\/#breadcrumb\",\"itemListElement\":[{\"@type\":\"ListItem\",\"position\":1,\"name\":\"Startseite\",\"item\":\"https:\\\/\\\/steiner-spiralen.de\\\/en\\\/homepage\\\/\"},{\"@type\":\"ListItem\",\"position\":2,\"name\":\"Questionnaire shredder discharge\"}]},{\"@type\":\"WebSite\",\"@id\":\"https:\\\/\\\/steiner-spiralen.de\\\/#website\",\"url\":\"https:\\\/\\\/steiner-spiralen.de\\\/\",\"name\":\"Steiner Spiralen - Ihr Hersteller f\u00fcr F\u00f6rdertechnik und F\u00f6rderschnecken\",\"description\":\"\",\"publisher\":{\"@id\":\"https:\\\/\\\/steiner-spiralen.de\\\/#organization\"},\"potentialAction\":[{\"@type\":\"SearchAction\",\"target\":{\"@type\":\"EntryPoint\",\"urlTemplate\":\"https:\\\/\\\/steiner-spiralen.de\\\/?s={search_term_string}\"},\"query-input\":{\"@type\":\"PropertyValueSpecification\",\"valueRequired\":true,\"valueName\":\"search_term_string\"}}],\"inLanguage\":\"en-US\"},{\"@type\":\"Organization\",\"@id\":\"https:\\\/\\\/steiner-spiralen.de\\\/#organization\",\"name\":\"Steiner GmbH & Co. KG\",\"url\":\"https:\\\/\\\/steiner-spiralen.de\\\/\",\"logo\":{\"@type\":\"ImageObject\",\"inLanguage\":\"en-US\",\"@id\":\"https:\\\/\\\/steiner-spiralen.de\\\/#\\\/schema\\\/logo\\\/image\\\/\",\"url\":\"https:\\\/\\\/steiner-spiralen.de\\\/wp-content\\\/uploads\\\/steiner-logo.svg\",\"contentUrl\":\"https:\\\/\\\/steiner-spiralen.de\\\/wp-content\\\/uploads\\\/steiner-logo.svg\",\"width\":\"1024\",\"height\":\"1024\",\"caption\":\"Steiner GmbH & Co. KG\"},\"image\":{\"@id\":\"https:\\\/\\\/steiner-spiralen.de\\\/#\\\/schema\\\/logo\\\/image\\\/\"}}]}<\/script>\n<!-- \/ Yoast SEO plugin. -->","yoast_head_json":{"title":"Questionnaire shredder discharge - Steiner","robots":{"index":"index","follow":"follow","max-snippet":"max-snippet:-1","max-image-preview":"max-image-preview:large","max-video-preview":"max-video-preview:-1"},"canonical":"https:\/\/steiner-spiralen.de\/en\/questionnaire-shredder-discharge\/","og_locale":"en_US","og_type":"article","og_title":"Questionnaire shredder discharge - Steiner","og_description":"[vc_section][vc_row][vc_column][\/vc_column][\/vc_row][vc_row][vc_column][\/vc_column][\/vc_row][\/vc_section]","og_url":"https:\/\/steiner-spiralen.de\/en\/questionnaire-shredder-discharge\/","og_site_name":"Steiner","article_modified_time":"2023-09-21T10:59:52+00:00","twitter_card":"summary_large_image","schema":{"@context":"https:\/\/schema.org","@graph":[{"@type":"WebPage","@id":"https:\/\/steiner-spiralen.de\/en\/questionnaire-shredder-discharge\/","url":"https:\/\/steiner-spiralen.de\/en\/questionnaire-shredder-discharge\/","name":"Questionnaire shredder discharge - Steiner","isPartOf":{"@id":"https:\/\/steiner-spiralen.de\/#website"},"datePublished":"2023-05-23T12:19:28+00:00","dateModified":"2023-09-21T10:59:52+00:00","breadcrumb":{"@id":"https:\/\/steiner-spiralen.de\/en\/questionnaire-shredder-discharge\/#breadcrumb"},"inLanguage":"en-US","potentialAction":[{"@type":"ReadAction","target":["https:\/\/steiner-spiralen.de\/en\/questionnaire-shredder-discharge\/"]}]},{"@type":"BreadcrumbList","@id":"https:\/\/steiner-spiralen.de\/en\/questionnaire-shredder-discharge\/#breadcrumb","itemListElement":[{"@type":"ListItem","position":1,"name":"Startseite","item":"https:\/\/steiner-spiralen.de\/en\/homepage\/"},{"@type":"ListItem","position":2,"name":"Questionnaire shredder discharge"}]},{"@type":"WebSite","@id":"https:\/\/steiner-spiralen.de\/#website","url":"https:\/\/steiner-spiralen.de\/","name":"Steiner Spiralen - Ihr Hersteller f\u00fcr F\u00f6rdertechnik und F\u00f6rderschnecken","description":"","publisher":{"@id":"https:\/\/steiner-spiralen.de\/#organization"},"potentialAction":[{"@type":"SearchAction","target":{"@type":"EntryPoint","urlTemplate":"https:\/\/steiner-spiralen.de\/?s={search_term_string}"},"query-input":{"@type":"PropertyValueSpecification","valueRequired":true,"valueName":"search_term_string"}}],"inLanguage":"en-US"},{"@type":"Organization","@id":"https:\/\/steiner-spiralen.de\/#organization","name":"Steiner GmbH & Co. KG","url":"https:\/\/steiner-spiralen.de\/","logo":{"@type":"ImageObject","inLanguage":"en-US","@id":"https:\/\/steiner-spiralen.de\/#\/schema\/logo\/image\/","url":"https:\/\/steiner-spiralen.de\/wp-content\/uploads\/steiner-logo.svg","contentUrl":"https:\/\/steiner-spiralen.de\/wp-content\/uploads\/steiner-logo.svg","width":"1024","height":"1024","caption":"Steiner GmbH & Co. KG"},"image":{"@id":"https:\/\/steiner-spiralen.de\/#\/schema\/logo\/image\/"}}]}},"_links":{"self":[{"href":"https:\/\/steiner-spiralen.de\/en\/wp-json\/wp\/v2\/pages\/2877","targetHints":{"allow":["GET"]}}],"collection":[{"href":"https:\/\/steiner-spiralen.de\/en\/wp-json\/wp\/v2\/pages"}],"about":[{"href":"https:\/\/steiner-spiralen.de\/en\/wp-json\/wp\/v2\/types\/page"}],"author":[{"embeddable":true,"href":"https:\/\/steiner-spiralen.de\/en\/wp-json\/wp\/v2\/users\/1"}],"replies":[{"embeddable":true,"href":"https:\/\/steiner-spiralen.de\/en\/wp-json\/wp\/v2\/comments?post=2877"}],"version-history":[{"count":2,"href":"https:\/\/steiner-spiralen.de\/en\/wp-json\/wp\/v2\/pages\/2877\/revisions"}],"predecessor-version":[{"id":2886,"href":"https:\/\/steiner-spiralen.de\/en\/wp-json\/wp\/v2\/pages\/2877\/revisions\/2886"}],"wp:attachment":[{"href":"https:\/\/steiner-spiralen.de\/en\/wp-json\/wp\/v2\/media?parent=2877"}],"curies":[{"name":"wp","href":"https:\/\/api.w.org\/{rel}","templated":true}]}}