{"id":2852,"date":"2023-04-25T10:55:10","date_gmt":"2023-04-25T08:55:10","guid":{"rendered":"https:\/\/steiner-spiralen.de\/spirals\/flexible-conveying-spirals\/"},"modified":"2023-10-17T13:09:08","modified_gmt":"2023-10-17T11:09:08","slug":"flexible-conveying-spirals","status":"publish","type":"page","link":"https:\/\/steiner-spiralen.de\/en\/spirals\/flexible-conveying-spirals\/","title":{"rendered":"Flexible conveying spirals"},"content":{"rendered":"<div class=\"wpb-content-wrapper\"><p>[vc_row content_placement=&#8221;top&#8221; css=&#8221;.vc_custom_1691395337468{margin-top: 50px !important;}&#8221;][vc_column width=&#8221;1\/2&#8243;]\n    <div class=\"bld-image\">\n        <div class=\"inner-wrapper \">\n            <img decoding=\"async\" src=\"https:\/\/steiner-spiralen.de\/wp-content\/uploads\/steiner-051.jpeg\">\n        <\/div>\n            <\/div>\n\n    [\/vc_column][vc_column width=&#8221;1\/2&#8243;]\n    <div class=\"bld-position\"\n         style=\" text-align: left;\">\n        <a            href=\"\/en\/spiral-bearing-list-for-flexible-conveyor-spirals\/\" class=\"bld-btn\" style=\"\">\n            Inquiry storage spirals        <\/a>\n    <\/div>\n\n    [vc_column_text]<\/p>\n<div class=\"ce_text image-beschreibung block\">\n<p><strong>Flexible conveying spirals<\/strong><span> <\/span>are particularly low-maintenance and are therefore preferred by the industry for<span> <\/span><strong>durable conveyor systems<\/strong>. Steiner spirals equips industrial conveyor systems with its flexible spirals. Whether it is in the<span> <\/span><strong>Timber industry<span> <\/span><\/strong>wood chips, sawdust, sanding dust &amp; wood waste to be conveyed or the<span> <\/span><strong>Food industry<\/strong><span> <\/span>sensitive materials such as coffee, sugar or baking agents are transported through the production line with a conveyor system, the conveyor systems from Steiner spirals are convincing. Also the<span> <\/span><strong>Plastics industry<span> <\/span><\/strong>relies on the flexible spiral conveyors from Kirchdorf am Inn for conveying PVC pellets, PVC powder and plastic granulate.<\/p>\n<p>Our conveyor systems with flexible spirals are equipped with a<span> <\/span><strong>Conveying capacity<\/strong><span> <\/span>from<span> <\/span><strong>0.09m\u00b3\/h to 8 m\u00b3\/h<span> <\/span><\/strong>available.<\/p>\n<\/div>\n<p>[\/vc_column_text][\/vc_column][\/vc_row][vc_row][vc_column][vc_empty_space][\/vc_column][\/vc_row][vc_row][vc_column][vc_column_text]<\/p>\n<h2 class=\"ce_headline umfloaten\">Flexible spiral conveyors from Steiner: low maintenance &amp; durable<\/h2>\n<div class=\"ce_text block\">\n<p>The flexible spirals for conveyor systems from Steiner spirals are characterized in particular by<span> <\/span><strong>low maintenance<\/strong><span> <\/span>off. Through the<span> <\/span><strong>cuddly movement<\/strong><span> <\/span>of the spiral and the<strong> absence of corners, gears<\/strong><span> <\/span>or<strong> chains<span> <\/span><\/strong>the system is practically maintenance-free. A factor that is especially important in the industrial environment. To keep plant downtimes as low as possible, the use of our flexible spiral conveyors is definitely recommended for suitable bulk materials. For 30 years, Steiner spirals has stood for the highest quality. The flexible spirals are made of<span> <\/span><strong>specially hardened steel<\/strong><span> <\/span>manufactured and are characterized by<strong> high tensile strength<\/strong><span> <\/span>and<span> <\/span><strong>spring force<\/strong>. Besides a<span> <\/span><strong>long service life<span> <\/span><\/strong>this structure also enables various media to be<span> <\/span><strong>in curves<\/strong><span> <\/span>and<span> <\/span><strong>gradients, horizontal<\/strong><span> <\/span>and<span> <\/span><strong>vertical<span> <\/span><\/strong>to<span> <\/span><strong>promote.<\/strong><\/p>\n<p>&nbsp;<\/p>\n<\/div>\n<h2 class=\"ce_headline\">Advantages of flexible spiral conveyors:<\/h2>\n<div class=\"ce_text block\">\n<ul>\n<li>Dust-free transport on curves and inclines<\/li>\n<li>Low noise<\/li>\n<li>Economic in energy consumption<\/li>\n<li>Reliable and durable<\/li>\n<li>Design of the conveyor system to meet individual requirements<\/li>\n<\/ul>\n<\/div>\n<p>[\/vc_column_text][\/vc_column][\/vc_row][vc_row disable_element=&#8221;yes&#8221;][vc_column]\n    <div class=\"logo-text-spacer\" style=\"background-image: url('https:\/\/steiner-spiralen.de\/wp-content\/uploads\/ssp_divider_madeingermany.jpg')\">\n        <div class=\"container\">\n            <div class=\"inner\">\n                <div class=\"text-wrapper\">\n                    <div class=\"pre-headline\"><\/div>\n                    <h2>F\u00f6rderrohr und Rohrbogen unserer F\u00f6rderanlagen:<\/h2>\n                    <div class=\"text\">For the production of pipes and bends of the conveying spirals, Steiner uses a special PVC, which is much more wear-resistant and durable than ordinary PVC. In addition, this special material ensures a particularly smooth inner surface, which has a positive effect on the conveying properties of our systems. For abrasive or aggressive media to be conveyed, Steiner Spiralen uses metal pipes and metal bends made of hardened steel. Upon customer request, the flexible spiral conveyors can also be manufactured in stainless steel, PA, PE or other materials.<\/div>\n                <\/div>\n                            <\/div>\n        <\/div>\n    <\/div>\n\n    [vc_empty_space][\/vc_column][\/vc_row][vc_row][vc_column][vc_column_text]<\/p>\n<div class=\"ce_text block\">\n<h3>Drive unit- energy efficient conveying systems from Steiner<\/h3>\n<\/div>\n<div class=\"ce_text block\">\n<p>The<span> <\/span><strong>Drive unit<span> <\/span><\/strong>is optionally equipped with<span> <\/span><strong>Gear or frequency controlled motor<\/strong>. Depending on the spiral type and medium, as well as the required conveying capacity per hour, motors are used accordingly. This results in a<span> <\/span><strong>Maximum output<\/strong><span> <\/span>at<span> <\/span><strong>minimal energy consumption<\/strong>. For many years, Steiner spirals has been focusing on drive concepts which are as<span> <\/span>enable <strong>energy-efficient conveyor systems<span> <\/span><\/strong>.<\/p>\n<\/div>\n<p>[\/vc_column_text][vc_separator][vc_column_text]<\/p>\n<div class=\"ce_text block\">\n<h3 class=\"ce_headline\">Intake Station &amp; Procedures:<\/h3>\n<div class=\"ce_text block\">\n<p><strong>Receiving hoppers<\/strong><span> <\/span>for the conveying system are available in various designs, each matched to the pumped medium and the storage tank.<span> <\/span><strong>Drains<span> <\/span><\/strong>can be attached to the conveying pipe in any number.<span> <\/span><strong>Mechanical<span> <\/span><\/strong>or<span> <\/span><strong>automatic gate valves<\/strong><span> <\/span>enable the pumped medium to be discharged from the conveying system in a targeted manner.<\/p>\n<\/div>\n<\/div>\n<p>[\/vc_column_text][vc_separator][vc_column_text]<\/p>\n<div class=\"ce_text block\">\n<h3 class=\"ce_headline\">Technical data on flexible spirals from Steiner spirals<\/h3>\n<div class=\"ce_text block\">\n<div class=\"row item-top\">\n<div class=\"item-intro col-md-6\">\n<ul>\n<li>Wood industry, e.g. wood chips, sawdust, sanding dust, wood waste, etc.<\/li>\n<li>Food industry, e.g. salt, sugar, coffee beans, etc.<\/li>\n<li>Plastic industry, e.g. PVC pellets, PVC powder, plastic granules, etc.<\/li>\n<li>Others like gravel, styrofoam, washing powder etc.<\/li>\n<\/ul>\n<p>Available in different sizes: 0.09 m\u00b3\/h to 8 m\u00b3\/h<\/p>\n<\/div>\n<\/div>\n<\/div>\n<\/div>\n<p>[\/vc_column_text][\/vc_column][\/vc_row][vc_row][vc_column]\n    <div class=\"bld-position\"\n         style=\" text-align: left;\">\n        <a target=\"_blank\"            href=\"\/en\/questionnaire-single-spiral-flexible\/\" class=\"bld-btn\" style=\"\">\n            Spiral request        <\/a>\n    <\/div>\n\n    [vc_empty_space][\/vc_column][\/vc_row][vc_section][vc_row][vc_column]\n    <div class=\"heading \"\n         style=\"text-align: left;\">\n                    <div class=\"pre-headline\">CREDENTIALS<\/div>\n                        <h2>A selection of our projects<\/h2>\n            <\/div>\n\n\n    [\/vc_column][\/vc_row][vc_row][vc_column]\n    <div class=\"referenz-listing\">\n                        <div class=\"ref-item\">\n                    <a href=\"https:\/\/steiner-spiralen.de\/en\/referenzen\/silo-discharge-pellets-flexible-spiral-conveying-system\/\">\n                        <div class=\"inner\">\n                            <div class=\"image\">\n                                <img decoding=\"async\" src=\"https:\/\/steiner-spiralen.de\/wp-content\/uploads\/Siloaustragung-Flexible-Foerderanlage-Spiralfoerderer-scaled.jpg\">\n                            <\/div>\n                            <div class=\"text-wrapper\">\n                                <h3>Silo discharge pellets \/ Flexible spiral conveying system<\/h3>\n                                <div class=\"text\"><\/div>\n                            <\/div>\n                            <div class=\"btn\">go to reference<\/div>\n                        <\/div>\n                    <\/a>\n                <\/div>\n                                <div class=\"ref-item\">\n                    <a href=\"https:\/\/steiner-spiralen.de\/en\/referenzen\/filter-discharge-flexible-conveyor\/\">\n                        <div class=\"inner\">\n                            <div class=\"image\">\n                                <img decoding=\"async\" src=\"https:\/\/steiner-spiralen.de\/wp-content\/uploads\/Filteraustragung-Flexibel-Spiralfoerderer-Schneckenfoerderer_1.jpg\">\n                            <\/div>\n                            <div class=\"text-wrapper\">\n                                <h3>Filter discharge Flexible conveyor<\/h3>\n                                <div class=\"text\"><\/div>\n                            <\/div>\n                            <div class=\"btn\">go to reference<\/div>\n                        <\/div>\n                    <\/a>\n                <\/div>\n                                <div class=\"ref-item\">\n                    <a href=\"https:\/\/steiner-spiralen.de\/en\/referenzen\/bunker-discharge-pellets-flexible\/\">\n                        <div class=\"inner\">\n                            <div class=\"image\">\n                                <img decoding=\"async\" src=\"https:\/\/steiner-spiralen.de\/wp-content\/uploads\/Montage-SF30iKR-S4-Bild-2.jpg\">\n                            <\/div>\n                            <div class=\"text-wrapper\">\n                                <h3>Bunker discharge Pellets Flexible<\/h3>\n                                <div class=\"text\"><\/div>\n                            <\/div>\n                            <div class=\"btn\">go to reference<\/div>\n                        <\/div>\n                    <\/a>\n                <\/div>\n                    <\/div>\n\n\n    [\/vc_column][\/vc_row][\/vc_section]<\/p>\n<\/div>","protected":false},"excerpt":{"rendered":"<p>[vc_row content_placement=&#8221;top&#8221; css=&#8221;.vc_custom_1691395337468{margin-top: 50px !important;}&#8221;][vc_column width=&#8221;1\/2&#8243;][\/vc_column][vc_column width=&#8221;1\/2&#8243;][vc_column_text] Flexible conveying spirals are particularly low-maintenance and are therefore preferred by the industry for durable conveyor systems. Steiner spirals equips industrial conveyor systems with its flexible spirals. Whether it is in the Timber industry wood chips, sawdust, sanding dust &amp; wood waste to be conveyed or the Food &hellip; <\/p>\n<p class=\"link-more\"><a href=\"https:\/\/steiner-spiralen.de\/en\/spirals\/flexible-conveying-spirals\/\" class=\"more-link\">Continue reading<span class=\"screen-reader-text\"> &#8220;Flexible conveying spirals&#8221;<\/span><\/a><\/p>\n","protected":false},"author":1,"featured_media":2316,"parent":2744,"menu_order":0,"comment_status":"closed","ping_status":"closed","template":"","meta":{"_acf_changed":false,"inline_featured_image":false,"footnotes":""},"class_list":["post-2852","page","type-page","status-publish","has-post-thumbnail","hentry"],"acf":[],"yoast_head":"<!-- This site is optimized with the Yoast SEO plugin v27.5 - https:\/\/yoast.com\/product\/yoast-seo-wordpress\/ -->\n<title>Flexible conveying spirals - Steiner<\/title>\n<meta name=\"robots\" content=\"index, follow, max-snippet:-1, max-image-preview:large, max-video-preview:-1\" \/>\n<link rel=\"canonical\" href=\"https:\/\/steiner-spiralen.de\/en\/spirals\/flexible-conveying-spirals\/\" \/>\n<meta property=\"og:locale\" content=\"en_US\" \/>\n<meta property=\"og:type\" content=\"article\" \/>\n<meta property=\"og:title\" content=\"Flexible conveying spirals - Steiner\" \/>\n<meta property=\"og:description\" content=\"[vc_row content_placement=&#8221;top&#8221; css=&#8221;.vc_custom_1691395337468{margin-top: 50px !important;}&#8221;][vc_column width=&#8221;1\/2&#8243;][\/vc_column][vc_column width=&#8221;1\/2&#8243;][vc_column_text] Flexible conveying spirals are particularly low-maintenance and are therefore preferred by the industry for durable conveyor systems. Steiner spirals equips industrial conveyor systems with its flexible spirals. Whether it is in the Timber industry wood chips, sawdust, sanding dust &amp; wood waste to be conveyed or the Food &hellip; Continue reading &quot;Flexible conveying spirals&quot;\" \/>\n<meta property=\"og:url\" content=\"https:\/\/steiner-spiralen.de\/en\/spirals\/flexible-conveying-spirals\/\" \/>\n<meta property=\"og:site_name\" content=\"Steiner\" \/>\n<meta property=\"article:modified_time\" content=\"2023-10-17T11:09:08+00:00\" \/>\n<meta property=\"og:image\" content=\"https:\/\/steiner-spiralen.de\/wp-content\/uploads\/Header_Spiralen_web.jpg\" \/>\n\t<meta property=\"og:image:width\" content=\"1895\" \/>\n\t<meta property=\"og:image:height\" content=\"395\" \/>\n\t<meta property=\"og:image:type\" content=\"image\/jpeg\" \/>\n<meta name=\"twitter:card\" content=\"summary_large_image\" \/>\n<meta name=\"twitter:label1\" content=\"Est. reading time\" \/>\n\t<meta name=\"twitter:data1\" content=\"4 minutes\" \/>\n<script type=\"application\/ld+json\" class=\"yoast-schema-graph\">{\"@context\":\"https:\\\/\\\/schema.org\",\"@graph\":[{\"@type\":\"WebPage\",\"@id\":\"https:\\\/\\\/steiner-spiralen.de\\\/en\\\/spirals\\\/flexible-conveying-spirals\\\/\",\"url\":\"https:\\\/\\\/steiner-spiralen.de\\\/en\\\/spirals\\\/flexible-conveying-spirals\\\/\",\"name\":\"Flexible conveying spirals - Steiner\",\"isPartOf\":{\"@id\":\"https:\\\/\\\/steiner-spiralen.de\\\/#website\"},\"primaryImageOfPage\":{\"@id\":\"https:\\\/\\\/steiner-spiralen.de\\\/en\\\/spirals\\\/flexible-conveying-spirals\\\/#primaryimage\"},\"image\":{\"@id\":\"https:\\\/\\\/steiner-spiralen.de\\\/en\\\/spirals\\\/flexible-conveying-spirals\\\/#primaryimage\"},\"thumbnailUrl\":\"https:\\\/\\\/steiner-spiralen.de\\\/wp-content\\\/uploads\\\/Header_Spiralen_web.jpg\",\"datePublished\":\"2023-04-25T08:55:10+00:00\",\"dateModified\":\"2023-10-17T11:09:08+00:00\",\"breadcrumb\":{\"@id\":\"https:\\\/\\\/steiner-spiralen.de\\\/en\\\/spirals\\\/flexible-conveying-spirals\\\/#breadcrumb\"},\"inLanguage\":\"en-US\",\"potentialAction\":[{\"@type\":\"ReadAction\",\"target\":[\"https:\\\/\\\/steiner-spiralen.de\\\/en\\\/spirals\\\/flexible-conveying-spirals\\\/\"]}]},{\"@type\":\"ImageObject\",\"inLanguage\":\"en-US\",\"@id\":\"https:\\\/\\\/steiner-spiralen.de\\\/en\\\/spirals\\\/flexible-conveying-spirals\\\/#primaryimage\",\"url\":\"https:\\\/\\\/steiner-spiralen.de\\\/wp-content\\\/uploads\\\/Header_Spiralen_web.jpg\",\"contentUrl\":\"https:\\\/\\\/steiner-spiralen.de\\\/wp-content\\\/uploads\\\/Header_Spiralen_web.jpg\",\"width\":1895,\"height\":395},{\"@type\":\"BreadcrumbList\",\"@id\":\"https:\\\/\\\/steiner-spiralen.de\\\/en\\\/spirals\\\/flexible-conveying-spirals\\\/#breadcrumb\",\"itemListElement\":[{\"@type\":\"ListItem\",\"position\":1,\"name\":\"Startseite\",\"item\":\"https:\\\/\\\/steiner-spiralen.de\\\/en\\\/homepage\\\/\"},{\"@type\":\"ListItem\",\"position\":2,\"name\":\"Spirals\",\"item\":\"https:\\\/\\\/steiner-spiralen.de\\\/en\\\/spirals\\\/\"},{\"@type\":\"ListItem\",\"position\":3,\"name\":\"Flexible conveying spirals\"}]},{\"@type\":\"WebSite\",\"@id\":\"https:\\\/\\\/steiner-spiralen.de\\\/#website\",\"url\":\"https:\\\/\\\/steiner-spiralen.de\\\/\",\"name\":\"Steiner Spiralen - Ihr Hersteller f\u00fcr F\u00f6rdertechnik und F\u00f6rderschnecken\",\"description\":\"\",\"publisher\":{\"@id\":\"https:\\\/\\\/steiner-spiralen.de\\\/#organization\"},\"potentialAction\":[{\"@type\":\"SearchAction\",\"target\":{\"@type\":\"EntryPoint\",\"urlTemplate\":\"https:\\\/\\\/steiner-spiralen.de\\\/?s={search_term_string}\"},\"query-input\":{\"@type\":\"PropertyValueSpecification\",\"valueRequired\":true,\"valueName\":\"search_term_string\"}}],\"inLanguage\":\"en-US\"},{\"@type\":\"Organization\",\"@id\":\"https:\\\/\\\/steiner-spiralen.de\\\/#organization\",\"name\":\"Steiner GmbH & Co. KG\",\"url\":\"https:\\\/\\\/steiner-spiralen.de\\\/\",\"logo\":{\"@type\":\"ImageObject\",\"inLanguage\":\"en-US\",\"@id\":\"https:\\\/\\\/steiner-spiralen.de\\\/#\\\/schema\\\/logo\\\/image\\\/\",\"url\":\"https:\\\/\\\/steiner-spiralen.de\\\/wp-content\\\/uploads\\\/steiner-logo.svg\",\"contentUrl\":\"https:\\\/\\\/steiner-spiralen.de\\\/wp-content\\\/uploads\\\/steiner-logo.svg\",\"width\":\"1024\",\"height\":\"1024\",\"caption\":\"Steiner GmbH & Co. KG\"},\"image\":{\"@id\":\"https:\\\/\\\/steiner-spiralen.de\\\/#\\\/schema\\\/logo\\\/image\\\/\"}}]}<\/script>\n<!-- \/ Yoast SEO plugin. -->","yoast_head_json":{"title":"Flexible conveying spirals - Steiner","robots":{"index":"index","follow":"follow","max-snippet":"max-snippet:-1","max-image-preview":"max-image-preview:large","max-video-preview":"max-video-preview:-1"},"canonical":"https:\/\/steiner-spiralen.de\/en\/spirals\/flexible-conveying-spirals\/","og_locale":"en_US","og_type":"article","og_title":"Flexible conveying spirals - Steiner","og_description":"[vc_row content_placement=&#8221;top&#8221; css=&#8221;.vc_custom_1691395337468{margin-top: 50px !important;}&#8221;][vc_column width=&#8221;1\/2&#8243;][\/vc_column][vc_column width=&#8221;1\/2&#8243;][vc_column_text] Flexible conveying spirals are particularly low-maintenance and are therefore preferred by the industry for durable conveyor systems. Steiner spirals equips industrial conveyor systems with its flexible spirals. Whether it is in the Timber industry wood chips, sawdust, sanding dust &amp; wood waste to be conveyed or the Food &hellip; Continue reading \"Flexible conveying spirals\"","og_url":"https:\/\/steiner-spiralen.de\/en\/spirals\/flexible-conveying-spirals\/","og_site_name":"Steiner","article_modified_time":"2023-10-17T11:09:08+00:00","og_image":[{"width":1895,"height":395,"url":"https:\/\/steiner-spiralen.de\/wp-content\/uploads\/Header_Spiralen_web.jpg","type":"image\/jpeg"}],"twitter_card":"summary_large_image","twitter_misc":{"Est. reading time":"4 minutes"},"schema":{"@context":"https:\/\/schema.org","@graph":[{"@type":"WebPage","@id":"https:\/\/steiner-spiralen.de\/en\/spirals\/flexible-conveying-spirals\/","url":"https:\/\/steiner-spiralen.de\/en\/spirals\/flexible-conveying-spirals\/","name":"Flexible conveying spirals - Steiner","isPartOf":{"@id":"https:\/\/steiner-spiralen.de\/#website"},"primaryImageOfPage":{"@id":"https:\/\/steiner-spiralen.de\/en\/spirals\/flexible-conveying-spirals\/#primaryimage"},"image":{"@id":"https:\/\/steiner-spiralen.de\/en\/spirals\/flexible-conveying-spirals\/#primaryimage"},"thumbnailUrl":"https:\/\/steiner-spiralen.de\/wp-content\/uploads\/Header_Spiralen_web.jpg","datePublished":"2023-04-25T08:55:10+00:00","dateModified":"2023-10-17T11:09:08+00:00","breadcrumb":{"@id":"https:\/\/steiner-spiralen.de\/en\/spirals\/flexible-conveying-spirals\/#breadcrumb"},"inLanguage":"en-US","potentialAction":[{"@type":"ReadAction","target":["https:\/\/steiner-spiralen.de\/en\/spirals\/flexible-conveying-spirals\/"]}]},{"@type":"ImageObject","inLanguage":"en-US","@id":"https:\/\/steiner-spiralen.de\/en\/spirals\/flexible-conveying-spirals\/#primaryimage","url":"https:\/\/steiner-spiralen.de\/wp-content\/uploads\/Header_Spiralen_web.jpg","contentUrl":"https:\/\/steiner-spiralen.de\/wp-content\/uploads\/Header_Spiralen_web.jpg","width":1895,"height":395},{"@type":"BreadcrumbList","@id":"https:\/\/steiner-spiralen.de\/en\/spirals\/flexible-conveying-spirals\/#breadcrumb","itemListElement":[{"@type":"ListItem","position":1,"name":"Startseite","item":"https:\/\/steiner-spiralen.de\/en\/homepage\/"},{"@type":"ListItem","position":2,"name":"Spirals","item":"https:\/\/steiner-spiralen.de\/en\/spirals\/"},{"@type":"ListItem","position":3,"name":"Flexible conveying spirals"}]},{"@type":"WebSite","@id":"https:\/\/steiner-spiralen.de\/#website","url":"https:\/\/steiner-spiralen.de\/","name":"Steiner Spiralen - Ihr Hersteller f\u00fcr F\u00f6rdertechnik und F\u00f6rderschnecken","description":"","publisher":{"@id":"https:\/\/steiner-spiralen.de\/#organization"},"potentialAction":[{"@type":"SearchAction","target":{"@type":"EntryPoint","urlTemplate":"https:\/\/steiner-spiralen.de\/?s={search_term_string}"},"query-input":{"@type":"PropertyValueSpecification","valueRequired":true,"valueName":"search_term_string"}}],"inLanguage":"en-US"},{"@type":"Organization","@id":"https:\/\/steiner-spiralen.de\/#organization","name":"Steiner GmbH & Co. KG","url":"https:\/\/steiner-spiralen.de\/","logo":{"@type":"ImageObject","inLanguage":"en-US","@id":"https:\/\/steiner-spiralen.de\/#\/schema\/logo\/image\/","url":"https:\/\/steiner-spiralen.de\/wp-content\/uploads\/steiner-logo.svg","contentUrl":"https:\/\/steiner-spiralen.de\/wp-content\/uploads\/steiner-logo.svg","width":"1024","height":"1024","caption":"Steiner GmbH & Co. KG"},"image":{"@id":"https:\/\/steiner-spiralen.de\/#\/schema\/logo\/image\/"}}]}},"_links":{"self":[{"href":"https:\/\/steiner-spiralen.de\/en\/wp-json\/wp\/v2\/pages\/2852","targetHints":{"allow":["GET"]}}],"collection":[{"href":"https:\/\/steiner-spiralen.de\/en\/wp-json\/wp\/v2\/pages"}],"about":[{"href":"https:\/\/steiner-spiralen.de\/en\/wp-json\/wp\/v2\/types\/page"}],"author":[{"embeddable":true,"href":"https:\/\/steiner-spiralen.de\/en\/wp-json\/wp\/v2\/users\/1"}],"replies":[{"embeddable":true,"href":"https:\/\/steiner-spiralen.de\/en\/wp-json\/wp\/v2\/comments?post=2852"}],"version-history":[{"count":19,"href":"https:\/\/steiner-spiralen.de\/en\/wp-json\/wp\/v2\/pages\/2852\/revisions"}],"predecessor-version":[{"id":3385,"href":"https:\/\/steiner-spiralen.de\/en\/wp-json\/wp\/v2\/pages\/2852\/revisions\/3385"}],"up":[{"embeddable":true,"href":"https:\/\/steiner-spiralen.de\/en\/wp-json\/wp\/v2\/pages\/2744"}],"wp:featuredmedia":[{"embeddable":true,"href":"https:\/\/steiner-spiralen.de\/en\/wp-json\/wp\/v2\/media\/2316"}],"wp:attachment":[{"href":"https:\/\/steiner-spiralen.de\/en\/wp-json\/wp\/v2\/media?parent=2852"}],"curies":[{"name":"wp","href":"https:\/\/api.w.org\/{rel}","templated":true}]}}