{"id":2834,"date":"2023-05-04T15:27:36","date_gmt":"2023-05-04T13:27:36","guid":{"rendered":"https:\/\/steiner-spiralen.de\/conveyor-systems\/ash\/"},"modified":"2023-10-12T16:09:49","modified_gmt":"2023-10-12T14:09:49","slug":"ash","status":"publish","type":"page","link":"https:\/\/steiner-spiralen.de\/en\/conveyor-systems\/ash\/","title":{"rendered":"Ash"},"content":{"rendered":"<div class=\"wpb-content-wrapper\"><p>[vc_section][vc_row][vc_column]\n    <div class=\"bld-position\"\n         style=\" text-align: left;\">\n        <a target=\"_blank\"            href=\"\/en\/general-technical-questionnaire\/\" class=\"bld-btn\" style=\"\">\n            Request conveyor        <\/a>\n    <\/div>\n\n    [vc_empty_space][\/vc_column][\/vc_row][vc_row][vc_column][vc_column_text]Ash is a by-product of burning organic materials such as wood or coal. When designing an ash handling system, it is important to pay attention to many details, such as moisture content, due to the poor flow properties of ash. For this reason, cooperation with experienced designers is essential. We have many years of experience in this field and have successfully delivered several ash handling systems.<\/p>\n<p>As your partner for handshake quality and customized solutions, we will be happy to advise you and accompany you on your way to the finished conveyor system. Depending on your requirements, we use rigid or flexible stainless steel conveying spirals.<\/p>\n<p>Ash handling by spiral conveyors requires careful planning and design to ensure optimum performance and reliability. Our experienced experts ensure that your system is optimally tailored to your specific needs. We take into account factors such as conveying capacity, dust generation and ease of maintenance.[\/vc_column_text][\/vc_column][\/vc_row][vc_row][vc_column]\n    <div class=\"logo-text-spacer\" style=\"background-image: url('https:\/\/steiner-spiralen.de\/wp-content\/uploads\/ssp_divider_madeingermany.jpg')\">\n        <div class=\"container\">\n            <div class=\"inner\">\n                <div class=\"text-wrapper\">\n                    <div class=\"pre-headline\"><\/div>\n                    <h2>Decisive advantages<\/h2>\n                    <div class=\"text\">The advantages of conveying ash by means of a spiral conveyor are obvious. It offers high conveying capacity, reduces dust generation and facilitates maintenance. By using high-quality materials and our expertise, we can offer you a reliable and efficient solution for ash conveying.<\/div>\n                <\/div>\n                            <\/div>\n        <\/div>\n    <\/div>\n\n    [\/vc_column][\/vc_row][vc_row][vc_column][vc_column_text]<span>We are proud to support you with innovative solutions and offer you high quality ash handling equipment. Rely on our experience and expertise to meet your requirements. Steiner spirals &#8211; your reliable partner for ash conveying with tailor-made spiral conveyors.<\/span>[\/vc_column_text][\/vc_column][\/vc_row][vc_row][vc_column width=&#8221;1\/2&#8243;]\n    <div class=\"bld-image\">\n        <div class=\"inner-wrapper \">\n            <img decoding=\"async\" src=\"https:\/\/steiner-spiralen.de\/wp-content\/uploads\/Asche-SG100-Bild-1.jpg\">\n        <\/div>\n                    <div class=\"title\">Ash conveying from boiler - Discharge into ash garbage can - Rigid conveying system<\/div>\n            <\/div>\n\n    [\/vc_column][vc_column width=&#8221;1\/2&#8243;]\n    <div class=\"bld-image\">\n        <div class=\"inner-wrapper \">\n            <img decoding=\"async\" src=\"https:\/\/steiner-spiralen.de\/wp-content\/uploads\/Aschefoerderung-SF30-Bild-2.jpg\">\n        <\/div>\n                    <div class=\"title\">Ash conveying from boiler - Discharge into ash garbage can - Flexible conveying system<\/div>\n            <\/div>\n\n    [\/vc_column][\/vc_row][vc_row][vc_column][vc_empty_space height=&#8221;52px&#8221;][\/vc_column][\/vc_row][vc_row][vc_column]\n    <div class=\"heading \"\n         style=\"text-align: ;\">\n                    <div class=\"pre-headline\">A selection of our projects<\/div>\n                <\/div>\n\n\n    [\/vc_column][\/vc_row][vc_row][vc_column]\n    <div class=\"referenz-listing\">\n                        <div class=\"ref-item\">\n                    <a href=\"https:\/\/steiner-spiralen.de\/en\/referenzen\/ash-conveyor\/\">\n                        <div class=\"inner\">\n                            <div class=\"image\">\n                                <img decoding=\"async\" src=\"https:\/\/steiner-spiralen.de\/wp-content\/uploads\/Aschefoerderung_2-scaled.jpg\">\n                            <\/div>\n                            <div class=\"text-wrapper\">\n                                <h3>Ash conveyor<\/h3>\n                                <div class=\"text\"><\/div>\n                            <\/div>\n                            <div class=\"btn\">go to reference<\/div>\n                        <\/div>\n                    <\/a>\n                <\/div>\n                    <\/div>\n\n\n    [\/vc_column][\/vc_row][\/vc_section]<\/p>\n<\/div>","protected":false},"excerpt":{"rendered":"<p>[vc_section][vc_row][vc_column][vc_empty_space][\/vc_column][\/vc_row][vc_row][vc_column][vc_column_text]Ash is a by-product of burning organic materials such as wood or coal. When designing an ash handling system, it is important to pay attention to many details, such as moisture content, due to the poor flow properties of ash. For this reason, cooperation with experienced designers is essential. We have many years of experience &hellip; <\/p>\n<p class=\"link-more\"><a href=\"https:\/\/steiner-spiralen.de\/en\/conveyor-systems\/ash\/\" class=\"more-link\">Continue reading<span class=\"screen-reader-text\"> &#8220;Ash&#8221;<\/span><\/a><\/p>\n","protected":false},"author":1,"featured_media":2311,"parent":2748,"menu_order":0,"comment_status":"closed","ping_status":"closed","template":"page-templates\/header-unterseiten.php","meta":{"_acf_changed":false,"inline_featured_image":false,"footnotes":""},"class_list":["post-2834","page","type-page","status-publish","has-post-thumbnail","hentry"],"acf":[],"yoast_head":"<!-- This site is optimized with the Yoast SEO plugin v27.3 - https:\/\/yoast.com\/product\/yoast-seo-wordpress\/ -->\n<title>Ash - Steiner<\/title>\n<meta name=\"robots\" content=\"index, follow, max-snippet:-1, max-image-preview:large, max-video-preview:-1\" \/>\n<link rel=\"canonical\" href=\"https:\/\/steiner-spiralen.de\/en\/conveyor-systems\/ash\/\" \/>\n<meta property=\"og:locale\" content=\"en_US\" \/>\n<meta property=\"og:type\" content=\"article\" \/>\n<meta property=\"og:title\" content=\"Ash - Steiner\" \/>\n<meta property=\"og:description\" content=\"[vc_section][vc_row][vc_column][vc_empty_space][\/vc_column][\/vc_row][vc_row][vc_column][vc_column_text]Ash is a by-product of burning organic materials such as wood or coal. When designing an ash handling system, it is important to pay attention to many details, such as moisture content, due to the poor flow properties of ash. For this reason, cooperation with experienced designers is essential. We have many years of experience &hellip; Continue reading &quot;Ash&quot;\" \/>\n<meta property=\"og:url\" content=\"https:\/\/steiner-spiralen.de\/en\/conveyor-systems\/ash\/\" \/>\n<meta property=\"og:site_name\" content=\"Steiner\" \/>\n<meta property=\"article:modified_time\" content=\"2023-10-12T14:09:49+00:00\" \/>\n<meta property=\"og:image\" content=\"https:\/\/steiner-spiralen.de\/wp-content\/uploads\/Asche-header.jpg\" \/>\n\t<meta property=\"og:image:width\" content=\"694\" \/>\n\t<meta property=\"og:image:height\" content=\"417\" \/>\n\t<meta property=\"og:image:type\" content=\"image\/jpeg\" \/>\n<meta name=\"twitter:card\" content=\"summary_large_image\" \/>\n<meta name=\"twitter:label1\" content=\"Est. reading time\" \/>\n\t<meta name=\"twitter:data1\" content=\"2 minutes\" \/>\n<script type=\"application\/ld+json\" class=\"yoast-schema-graph\">{\"@context\":\"https:\\\/\\\/schema.org\",\"@graph\":[{\"@type\":\"WebPage\",\"@id\":\"https:\\\/\\\/steiner-spiralen.de\\\/en\\\/conveyor-systems\\\/ash\\\/\",\"url\":\"https:\\\/\\\/steiner-spiralen.de\\\/en\\\/conveyor-systems\\\/ash\\\/\",\"name\":\"Ash - Steiner\",\"isPartOf\":{\"@id\":\"https:\\\/\\\/steiner-spiralen.de\\\/#website\"},\"primaryImageOfPage\":{\"@id\":\"https:\\\/\\\/steiner-spiralen.de\\\/en\\\/conveyor-systems\\\/ash\\\/#primaryimage\"},\"image\":{\"@id\":\"https:\\\/\\\/steiner-spiralen.de\\\/en\\\/conveyor-systems\\\/ash\\\/#primaryimage\"},\"thumbnailUrl\":\"https:\\\/\\\/steiner-spiralen.de\\\/wp-content\\\/uploads\\\/Asche-header.jpg\",\"datePublished\":\"2023-05-04T13:27:36+00:00\",\"dateModified\":\"2023-10-12T14:09:49+00:00\",\"breadcrumb\":{\"@id\":\"https:\\\/\\\/steiner-spiralen.de\\\/en\\\/conveyor-systems\\\/ash\\\/#breadcrumb\"},\"inLanguage\":\"en-US\",\"potentialAction\":[{\"@type\":\"ReadAction\",\"target\":[\"https:\\\/\\\/steiner-spiralen.de\\\/en\\\/conveyor-systems\\\/ash\\\/\"]}]},{\"@type\":\"ImageObject\",\"inLanguage\":\"en-US\",\"@id\":\"https:\\\/\\\/steiner-spiralen.de\\\/en\\\/conveyor-systems\\\/ash\\\/#primaryimage\",\"url\":\"https:\\\/\\\/steiner-spiralen.de\\\/wp-content\\\/uploads\\\/Asche-header.jpg\",\"contentUrl\":\"https:\\\/\\\/steiner-spiralen.de\\\/wp-content\\\/uploads\\\/Asche-header.jpg\",\"width\":694,\"height\":417},{\"@type\":\"BreadcrumbList\",\"@id\":\"https:\\\/\\\/steiner-spiralen.de\\\/en\\\/conveyor-systems\\\/ash\\\/#breadcrumb\",\"itemListElement\":[{\"@type\":\"ListItem\",\"position\":1,\"name\":\"Startseite\",\"item\":\"https:\\\/\\\/steiner-spiralen.de\\\/en\\\/homepage\\\/\"},{\"@type\":\"ListItem\",\"position\":2,\"name\":\"Conveyor systems\",\"item\":\"https:\\\/\\\/steiner-spiralen.de\\\/en\\\/conveyor-systems\\\/\"},{\"@type\":\"ListItem\",\"position\":3,\"name\":\"Ash\"}]},{\"@type\":\"WebSite\",\"@id\":\"https:\\\/\\\/steiner-spiralen.de\\\/#website\",\"url\":\"https:\\\/\\\/steiner-spiralen.de\\\/\",\"name\":\"Steiner Spiralen - Ihr Hersteller f\u00fcr F\u00f6rdertechnik und F\u00f6rderschnecken\",\"description\":\"\",\"publisher\":{\"@id\":\"https:\\\/\\\/steiner-spiralen.de\\\/#organization\"},\"potentialAction\":[{\"@type\":\"SearchAction\",\"target\":{\"@type\":\"EntryPoint\",\"urlTemplate\":\"https:\\\/\\\/steiner-spiralen.de\\\/?s={search_term_string}\"},\"query-input\":{\"@type\":\"PropertyValueSpecification\",\"valueRequired\":true,\"valueName\":\"search_term_string\"}}],\"inLanguage\":\"en-US\"},{\"@type\":\"Organization\",\"@id\":\"https:\\\/\\\/steiner-spiralen.de\\\/#organization\",\"name\":\"Steiner GmbH & Co. KG\",\"url\":\"https:\\\/\\\/steiner-spiralen.de\\\/\",\"logo\":{\"@type\":\"ImageObject\",\"inLanguage\":\"en-US\",\"@id\":\"https:\\\/\\\/steiner-spiralen.de\\\/#\\\/schema\\\/logo\\\/image\\\/\",\"url\":\"https:\\\/\\\/steiner-spiralen.de\\\/wp-content\\\/uploads\\\/steiner-logo.svg\",\"contentUrl\":\"https:\\\/\\\/steiner-spiralen.de\\\/wp-content\\\/uploads\\\/steiner-logo.svg\",\"width\":\"1024\",\"height\":\"1024\",\"caption\":\"Steiner GmbH & Co. KG\"},\"image\":{\"@id\":\"https:\\\/\\\/steiner-spiralen.de\\\/#\\\/schema\\\/logo\\\/image\\\/\"}}]}<\/script>\n<!-- \/ Yoast SEO plugin. -->","yoast_head_json":{"title":"Ash - Steiner","robots":{"index":"index","follow":"follow","max-snippet":"max-snippet:-1","max-image-preview":"max-image-preview:large","max-video-preview":"max-video-preview:-1"},"canonical":"https:\/\/steiner-spiralen.de\/en\/conveyor-systems\/ash\/","og_locale":"en_US","og_type":"article","og_title":"Ash - Steiner","og_description":"[vc_section][vc_row][vc_column][vc_empty_space][\/vc_column][\/vc_row][vc_row][vc_column][vc_column_text]Ash is a by-product of burning organic materials such as wood or coal. When designing an ash handling system, it is important to pay attention to many details, such as moisture content, due to the poor flow properties of ash. For this reason, cooperation with experienced designers is essential. We have many years of experience &hellip; Continue reading \"Ash\"","og_url":"https:\/\/steiner-spiralen.de\/en\/conveyor-systems\/ash\/","og_site_name":"Steiner","article_modified_time":"2023-10-12T14:09:49+00:00","og_image":[{"width":694,"height":417,"url":"https:\/\/steiner-spiralen.de\/wp-content\/uploads\/Asche-header.jpg","type":"image\/jpeg"}],"twitter_card":"summary_large_image","twitter_misc":{"Est. reading time":"2 minutes"},"schema":{"@context":"https:\/\/schema.org","@graph":[{"@type":"WebPage","@id":"https:\/\/steiner-spiralen.de\/en\/conveyor-systems\/ash\/","url":"https:\/\/steiner-spiralen.de\/en\/conveyor-systems\/ash\/","name":"Ash - Steiner","isPartOf":{"@id":"https:\/\/steiner-spiralen.de\/#website"},"primaryImageOfPage":{"@id":"https:\/\/steiner-spiralen.de\/en\/conveyor-systems\/ash\/#primaryimage"},"image":{"@id":"https:\/\/steiner-spiralen.de\/en\/conveyor-systems\/ash\/#primaryimage"},"thumbnailUrl":"https:\/\/steiner-spiralen.de\/wp-content\/uploads\/Asche-header.jpg","datePublished":"2023-05-04T13:27:36+00:00","dateModified":"2023-10-12T14:09:49+00:00","breadcrumb":{"@id":"https:\/\/steiner-spiralen.de\/en\/conveyor-systems\/ash\/#breadcrumb"},"inLanguage":"en-US","potentialAction":[{"@type":"ReadAction","target":["https:\/\/steiner-spiralen.de\/en\/conveyor-systems\/ash\/"]}]},{"@type":"ImageObject","inLanguage":"en-US","@id":"https:\/\/steiner-spiralen.de\/en\/conveyor-systems\/ash\/#primaryimage","url":"https:\/\/steiner-spiralen.de\/wp-content\/uploads\/Asche-header.jpg","contentUrl":"https:\/\/steiner-spiralen.de\/wp-content\/uploads\/Asche-header.jpg","width":694,"height":417},{"@type":"BreadcrumbList","@id":"https:\/\/steiner-spiralen.de\/en\/conveyor-systems\/ash\/#breadcrumb","itemListElement":[{"@type":"ListItem","position":1,"name":"Startseite","item":"https:\/\/steiner-spiralen.de\/en\/homepage\/"},{"@type":"ListItem","position":2,"name":"Conveyor systems","item":"https:\/\/steiner-spiralen.de\/en\/conveyor-systems\/"},{"@type":"ListItem","position":3,"name":"Ash"}]},{"@type":"WebSite","@id":"https:\/\/steiner-spiralen.de\/#website","url":"https:\/\/steiner-spiralen.de\/","name":"Steiner Spiralen - Ihr Hersteller f\u00fcr F\u00f6rdertechnik und F\u00f6rderschnecken","description":"","publisher":{"@id":"https:\/\/steiner-spiralen.de\/#organization"},"potentialAction":[{"@type":"SearchAction","target":{"@type":"EntryPoint","urlTemplate":"https:\/\/steiner-spiralen.de\/?s={search_term_string}"},"query-input":{"@type":"PropertyValueSpecification","valueRequired":true,"valueName":"search_term_string"}}],"inLanguage":"en-US"},{"@type":"Organization","@id":"https:\/\/steiner-spiralen.de\/#organization","name":"Steiner GmbH & Co. KG","url":"https:\/\/steiner-spiralen.de\/","logo":{"@type":"ImageObject","inLanguage":"en-US","@id":"https:\/\/steiner-spiralen.de\/#\/schema\/logo\/image\/","url":"https:\/\/steiner-spiralen.de\/wp-content\/uploads\/steiner-logo.svg","contentUrl":"https:\/\/steiner-spiralen.de\/wp-content\/uploads\/steiner-logo.svg","width":"1024","height":"1024","caption":"Steiner GmbH & Co. KG"},"image":{"@id":"https:\/\/steiner-spiralen.de\/#\/schema\/logo\/image\/"}}]}},"_links":{"self":[{"href":"https:\/\/steiner-spiralen.de\/en\/wp-json\/wp\/v2\/pages\/2834","targetHints":{"allow":["GET"]}}],"collection":[{"href":"https:\/\/steiner-spiralen.de\/en\/wp-json\/wp\/v2\/pages"}],"about":[{"href":"https:\/\/steiner-spiralen.de\/en\/wp-json\/wp\/v2\/types\/page"}],"author":[{"embeddable":true,"href":"https:\/\/steiner-spiralen.de\/en\/wp-json\/wp\/v2\/users\/1"}],"replies":[{"embeddable":true,"href":"https:\/\/steiner-spiralen.de\/en\/wp-json\/wp\/v2\/comments?post=2834"}],"version-history":[{"count":7,"href":"https:\/\/steiner-spiralen.de\/en\/wp-json\/wp\/v2\/pages\/2834\/revisions"}],"predecessor-version":[{"id":3375,"href":"https:\/\/steiner-spiralen.de\/en\/wp-json\/wp\/v2\/pages\/2834\/revisions\/3375"}],"up":[{"embeddable":true,"href":"https:\/\/steiner-spiralen.de\/en\/wp-json\/wp\/v2\/pages\/2748"}],"wp:featuredmedia":[{"embeddable":true,"href":"https:\/\/steiner-spiralen.de\/en\/wp-json\/wp\/v2\/media\/2311"}],"wp:attachment":[{"href":"https:\/\/steiner-spiralen.de\/en\/wp-json\/wp\/v2\/media?parent=2834"}],"curies":[{"name":"wp","href":"https:\/\/api.w.org\/{rel}","templated":true}]}}