{"id":2826,"date":"2023-05-04T15:33:30","date_gmt":"2023-05-04T13:33:30","guid":{"rendered":"https:\/\/steiner-spiralen.de\/filter-discharge\/"},"modified":"2023-10-12T15:32:21","modified_gmt":"2023-10-12T13:32:21","slug":"filter-discharge","status":"publish","type":"page","link":"https:\/\/steiner-spiralen.de\/en\/filter-discharge\/","title":{"rendered":"Filter discharge"},"content":{"rendered":"<div class=\"wpb-content-wrapper\"><p>[vc_section][vc_row][vc_column]\n    <div class=\"bld-position\"\n         style=\" text-align: left;\">\n        <a target=\"_blank\"            href=\"\/en\/general-technical-questionnaire\/\" class=\"bld-btn\" style=\"\">\n            Request conveyor        <\/a>\n    <\/div>\n\n    [vc_empty_space][\/vc_column][\/vc_row][vc_row][vc_column]\n    <div class=\"bld-image\">\n        <div class=\"inner-wrapper \">\n            <img decoding=\"async\" src=\"https:\/\/steiner-spiralen.de\/wp-content\/uploads\/Filteraustragung-1.jpg\">\n        <\/div>\n            <\/div>\n\n    [\/vc_column][\/vc_row][vc_row content_placement=&#8221;middle&#8221;][vc_column][vc_column_text]<strong>Efficient discharge thanks to rotary valves<\/strong><\/p>\n<p>Our spiral conveyor technology sets new standards in material processing. Advanced technology allows the filtered material to be selectively discharged and safely stored in silos or containers. Your requirements are diverse &#8211; our solutions are designed to optimize your operations.<\/p>\n<p>&nbsp;<\/p>\n<p><strong>Versatile solutions for different materials<\/strong><\/p>\n<p>We know that each material has unique properties. Therefore, we offer you the choice between our rigid spirals (type SG) and our flexible spirals (type SF). Whether you are processing coarse or fine filter material, our technology adapts to your needs. The rigid spirals offer robustness and stability for demanding materials, while the flexible spirals are ideal for materials that need to be handled gently and carefully.<\/p>\n<p>&nbsp;<\/p>\n<p><strong>Our expertise &#8211; your advantage<\/strong><\/p>\n<p>With many years of experience and a dedicated team of professionals, we are at your service. We understand that each project is unique. That&#8217;s why we offer not only first-class spiral conveying technology, but also comprehensive consulting to develop the tailor-made solution for your requirements. From planning to implementation, we are your reliable partner.[\/vc_column_text][\/vc_column][\/vc_row][\/vc_section][vc_row][vc_column]\n    <div class=\"image-slider-wrapper\" id=\"1095290719\">\n        <div class=\"image-slider\" data-featherlight-gallery\n             data-featherlight-filter=\"a\">\n                            <div class=\"slider-item\" style=\"width: 100%;\">\n                    <a href=\"https:\/\/steiner-spiralen.de\/wp-content\/uploads\/Filteraustragung-5.jpg\">\n                        <img decoding=\"async\" src=\"https:\/\/steiner-spiralen.de\/wp-content\/uploads\/Filteraustragung-5.jpg\">\n                    <\/a>\n                <\/div>\n                            <div class=\"slider-item\" style=\"width: 100%;\">\n                    <a href=\"https:\/\/steiner-spiralen.de\/wp-content\/uploads\/Filteraustragung-4.jpg\">\n                        <img decoding=\"async\" src=\"https:\/\/steiner-spiralen.de\/wp-content\/uploads\/Filteraustragung-4.jpg\">\n                    <\/a>\n                <\/div>\n                            <div class=\"slider-item\" style=\"width: 100%;\">\n                    <a href=\"https:\/\/steiner-spiralen.de\/wp-content\/uploads\/Filteraustragung-3.jpg\">\n                        <img decoding=\"async\" src=\"https:\/\/steiner-spiralen.de\/wp-content\/uploads\/Filteraustragung-3.jpg\">\n                    <\/a>\n                <\/div>\n                            <div class=\"slider-item\" style=\"width: 100%;\">\n                    <a href=\"https:\/\/steiner-spiralen.de\/wp-content\/uploads\/Filteraustragung-2.jpg\">\n                        <img decoding=\"async\" src=\"https:\/\/steiner-spiralen.de\/wp-content\/uploads\/Filteraustragung-2.jpg\">\n                    <\/a>\n                <\/div>\n                    <\/div>\n        <div class=\"image-slider-dots\">\n            <div class=\"prev\">\n                <svg class=\"normal\" width=\"68\" height=\"68\" viewBox=\"0 0 68 68\" fill=\"none\"\n                     xmlns=\"http:\/\/www.w3.org\/2000\/svg\">\n                    <rect x=\"68\" y=\"68\" width=\"68\" height=\"68\" transform=\"rotate(-180 68 68)\" fill=\"#3A3A3A\"\n                          fill-opacity=\"0.3\"\/>\n                    <path d=\"M35 39L29.9 33.9L35 28.8\" stroke=\"#ffffff\" stroke-width=\"1.5\"\/>\n                <\/svg>\n                <svg class=\"hover\" width=\"68\" height=\"68\" viewBox=\"0 0 68 68\" fill=\"none\"\n                     xmlns=\"http:\/\/www.w3.org\/2000\/svg\">\n                    <rect x=\"68\" y=\"68\" width=\"68\" height=\"68\" transform=\"rotate(-180 68 68)\" fill=\"#3A3A3A\"\n                          fill-opacity=\"1\"\/>\n                    <path d=\"M35 39L29.9 33.9L35 28.8\" stroke=\"#fff\" stroke-width=\"1.5\"\/>\n                <\/svg>\n            <\/div>\n            <div class=\"next\">\n                <svg class=\"normal\" width=\"68\" height=\"68\" viewBox=\"0 0 68 68\" fill=\"none\"\n                     xmlns=\"http:\/\/www.w3.org\/2000\/svg\">\n                    <rect width=\"68\" height=\"68\" fill=\"#3A3A3A\" fill-opacity=\"0.3\"\/>\n                    <path d=\"M33 29L38.1 34.1L33 39.2\" stroke=\"#ffffff\" stroke-width=\"1.5\"\/>\n                <\/svg>\n                <svg class=\"hover\" width=\"68\" height=\"68\" viewBox=\"0 0 68 68\" fill=\"none\"\n                     xmlns=\"http:\/\/www.w3.org\/2000\/svg\">\n                    <rect width=\"68\" height=\"68\" fill=\"#3A3A3A\"\/>\n                    <path d=\"M33 29L38.1 34.1L33 39.2\" stroke=\"white\" stroke-width=\"1.5\"\/>\n                <\/svg>\n            <\/div>\n        <\/div>\n    <\/div>\n\n    <script>\n        \/\/ Initialize kunden slick slider\n        jQuery(document).ready(function ($) {\n            \/\/ Check if already loaded\/initialized\n            $('#1095290719 .image-slider').slick({\n                arrows: true,\n                slidesToShow: 3,\n                slidesToScroll: 3,\n                prevArrow: $('#1095290719 .image-slider-dots .prev'),\n                nextArrow: $('#1095290719 .image-slider-dots .next'),\n                infinite: true,\n                autoplay: true,\n                autoplaySpeed: 3000,\n                responsive: [\n                    {\n                        breakpoint: 780,\n                        settings: {\n                            slidesToShow: 2,\n                            slidesToScroll: 2,\n                        }\n                    },\n                    {\n                        breakpoint: 460,\n                        settings: {\n                            slidesToShow: 1,\n                            slidesToScroll: 1,\n                        }\n                    },\n                ]\n            });\n        });\n    <\/script>\n\n\n    [\/vc_column][\/vc_row][vc_section][vc_row][vc_column]\n    <div class=\"heading \"\n         style=\"text-align: left;\">\n                    <h2>A selection of our projects<\/h2>\n            <\/div>\n\n\n    [\/vc_column][\/vc_row][vc_row][vc_column]\n    <div class=\"referenz-listing\">\n                        <div class=\"ref-item\">\n                    <a href=\"https:\/\/steiner-spiralen.de\/en\/referenzen\/filter-discharge-flexible-conveyor\/\">\n                        <div class=\"inner\">\n                            <div class=\"image\">\n                                <img decoding=\"async\" src=\"https:\/\/steiner-spiralen.de\/wp-content\/uploads\/Filteraustragung-Flexibel-Spiralfoerderer-Schneckenfoerderer_1.jpg\">\n                            <\/div>\n                            <div class=\"text-wrapper\">\n                                <h3>Filter discharge Flexible conveyor<\/h3>\n                                <div class=\"text\"><\/div>\n                            <\/div>\n                            <div class=\"btn\">go to reference<\/div>\n                        <\/div>\n                    <\/a>\n                <\/div>\n                                <div class=\"ref-item\">\n                    <a href=\"https:\/\/steiner-spiralen.de\/en\/referenzen\/filter-discharge-rigid-conveyor\/\">\n                        <div class=\"inner\">\n                            <div class=\"image\">\n                                <img decoding=\"async\" src=\"https:\/\/steiner-spiralen.de\/wp-content\/uploads\/Filteraustragung-Schneckefoerderer-Spiralfoerderer.jpg\">\n                            <\/div>\n                            <div class=\"text-wrapper\">\n                                <h3>Filter discharge Rigid conveyor<\/h3>\n                                <div class=\"text\"><\/div>\n                            <\/div>\n                            <div class=\"btn\">go to reference<\/div>\n                        <\/div>\n                    <\/a>\n                <\/div>\n                                <div class=\"ref-item\">\n                    <a href=\"https:\/\/steiner-spiralen.de\/en\/referenzen\/shredder-discharge-rigid-conveyor-wood-chips\/\">\n                        <div class=\"inner\">\n                            <div class=\"image\">\n                                <img decoding=\"async\" src=\"https:\/\/steiner-spiralen.de\/wp-content\/uploads\/Shredderaustragung-Schneckenfoerderer-2-scaled.jpg\">\n                            <\/div>\n                            <div class=\"text-wrapper\">\n                                <h3>Shredder discharge \/ Rigid conveyor \/ Wood chips<\/h3>\n                                <div class=\"text\"><\/div>\n                            <\/div>\n                            <div class=\"btn\">go to reference<\/div>\n                        <\/div>\n                    <\/a>\n                <\/div>\n                                <div class=\"ref-item\">\n                    <a href=\"https:\/\/steiner-spiralen.de\/en\/referenzen\/shredder-discharge-wood-chips-rigid-conveyor-container-filling\/\">\n                        <div class=\"inner\">\n                            <div class=\"image\">\n                                <img decoding=\"async\" src=\"https:\/\/steiner-spiralen.de\/wp-content\/uploads\/Shredderaustragung.jpg\">\n                            <\/div>\n                            <div class=\"text-wrapper\">\n                                <h3>Shredder discharge wood chips \/ Rigid conveyor \/ Container filling<\/h3>\n                                <div class=\"text\"><\/div>\n                            <\/div>\n                            <div class=\"btn\">go to reference<\/div>\n                        <\/div>\n                    <\/a>\n                <\/div>\n                                <div class=\"ref-item\">\n                    <a href=\"https:\/\/steiner-spiralen.de\/en\/referenzen\/moving-floor-discharge-silo-filling-wood-chips\/\">\n                        <div class=\"inner\">\n                            <div class=\"image\">\n                                <img decoding=\"async\" src=\"https:\/\/steiner-spiralen.de\/wp-content\/uploads\/Schubbodenaustragung-Schneckenfoerderer-Silobefuellung-Spiralfoerderer-2-scaled-1.jpg\">\n                            <\/div>\n                            <div class=\"text-wrapper\">\n                                <h3>Moving floor discharge \/ silo filling wood chips<\/h3>\n                                <div class=\"text\"><\/div>\n                            <\/div>\n                            <div class=\"btn\">go to reference<\/div>\n                        <\/div>\n                    <\/a>\n                <\/div>\n                                <div class=\"ref-item\">\n                    <a href=\"https:\/\/steiner-spiralen.de\/en\/referenzen\/bunker-filling-wood-chips\/\">\n                        <div class=\"inner\">\n                            <div class=\"image\">\n                                <img decoding=\"async\" src=\"https:\/\/steiner-spiralen.de\/wp-content\/uploads\/Spiralfoerderanlage_SG_280_350.jpg\">\n                            <\/div>\n                            <div class=\"text-wrapper\">\n                                <h3>Bunker filling \/ wood chips<\/h3>\n                                <div class=\"text\"><\/div>\n                            <\/div>\n                            <div class=\"btn\">go to reference<\/div>\n                        <\/div>\n                    <\/a>\n                <\/div>\n                                <div class=\"ref-item\">\n                    <a href=\"https:\/\/steiner-spiralen.de\/en\/referenzen\/shredder-discharge-with-fe-parts-separator\/\">\n                        <div class=\"inner\">\n                            <div class=\"image\">\n                                <img decoding=\"async\" src=\"https:\/\/steiner-spiralen.de\/wp-content\/uploads\/Shredderaustragung-Magnetabscheider-Shredder-Schneckenfoerderer-Spiralfoerderer-4-scaled.jpg\">\n                            <\/div>\n                            <div class=\"text-wrapper\">\n                                <h3>Shredder discharge with FE parts separator<\/h3>\n                                <div class=\"text\"><\/div>\n                            <\/div>\n                            <div class=\"btn\">go to reference<\/div>\n                        <\/div>\n                    <\/a>\n                <\/div>\n                                <div class=\"ref-item\">\n                    <a href=\"https:\/\/steiner-spiralen.de\/en\/referenzen\/wood-chips-conveying-recessed-receiving-hopper\/\">\n                        <div class=\"inner\">\n                            <div class=\"image\">\n                                <img decoding=\"async\" src=\"https:\/\/steiner-spiralen.de\/wp-content\/uploads\/Hackschnitzelerzeugung-Koppermueller-SG350-SG450.jpg\">\n                            <\/div>\n                            <div class=\"text-wrapper\">\n                                <h3>Wood chips conveying \/ Recessed receiving hopper<\/h3>\n                                <div class=\"text\"><\/div>\n                            <\/div>\n                            <div class=\"btn\">go to reference<\/div>\n                        <\/div>\n                    <\/a>\n                <\/div>\n                    <\/div>\n\n\n    [\/vc_column][\/vc_row][\/vc_section]<\/p>\n<\/div>","protected":false},"excerpt":{"rendered":"<p>[vc_section][vc_row][vc_column][vc_empty_space][\/vc_column][\/vc_row][vc_row][vc_column][\/vc_column][\/vc_row][vc_row content_placement=&#8221;middle&#8221;][vc_column][vc_column_text]Efficient discharge thanks to rotary valves Our spiral conveyor technology sets new standards in material processing. Advanced technology allows the filtered material to be selectively discharged and safely stored in silos or containers. Your requirements are diverse &#8211; our solutions are designed to optimize your operations. &nbsp; Versatile solutions for different materials We know &hellip; <\/p>\n<p class=\"link-more\"><a href=\"https:\/\/steiner-spiralen.de\/en\/filter-discharge\/\" class=\"more-link\">Continue reading<span class=\"screen-reader-text\"> &#8220;Filter discharge&#8221;<\/span><\/a><\/p>\n","protected":false},"author":1,"featured_media":2533,"parent":0,"menu_order":0,"comment_status":"closed","ping_status":"closed","template":"","meta":{"_acf_changed":false,"inline_featured_image":false,"footnotes":""},"class_list":["post-2826","page","type-page","status-publish","has-post-thumbnail","hentry"],"acf":[],"yoast_head":"<!-- This site is optimized with the Yoast SEO plugin v27.3 - https:\/\/yoast.com\/product\/yoast-seo-wordpress\/ -->\n<title>Filter discharge - Steiner<\/title>\n<meta name=\"robots\" content=\"index, follow, max-snippet:-1, max-image-preview:large, max-video-preview:-1\" \/>\n<link rel=\"canonical\" href=\"https:\/\/steiner-spiralen.de\/en\/filter-discharge\/\" \/>\n<meta property=\"og:locale\" content=\"en_US\" \/>\n<meta property=\"og:type\" content=\"article\" \/>\n<meta property=\"og:title\" content=\"Filter discharge - Steiner\" \/>\n<meta property=\"og:description\" content=\"[vc_section][vc_row][vc_column][vc_empty_space][\/vc_column][\/vc_row][vc_row][vc_column][\/vc_column][\/vc_row][vc_row content_placement=&#8221;middle&#8221;][vc_column][vc_column_text]Efficient discharge thanks to rotary valves Our spiral conveyor technology sets new standards in material processing. Advanced technology allows the filtered material to be selectively discharged and safely stored in silos or containers. Your requirements are diverse &#8211; our solutions are designed to optimize your operations. &nbsp; Versatile solutions for different materials We know &hellip; Continue reading &quot;Filter discharge&quot;\" \/>\n<meta property=\"og:url\" content=\"https:\/\/steiner-spiralen.de\/en\/filter-discharge\/\" \/>\n<meta property=\"og:site_name\" content=\"Steiner\" \/>\n<meta property=\"article:modified_time\" content=\"2023-10-12T13:32:21+00:00\" \/>\n<meta property=\"og:image\" content=\"https:\/\/steiner-spiralen.de\/wp-content\/uploads\/filteraustragung.png\" \/>\n\t<meta property=\"og:image:width\" content=\"1900\" \/>\n\t<meta property=\"og:image:height\" content=\"395\" \/>\n\t<meta property=\"og:image:type\" content=\"image\/png\" \/>\n<meta name=\"twitter:card\" content=\"summary_large_image\" \/>\n<meta name=\"twitter:label1\" content=\"Est. reading time\" \/>\n\t<meta name=\"twitter:data1\" content=\"1 minute\" \/>\n<script type=\"application\/ld+json\" class=\"yoast-schema-graph\">{\"@context\":\"https:\\\/\\\/schema.org\",\"@graph\":[{\"@type\":\"WebPage\",\"@id\":\"https:\\\/\\\/steiner-spiralen.de\\\/en\\\/filter-discharge\\\/\",\"url\":\"https:\\\/\\\/steiner-spiralen.de\\\/en\\\/filter-discharge\\\/\",\"name\":\"Filter discharge - Steiner\",\"isPartOf\":{\"@id\":\"https:\\\/\\\/steiner-spiralen.de\\\/#website\"},\"primaryImageOfPage\":{\"@id\":\"https:\\\/\\\/steiner-spiralen.de\\\/en\\\/filter-discharge\\\/#primaryimage\"},\"image\":{\"@id\":\"https:\\\/\\\/steiner-spiralen.de\\\/en\\\/filter-discharge\\\/#primaryimage\"},\"thumbnailUrl\":\"https:\\\/\\\/steiner-spiralen.de\\\/wp-content\\\/uploads\\\/filteraustragung.png\",\"datePublished\":\"2023-05-04T13:33:30+00:00\",\"dateModified\":\"2023-10-12T13:32:21+00:00\",\"breadcrumb\":{\"@id\":\"https:\\\/\\\/steiner-spiralen.de\\\/en\\\/filter-discharge\\\/#breadcrumb\"},\"inLanguage\":\"en-US\",\"potentialAction\":[{\"@type\":\"ReadAction\",\"target\":[\"https:\\\/\\\/steiner-spiralen.de\\\/en\\\/filter-discharge\\\/\"]}]},{\"@type\":\"ImageObject\",\"inLanguage\":\"en-US\",\"@id\":\"https:\\\/\\\/steiner-spiralen.de\\\/en\\\/filter-discharge\\\/#primaryimage\",\"url\":\"https:\\\/\\\/steiner-spiralen.de\\\/wp-content\\\/uploads\\\/filteraustragung.png\",\"contentUrl\":\"https:\\\/\\\/steiner-spiralen.de\\\/wp-content\\\/uploads\\\/filteraustragung.png\",\"width\":1900,\"height\":395},{\"@type\":\"BreadcrumbList\",\"@id\":\"https:\\\/\\\/steiner-spiralen.de\\\/en\\\/filter-discharge\\\/#breadcrumb\",\"itemListElement\":[{\"@type\":\"ListItem\",\"position\":1,\"name\":\"Startseite\",\"item\":\"https:\\\/\\\/steiner-spiralen.de\\\/en\\\/homepage\\\/\"},{\"@type\":\"ListItem\",\"position\":2,\"name\":\"Filter discharge\"}]},{\"@type\":\"WebSite\",\"@id\":\"https:\\\/\\\/steiner-spiralen.de\\\/#website\",\"url\":\"https:\\\/\\\/steiner-spiralen.de\\\/\",\"name\":\"Steiner Spiralen - Ihr Hersteller f\u00fcr F\u00f6rdertechnik und F\u00f6rderschnecken\",\"description\":\"\",\"publisher\":{\"@id\":\"https:\\\/\\\/steiner-spiralen.de\\\/#organization\"},\"potentialAction\":[{\"@type\":\"SearchAction\",\"target\":{\"@type\":\"EntryPoint\",\"urlTemplate\":\"https:\\\/\\\/steiner-spiralen.de\\\/?s={search_term_string}\"},\"query-input\":{\"@type\":\"PropertyValueSpecification\",\"valueRequired\":true,\"valueName\":\"search_term_string\"}}],\"inLanguage\":\"en-US\"},{\"@type\":\"Organization\",\"@id\":\"https:\\\/\\\/steiner-spiralen.de\\\/#organization\",\"name\":\"Steiner GmbH & Co. KG\",\"url\":\"https:\\\/\\\/steiner-spiralen.de\\\/\",\"logo\":{\"@type\":\"ImageObject\",\"inLanguage\":\"en-US\",\"@id\":\"https:\\\/\\\/steiner-spiralen.de\\\/#\\\/schema\\\/logo\\\/image\\\/\",\"url\":\"https:\\\/\\\/steiner-spiralen.de\\\/wp-content\\\/uploads\\\/steiner-logo.svg\",\"contentUrl\":\"https:\\\/\\\/steiner-spiralen.de\\\/wp-content\\\/uploads\\\/steiner-logo.svg\",\"width\":\"1024\",\"height\":\"1024\",\"caption\":\"Steiner GmbH & Co. KG\"},\"image\":{\"@id\":\"https:\\\/\\\/steiner-spiralen.de\\\/#\\\/schema\\\/logo\\\/image\\\/\"}}]}<\/script>\n<!-- \/ Yoast SEO plugin. -->","yoast_head_json":{"title":"Filter discharge - Steiner","robots":{"index":"index","follow":"follow","max-snippet":"max-snippet:-1","max-image-preview":"max-image-preview:large","max-video-preview":"max-video-preview:-1"},"canonical":"https:\/\/steiner-spiralen.de\/en\/filter-discharge\/","og_locale":"en_US","og_type":"article","og_title":"Filter discharge - Steiner","og_description":"[vc_section][vc_row][vc_column][vc_empty_space][\/vc_column][\/vc_row][vc_row][vc_column][\/vc_column][\/vc_row][vc_row content_placement=&#8221;middle&#8221;][vc_column][vc_column_text]Efficient discharge thanks to rotary valves Our spiral conveyor technology sets new standards in material processing. Advanced technology allows the filtered material to be selectively discharged and safely stored in silos or containers. Your requirements are diverse &#8211; our solutions are designed to optimize your operations. &nbsp; Versatile solutions for different materials We know &hellip; Continue reading \"Filter discharge\"","og_url":"https:\/\/steiner-spiralen.de\/en\/filter-discharge\/","og_site_name":"Steiner","article_modified_time":"2023-10-12T13:32:21+00:00","og_image":[{"width":1900,"height":395,"url":"https:\/\/steiner-spiralen.de\/wp-content\/uploads\/filteraustragung.png","type":"image\/png"}],"twitter_card":"summary_large_image","twitter_misc":{"Est. reading time":"1 minute"},"schema":{"@context":"https:\/\/schema.org","@graph":[{"@type":"WebPage","@id":"https:\/\/steiner-spiralen.de\/en\/filter-discharge\/","url":"https:\/\/steiner-spiralen.de\/en\/filter-discharge\/","name":"Filter discharge - Steiner","isPartOf":{"@id":"https:\/\/steiner-spiralen.de\/#website"},"primaryImageOfPage":{"@id":"https:\/\/steiner-spiralen.de\/en\/filter-discharge\/#primaryimage"},"image":{"@id":"https:\/\/steiner-spiralen.de\/en\/filter-discharge\/#primaryimage"},"thumbnailUrl":"https:\/\/steiner-spiralen.de\/wp-content\/uploads\/filteraustragung.png","datePublished":"2023-05-04T13:33:30+00:00","dateModified":"2023-10-12T13:32:21+00:00","breadcrumb":{"@id":"https:\/\/steiner-spiralen.de\/en\/filter-discharge\/#breadcrumb"},"inLanguage":"en-US","potentialAction":[{"@type":"ReadAction","target":["https:\/\/steiner-spiralen.de\/en\/filter-discharge\/"]}]},{"@type":"ImageObject","inLanguage":"en-US","@id":"https:\/\/steiner-spiralen.de\/en\/filter-discharge\/#primaryimage","url":"https:\/\/steiner-spiralen.de\/wp-content\/uploads\/filteraustragung.png","contentUrl":"https:\/\/steiner-spiralen.de\/wp-content\/uploads\/filteraustragung.png","width":1900,"height":395},{"@type":"BreadcrumbList","@id":"https:\/\/steiner-spiralen.de\/en\/filter-discharge\/#breadcrumb","itemListElement":[{"@type":"ListItem","position":1,"name":"Startseite","item":"https:\/\/steiner-spiralen.de\/en\/homepage\/"},{"@type":"ListItem","position":2,"name":"Filter discharge"}]},{"@type":"WebSite","@id":"https:\/\/steiner-spiralen.de\/#website","url":"https:\/\/steiner-spiralen.de\/","name":"Steiner Spiralen - Ihr Hersteller f\u00fcr F\u00f6rdertechnik und F\u00f6rderschnecken","description":"","publisher":{"@id":"https:\/\/steiner-spiralen.de\/#organization"},"potentialAction":[{"@type":"SearchAction","target":{"@type":"EntryPoint","urlTemplate":"https:\/\/steiner-spiralen.de\/?s={search_term_string}"},"query-input":{"@type":"PropertyValueSpecification","valueRequired":true,"valueName":"search_term_string"}}],"inLanguage":"en-US"},{"@type":"Organization","@id":"https:\/\/steiner-spiralen.de\/#organization","name":"Steiner GmbH & Co. KG","url":"https:\/\/steiner-spiralen.de\/","logo":{"@type":"ImageObject","inLanguage":"en-US","@id":"https:\/\/steiner-spiralen.de\/#\/schema\/logo\/image\/","url":"https:\/\/steiner-spiralen.de\/wp-content\/uploads\/steiner-logo.svg","contentUrl":"https:\/\/steiner-spiralen.de\/wp-content\/uploads\/steiner-logo.svg","width":"1024","height":"1024","caption":"Steiner GmbH & Co. KG"},"image":{"@id":"https:\/\/steiner-spiralen.de\/#\/schema\/logo\/image\/"}}]}},"_links":{"self":[{"href":"https:\/\/steiner-spiralen.de\/en\/wp-json\/wp\/v2\/pages\/2826","targetHints":{"allow":["GET"]}}],"collection":[{"href":"https:\/\/steiner-spiralen.de\/en\/wp-json\/wp\/v2\/pages"}],"about":[{"href":"https:\/\/steiner-spiralen.de\/en\/wp-json\/wp\/v2\/types\/page"}],"author":[{"embeddable":true,"href":"https:\/\/steiner-spiralen.de\/en\/wp-json\/wp\/v2\/users\/1"}],"replies":[{"embeddable":true,"href":"https:\/\/steiner-spiralen.de\/en\/wp-json\/wp\/v2\/comments?post=2826"}],"version-history":[{"count":5,"href":"https:\/\/steiner-spiralen.de\/en\/wp-json\/wp\/v2\/pages\/2826\/revisions"}],"predecessor-version":[{"id":3368,"href":"https:\/\/steiner-spiralen.de\/en\/wp-json\/wp\/v2\/pages\/2826\/revisions\/3368"}],"wp:featuredmedia":[{"embeddable":true,"href":"https:\/\/steiner-spiralen.de\/en\/wp-json\/wp\/v2\/media\/2533"}],"wp:attachment":[{"href":"https:\/\/steiner-spiralen.de\/en\/wp-json\/wp\/v2\/media?parent=2826"}],"curies":[{"name":"wp","href":"https:\/\/api.w.org\/{rel}","templated":true}]}}