{"id":2800,"date":"2023-05-02T11:25:09","date_gmt":"2023-05-02T09:25:09","guid":{"rendered":"https:\/\/steiner-spiralen.de\/about-us\/insight-into-the-production\/"},"modified":"2023-10-12T14:52:44","modified_gmt":"2023-10-12T12:52:44","slug":"insight-into-the-production","status":"publish","type":"page","link":"https:\/\/steiner-spiralen.de\/en\/about-us\/insight-into-the-production\/","title":{"rendered":"Insight into the production"},"content":{"rendered":"<div class=\"wpb-content-wrapper\"><p>[vc_section][vc_row][vc_column]\n    <div class=\"heading \"\n         style=\"text-align: left;\">\n                    <div class=\"pre-headline\">About Us<\/div>\n                        <h2>All from a single source<\/h2>\n            <\/div>\n\n\n    [vc_column_text]On our premises in Kirchdorf am Inn, planning, design and manufacturing are carried out directly. From the first screw to the last weld, we have everything in view. This holistic approach enables us to guarantee high quality equipment. Each step of the manufacturing process is carefully monitored by our experienced team.<\/p>\n<p>We rely on first-class materials and state-of-the-art technologies to produce durable and low-maintenance equipment.<br \/>\nIn our production, we value precision and craftsmanship. Every detail is carefully planned and implemented to meet the high requirements and needs of our customers.<\/p>\n<p>Our staff has years of experience and expertise to ensure that each installation meets the highest quality standards.<br \/>\nWe continuously invest in modern production facilities and always keep up to date with the latest technologies and trends.<\/p>\n<p>Please feel free to visit us in Kirchdorf am Inn and take a look behind the scenes of our production. We look forward to showing you how we manufacture your conveyor systems with passion and care.[\/vc_column_text][\/vc_column][\/vc_row][vc_row][vc_column width=&#8221;1\/2&#8243;][vc_video link=&#8221;https:\/\/www.youtube.com\/watch?v=gVbyKmZ68Cc&#8221;][\/vc_column][vc_column width=&#8221;1\/2&#8243;][vc_video link=&#8221;https:\/\/www.youtube.com\/watch?v=Amo9UXVS5x0&#8243;][\/vc_column][\/vc_row][vc_row][vc_column][vc_video link=&#8221;https:\/\/www.youtube.com\/watch?v=xhv37G4c-3w&#8221;][\/vc_column][\/vc_row][vc_row][vc_column]\n    <div class=\"image-slider-wrapper\" id=\"1530994796\">\n        <div class=\"image-slider\" data-featherlight-gallery\n             data-featherlight-filter=\"a\">\n                            <div class=\"slider-item\" style=\"width: 100%;\">\n                    <a href=\"https:\/\/steiner-spiralen.de\/wp-content\/uploads\/einblicke_15.jpg\">\n                        <img decoding=\"async\" src=\"https:\/\/steiner-spiralen.de\/wp-content\/uploads\/einblicke_15.jpg\">\n                    <\/a>\n                <\/div>\n                            <div class=\"slider-item\" style=\"width: 100%;\">\n                    <a href=\"https:\/\/steiner-spiralen.de\/wp-content\/uploads\/Produktionshallenbau_1_web.jpg\">\n                        <img decoding=\"async\" src=\"https:\/\/steiner-spiralen.de\/wp-content\/uploads\/Produktionshallenbau_1_web.jpg\">\n                    <\/a>\n                <\/div>\n                            <div class=\"slider-item\" style=\"width: 100%;\">\n                    <a href=\"https:\/\/steiner-spiralen.de\/wp-content\/uploads\/einblicke_1-1.jpg\">\n                        <img decoding=\"async\" src=\"https:\/\/steiner-spiralen.de\/wp-content\/uploads\/einblicke_1-1.jpg\">\n                    <\/a>\n                <\/div>\n                            <div class=\"slider-item\" style=\"width: 100%;\">\n                    <a href=\"https:\/\/steiner-spiralen.de\/wp-content\/uploads\/Einblick-in-die-Produktion-7.jpg\">\n                        <img decoding=\"async\" src=\"https:\/\/steiner-spiralen.de\/wp-content\/uploads\/Einblick-in-die-Produktion-7.jpg\">\n                    <\/a>\n                <\/div>\n                            <div class=\"slider-item\" style=\"width: 100%;\">\n                    <a href=\"https:\/\/steiner-spiralen.de\/wp-content\/uploads\/Einblick-in-die-Produktion-2.jpg\">\n                        <img decoding=\"async\" src=\"https:\/\/steiner-spiralen.de\/wp-content\/uploads\/Einblick-in-die-Produktion-2.jpg\">\n                    <\/a>\n                <\/div>\n                            <div class=\"slider-item\" style=\"width: 100%;\">\n                    <a href=\"https:\/\/steiner-spiralen.de\/wp-content\/uploads\/einblicke_2.jpg\">\n                        <img decoding=\"async\" src=\"https:\/\/steiner-spiralen.de\/wp-content\/uploads\/einblicke_2.jpg\">\n                    <\/a>\n                <\/div>\n                            <div class=\"slider-item\" style=\"width: 100%;\">\n                    <a href=\"https:\/\/steiner-spiralen.de\/wp-content\/uploads\/einblicke_3.jpg\">\n                        <img decoding=\"async\" src=\"https:\/\/steiner-spiralen.de\/wp-content\/uploads\/einblicke_3.jpg\">\n                    <\/a>\n                <\/div>\n                            <div class=\"slider-item\" style=\"width: 100%;\">\n                    <a href=\"https:\/\/steiner-spiralen.de\/wp-content\/uploads\/einblicke_4.jpg\">\n                        <img decoding=\"async\" src=\"https:\/\/steiner-spiralen.de\/wp-content\/uploads\/einblicke_4.jpg\">\n                    <\/a>\n                <\/div>\n                            <div class=\"slider-item\" style=\"width: 100%;\">\n                    <a href=\"https:\/\/steiner-spiralen.de\/wp-content\/uploads\/einblicke_5.jpg\">\n                        <img decoding=\"async\" src=\"https:\/\/steiner-spiralen.de\/wp-content\/uploads\/einblicke_5.jpg\">\n                    <\/a>\n                <\/div>\n                            <div class=\"slider-item\" style=\"width: 100%;\">\n                    <a href=\"https:\/\/steiner-spiralen.de\/wp-content\/uploads\/einblicke_14.jpg\">\n                        <img decoding=\"async\" src=\"https:\/\/steiner-spiralen.de\/wp-content\/uploads\/einblicke_14.jpg\">\n                    <\/a>\n                <\/div>\n                            <div class=\"slider-item\" style=\"width: 100%;\">\n                    <a href=\"https:\/\/steiner-spiralen.de\/wp-content\/uploads\/einblicke_6.jpg\">\n                        <img decoding=\"async\" src=\"https:\/\/steiner-spiralen.de\/wp-content\/uploads\/einblicke_6.jpg\">\n                    <\/a>\n                <\/div>\n                            <div class=\"slider-item\" style=\"width: 100%;\">\n                    <a href=\"https:\/\/steiner-spiralen.de\/wp-content\/uploads\/einblicke_7.jpg\">\n                        <img decoding=\"async\" src=\"https:\/\/steiner-spiralen.de\/wp-content\/uploads\/einblicke_7.jpg\">\n                    <\/a>\n                <\/div>\n                            <div class=\"slider-item\" style=\"width: 100%;\">\n                    <a href=\"https:\/\/steiner-spiralen.de\/wp-content\/uploads\/einblicke_8.jpg\">\n                        <img decoding=\"async\" src=\"https:\/\/steiner-spiralen.de\/wp-content\/uploads\/einblicke_8.jpg\">\n                    <\/a>\n                <\/div>\n                            <div class=\"slider-item\" style=\"width: 100%;\">\n                    <a href=\"https:\/\/steiner-spiralen.de\/wp-content\/uploads\/einblicke_11.jpg\">\n                        <img decoding=\"async\" src=\"https:\/\/steiner-spiralen.de\/wp-content\/uploads\/einblicke_11.jpg\">\n                    <\/a>\n                <\/div>\n                            <div class=\"slider-item\" style=\"width: 100%;\">\n                    <a href=\"https:\/\/steiner-spiralen.de\/wp-content\/uploads\/einblicke_13.jpg\">\n                        <img decoding=\"async\" src=\"https:\/\/steiner-spiralen.de\/wp-content\/uploads\/einblicke_13.jpg\">\n                    <\/a>\n                <\/div>\n                            <div class=\"slider-item\" style=\"width: 100%;\">\n                    <a href=\"https:\/\/steiner-spiralen.de\/wp-content\/uploads\/einblicke_9.jpg\">\n                        <img decoding=\"async\" src=\"https:\/\/steiner-spiralen.de\/wp-content\/uploads\/einblicke_9.jpg\">\n                    <\/a>\n                <\/div>\n                            <div class=\"slider-item\" style=\"width: 100%;\">\n                    <a href=\"https:\/\/steiner-spiralen.de\/wp-content\/uploads\/einblicke_16.jpg\">\n                        <img decoding=\"async\" src=\"https:\/\/steiner-spiralen.de\/wp-content\/uploads\/einblicke_16.jpg\">\n                    <\/a>\n                <\/div>\n                            <div class=\"slider-item\" style=\"width: 100%;\">\n                    <a href=\"https:\/\/steiner-spiralen.de\/wp-content\/uploads\/Einblick-in-die-Produktion-5.jpg\">\n                        <img decoding=\"async\" src=\"https:\/\/steiner-spiralen.de\/wp-content\/uploads\/Einblick-in-die-Produktion-5.jpg\">\n                    <\/a>\n                <\/div>\n                            <div class=\"slider-item\" style=\"width: 100%;\">\n                    <a href=\"https:\/\/steiner-spiralen.de\/wp-content\/uploads\/Einblick-in-die-Produktion-4.jpg\">\n                        <img decoding=\"async\" src=\"https:\/\/steiner-spiralen.de\/wp-content\/uploads\/Einblick-in-die-Produktion-4.jpg\">\n                    <\/a>\n                <\/div>\n                            <div class=\"slider-item\" style=\"width: 100%;\">\n                    <a href=\"https:\/\/steiner-spiralen.de\/wp-content\/uploads\/Einblick-in-die-Produktion-3.jpg\">\n                        <img decoding=\"async\" src=\"https:\/\/steiner-spiralen.de\/wp-content\/uploads\/Einblick-in-die-Produktion-3.jpg\">\n                    <\/a>\n                <\/div>\n                            <div class=\"slider-item\" style=\"width: 100%;\">\n                    <a href=\"https:\/\/steiner-spiralen.de\/wp-content\/uploads\/Einblick-in-die-Produktion-1.jpg\">\n                        <img decoding=\"async\" src=\"https:\/\/steiner-spiralen.de\/wp-content\/uploads\/Einblick-in-die-Produktion-1.jpg\">\n                    <\/a>\n                <\/div>\n                    <\/div>\n        <div class=\"image-slider-dots\">\n            <div class=\"prev\">\n                <svg class=\"normal\" width=\"68\" height=\"68\" viewBox=\"0 0 68 68\" fill=\"none\"\n                     xmlns=\"http:\/\/www.w3.org\/2000\/svg\">\n                    <rect x=\"68\" y=\"68\" width=\"68\" height=\"68\" transform=\"rotate(-180 68 68)\" fill=\"#3A3A3A\"\n                          fill-opacity=\"0.3\"\/>\n                    <path d=\"M35 39L29.9 33.9L35 28.8\" stroke=\"#ffffff\" stroke-width=\"1.5\"\/>\n                <\/svg>\n                <svg class=\"hover\" width=\"68\" height=\"68\" viewBox=\"0 0 68 68\" fill=\"none\"\n                     xmlns=\"http:\/\/www.w3.org\/2000\/svg\">\n                    <rect x=\"68\" y=\"68\" width=\"68\" height=\"68\" transform=\"rotate(-180 68 68)\" fill=\"#3A3A3A\"\n                          fill-opacity=\"1\"\/>\n                    <path d=\"M35 39L29.9 33.9L35 28.8\" stroke=\"#fff\" stroke-width=\"1.5\"\/>\n                <\/svg>\n            <\/div>\n            <div class=\"next\">\n                <svg class=\"normal\" width=\"68\" height=\"68\" viewBox=\"0 0 68 68\" fill=\"none\"\n                     xmlns=\"http:\/\/www.w3.org\/2000\/svg\">\n                    <rect width=\"68\" height=\"68\" fill=\"#3A3A3A\" fill-opacity=\"0.3\"\/>\n                    <path d=\"M33 29L38.1 34.1L33 39.2\" stroke=\"#ffffff\" stroke-width=\"1.5\"\/>\n                <\/svg>\n                <svg class=\"hover\" width=\"68\" height=\"68\" viewBox=\"0 0 68 68\" fill=\"none\"\n                     xmlns=\"http:\/\/www.w3.org\/2000\/svg\">\n                    <rect width=\"68\" height=\"68\" fill=\"#3A3A3A\"\/>\n                    <path d=\"M33 29L38.1 34.1L33 39.2\" stroke=\"white\" stroke-width=\"1.5\"\/>\n                <\/svg>\n            <\/div>\n        <\/div>\n    <\/div>\n\n    <script>\n        \/\/ Initialize kunden slick slider\n        jQuery(document).ready(function ($) {\n            \/\/ Check if already loaded\/initialized\n            $('#1530994796 .image-slider').slick({\n                arrows: true,\n                slidesToShow: 3,\n                slidesToScroll: 3,\n                prevArrow: $('#1530994796 .image-slider-dots .prev'),\n                nextArrow: $('#1530994796 .image-slider-dots .next'),\n                infinite: true,\n                autoplay: true,\n                autoplaySpeed: 3000,\n                responsive: [\n                    {\n                        breakpoint: 780,\n                        settings: {\n                            slidesToShow: 2,\n                            slidesToScroll: 2,\n                        }\n                    },\n                    {\n                        breakpoint: 460,\n                        settings: {\n                            slidesToShow: 1,\n                            slidesToScroll: 1,\n                        }\n                    },\n                ]\n            });\n        });\n    <\/script>\n\n\n    [\/vc_column][\/vc_row][\/vc_section]<\/p>\n<\/div>","protected":false},"excerpt":{"rendered":"<p>[vc_section][vc_row][vc_column][vc_column_text]On our premises in Kirchdorf am Inn, planning, design and manufacturing are carried out directly. From the first screw to the last weld, we have everything in view. This holistic approach enables us to guarantee high quality equipment. Each step of the manufacturing process is carefully monitored by our experienced team. We rely on first-class &hellip; <\/p>\n<p class=\"link-more\"><a href=\"https:\/\/steiner-spiralen.de\/en\/about-us\/insight-into-the-production\/\" class=\"more-link\">Continue reading<span class=\"screen-reader-text\"> &#8220;Insight into the production&#8221;<\/span><\/a><\/p>\n","protected":false},"author":1,"featured_media":2318,"parent":2770,"menu_order":0,"comment_status":"closed","ping_status":"closed","template":"","meta":{"_acf_changed":false,"inline_featured_image":false,"footnotes":""},"class_list":["post-2800","page","type-page","status-publish","has-post-thumbnail","hentry"],"acf":[],"yoast_head":"<!-- This site is optimized with the Yoast SEO plugin v27.3 - https:\/\/yoast.com\/product\/yoast-seo-wordpress\/ -->\n<title>Insight into the production - Steiner<\/title>\n<meta name=\"robots\" content=\"index, follow, max-snippet:-1, max-image-preview:large, max-video-preview:-1\" \/>\n<link rel=\"canonical\" href=\"https:\/\/steiner-spiralen.de\/en\/about-us\/insight-into-the-production\/\" \/>\n<meta property=\"og:locale\" content=\"en_US\" \/>\n<meta property=\"og:type\" content=\"article\" \/>\n<meta property=\"og:title\" content=\"Insight into the production - Steiner\" \/>\n<meta property=\"og:description\" content=\"[vc_section][vc_row][vc_column][vc_column_text]On our premises in Kirchdorf am Inn, planning, design and manufacturing are carried out directly. From the first screw to the last weld, we have everything in view. This holistic approach enables us to guarantee high quality equipment. Each step of the manufacturing process is carefully monitored by our experienced team. We rely on first-class &hellip; Continue reading &quot;Insight into the production&quot;\" \/>\n<meta property=\"og:url\" content=\"https:\/\/steiner-spiralen.de\/en\/about-us\/insight-into-the-production\/\" \/>\n<meta property=\"og:site_name\" content=\"Steiner\" \/>\n<meta property=\"article:modified_time\" content=\"2023-10-12T12:52:44+00:00\" \/>\n<meta property=\"og:image\" content=\"https:\/\/steiner-spiralen.de\/wp-content\/uploads\/Header_Ueber-Uns_web.jpg\" \/>\n\t<meta property=\"og:image:width\" content=\"1895\" \/>\n\t<meta property=\"og:image:height\" content=\"395\" \/>\n\t<meta property=\"og:image:type\" content=\"image\/jpeg\" \/>\n<meta name=\"twitter:card\" content=\"summary_large_image\" \/>\n<meta name=\"twitter:label1\" content=\"Est. reading time\" \/>\n\t<meta name=\"twitter:data1\" content=\"1 minute\" \/>\n<script type=\"application\/ld+json\" class=\"yoast-schema-graph\">{\"@context\":\"https:\\\/\\\/schema.org\",\"@graph\":[{\"@type\":\"WebPage\",\"@id\":\"https:\\\/\\\/steiner-spiralen.de\\\/en\\\/about-us\\\/insight-into-the-production\\\/\",\"url\":\"https:\\\/\\\/steiner-spiralen.de\\\/en\\\/about-us\\\/insight-into-the-production\\\/\",\"name\":\"Insight into the production - Steiner\",\"isPartOf\":{\"@id\":\"https:\\\/\\\/steiner-spiralen.de\\\/#website\"},\"primaryImageOfPage\":{\"@id\":\"https:\\\/\\\/steiner-spiralen.de\\\/en\\\/about-us\\\/insight-into-the-production\\\/#primaryimage\"},\"image\":{\"@id\":\"https:\\\/\\\/steiner-spiralen.de\\\/en\\\/about-us\\\/insight-into-the-production\\\/#primaryimage\"},\"thumbnailUrl\":\"https:\\\/\\\/steiner-spiralen.de\\\/wp-content\\\/uploads\\\/Header_Ueber-Uns_web.jpg\",\"datePublished\":\"2023-05-02T09:25:09+00:00\",\"dateModified\":\"2023-10-12T12:52:44+00:00\",\"breadcrumb\":{\"@id\":\"https:\\\/\\\/steiner-spiralen.de\\\/en\\\/about-us\\\/insight-into-the-production\\\/#breadcrumb\"},\"inLanguage\":\"en-US\",\"potentialAction\":[{\"@type\":\"ReadAction\",\"target\":[\"https:\\\/\\\/steiner-spiralen.de\\\/en\\\/about-us\\\/insight-into-the-production\\\/\"]}]},{\"@type\":\"ImageObject\",\"inLanguage\":\"en-US\",\"@id\":\"https:\\\/\\\/steiner-spiralen.de\\\/en\\\/about-us\\\/insight-into-the-production\\\/#primaryimage\",\"url\":\"https:\\\/\\\/steiner-spiralen.de\\\/wp-content\\\/uploads\\\/Header_Ueber-Uns_web.jpg\",\"contentUrl\":\"https:\\\/\\\/steiner-spiralen.de\\\/wp-content\\\/uploads\\\/Header_Ueber-Uns_web.jpg\",\"width\":1895,\"height\":395},{\"@type\":\"BreadcrumbList\",\"@id\":\"https:\\\/\\\/steiner-spiralen.de\\\/en\\\/about-us\\\/insight-into-the-production\\\/#breadcrumb\",\"itemListElement\":[{\"@type\":\"ListItem\",\"position\":1,\"name\":\"Startseite\",\"item\":\"https:\\\/\\\/steiner-spiralen.de\\\/en\\\/homepage\\\/\"},{\"@type\":\"ListItem\",\"position\":2,\"name\":\"About Us\",\"item\":\"https:\\\/\\\/steiner-spiralen.de\\\/en\\\/about-us\\\/\"},{\"@type\":\"ListItem\",\"position\":3,\"name\":\"Insight into the production\"}]},{\"@type\":\"WebSite\",\"@id\":\"https:\\\/\\\/steiner-spiralen.de\\\/#website\",\"url\":\"https:\\\/\\\/steiner-spiralen.de\\\/\",\"name\":\"Steiner Spiralen - Ihr Hersteller f\u00fcr F\u00f6rdertechnik und F\u00f6rderschnecken\",\"description\":\"\",\"publisher\":{\"@id\":\"https:\\\/\\\/steiner-spiralen.de\\\/#organization\"},\"potentialAction\":[{\"@type\":\"SearchAction\",\"target\":{\"@type\":\"EntryPoint\",\"urlTemplate\":\"https:\\\/\\\/steiner-spiralen.de\\\/?s={search_term_string}\"},\"query-input\":{\"@type\":\"PropertyValueSpecification\",\"valueRequired\":true,\"valueName\":\"search_term_string\"}}],\"inLanguage\":\"en-US\"},{\"@type\":\"Organization\",\"@id\":\"https:\\\/\\\/steiner-spiralen.de\\\/#organization\",\"name\":\"Steiner GmbH & Co. KG\",\"url\":\"https:\\\/\\\/steiner-spiralen.de\\\/\",\"logo\":{\"@type\":\"ImageObject\",\"inLanguage\":\"en-US\",\"@id\":\"https:\\\/\\\/steiner-spiralen.de\\\/#\\\/schema\\\/logo\\\/image\\\/\",\"url\":\"https:\\\/\\\/steiner-spiralen.de\\\/wp-content\\\/uploads\\\/steiner-logo.svg\",\"contentUrl\":\"https:\\\/\\\/steiner-spiralen.de\\\/wp-content\\\/uploads\\\/steiner-logo.svg\",\"width\":\"1024\",\"height\":\"1024\",\"caption\":\"Steiner GmbH & Co. KG\"},\"image\":{\"@id\":\"https:\\\/\\\/steiner-spiralen.de\\\/#\\\/schema\\\/logo\\\/image\\\/\"}}]}<\/script>\n<!-- \/ Yoast SEO plugin. -->","yoast_head_json":{"title":"Insight into the production - Steiner","robots":{"index":"index","follow":"follow","max-snippet":"max-snippet:-1","max-image-preview":"max-image-preview:large","max-video-preview":"max-video-preview:-1"},"canonical":"https:\/\/steiner-spiralen.de\/en\/about-us\/insight-into-the-production\/","og_locale":"en_US","og_type":"article","og_title":"Insight into the production - Steiner","og_description":"[vc_section][vc_row][vc_column][vc_column_text]On our premises in Kirchdorf am Inn, planning, design and manufacturing are carried out directly. From the first screw to the last weld, we have everything in view. This holistic approach enables us to guarantee high quality equipment. Each step of the manufacturing process is carefully monitored by our experienced team. We rely on first-class &hellip; Continue reading \"Insight into the production\"","og_url":"https:\/\/steiner-spiralen.de\/en\/about-us\/insight-into-the-production\/","og_site_name":"Steiner","article_modified_time":"2023-10-12T12:52:44+00:00","og_image":[{"width":1895,"height":395,"url":"https:\/\/steiner-spiralen.de\/wp-content\/uploads\/Header_Ueber-Uns_web.jpg","type":"image\/jpeg"}],"twitter_card":"summary_large_image","twitter_misc":{"Est. reading time":"1 minute"},"schema":{"@context":"https:\/\/schema.org","@graph":[{"@type":"WebPage","@id":"https:\/\/steiner-spiralen.de\/en\/about-us\/insight-into-the-production\/","url":"https:\/\/steiner-spiralen.de\/en\/about-us\/insight-into-the-production\/","name":"Insight into the production - Steiner","isPartOf":{"@id":"https:\/\/steiner-spiralen.de\/#website"},"primaryImageOfPage":{"@id":"https:\/\/steiner-spiralen.de\/en\/about-us\/insight-into-the-production\/#primaryimage"},"image":{"@id":"https:\/\/steiner-spiralen.de\/en\/about-us\/insight-into-the-production\/#primaryimage"},"thumbnailUrl":"https:\/\/steiner-spiralen.de\/wp-content\/uploads\/Header_Ueber-Uns_web.jpg","datePublished":"2023-05-02T09:25:09+00:00","dateModified":"2023-10-12T12:52:44+00:00","breadcrumb":{"@id":"https:\/\/steiner-spiralen.de\/en\/about-us\/insight-into-the-production\/#breadcrumb"},"inLanguage":"en-US","potentialAction":[{"@type":"ReadAction","target":["https:\/\/steiner-spiralen.de\/en\/about-us\/insight-into-the-production\/"]}]},{"@type":"ImageObject","inLanguage":"en-US","@id":"https:\/\/steiner-spiralen.de\/en\/about-us\/insight-into-the-production\/#primaryimage","url":"https:\/\/steiner-spiralen.de\/wp-content\/uploads\/Header_Ueber-Uns_web.jpg","contentUrl":"https:\/\/steiner-spiralen.de\/wp-content\/uploads\/Header_Ueber-Uns_web.jpg","width":1895,"height":395},{"@type":"BreadcrumbList","@id":"https:\/\/steiner-spiralen.de\/en\/about-us\/insight-into-the-production\/#breadcrumb","itemListElement":[{"@type":"ListItem","position":1,"name":"Startseite","item":"https:\/\/steiner-spiralen.de\/en\/homepage\/"},{"@type":"ListItem","position":2,"name":"About Us","item":"https:\/\/steiner-spiralen.de\/en\/about-us\/"},{"@type":"ListItem","position":3,"name":"Insight into the production"}]},{"@type":"WebSite","@id":"https:\/\/steiner-spiralen.de\/#website","url":"https:\/\/steiner-spiralen.de\/","name":"Steiner Spiralen - Ihr Hersteller f\u00fcr F\u00f6rdertechnik und F\u00f6rderschnecken","description":"","publisher":{"@id":"https:\/\/steiner-spiralen.de\/#organization"},"potentialAction":[{"@type":"SearchAction","target":{"@type":"EntryPoint","urlTemplate":"https:\/\/steiner-spiralen.de\/?s={search_term_string}"},"query-input":{"@type":"PropertyValueSpecification","valueRequired":true,"valueName":"search_term_string"}}],"inLanguage":"en-US"},{"@type":"Organization","@id":"https:\/\/steiner-spiralen.de\/#organization","name":"Steiner GmbH & Co. KG","url":"https:\/\/steiner-spiralen.de\/","logo":{"@type":"ImageObject","inLanguage":"en-US","@id":"https:\/\/steiner-spiralen.de\/#\/schema\/logo\/image\/","url":"https:\/\/steiner-spiralen.de\/wp-content\/uploads\/steiner-logo.svg","contentUrl":"https:\/\/steiner-spiralen.de\/wp-content\/uploads\/steiner-logo.svg","width":"1024","height":"1024","caption":"Steiner GmbH & Co. KG"},"image":{"@id":"https:\/\/steiner-spiralen.de\/#\/schema\/logo\/image\/"}}]}},"_links":{"self":[{"href":"https:\/\/steiner-spiralen.de\/en\/wp-json\/wp\/v2\/pages\/2800","targetHints":{"allow":["GET"]}}],"collection":[{"href":"https:\/\/steiner-spiralen.de\/en\/wp-json\/wp\/v2\/pages"}],"about":[{"href":"https:\/\/steiner-spiralen.de\/en\/wp-json\/wp\/v2\/types\/page"}],"author":[{"embeddable":true,"href":"https:\/\/steiner-spiralen.de\/en\/wp-json\/wp\/v2\/users\/1"}],"replies":[{"embeddable":true,"href":"https:\/\/steiner-spiralen.de\/en\/wp-json\/wp\/v2\/comments?post=2800"}],"version-history":[{"count":6,"href":"https:\/\/steiner-spiralen.de\/en\/wp-json\/wp\/v2\/pages\/2800\/revisions"}],"predecessor-version":[{"id":3356,"href":"https:\/\/steiner-spiralen.de\/en\/wp-json\/wp\/v2\/pages\/2800\/revisions\/3356"}],"up":[{"embeddable":true,"href":"https:\/\/steiner-spiralen.de\/en\/wp-json\/wp\/v2\/pages\/2770"}],"wp:featuredmedia":[{"embeddable":true,"href":"https:\/\/steiner-spiralen.de\/en\/wp-json\/wp\/v2\/media\/2318"}],"wp:attachment":[{"href":"https:\/\/steiner-spiralen.de\/en\/wp-json\/wp\/v2\/media?parent=2800"}],"curies":[{"name":"wp","href":"https:\/\/api.w.org\/{rel}","templated":true}]}}