{"id":2780,"date":"2023-05-02T11:25:04","date_gmt":"2023-05-02T09:25:04","guid":{"rendered":"https:\/\/steiner-spiralen.de\/about-us\/what-drives-us\/"},"modified":"2023-10-12T14:44:14","modified_gmt":"2023-10-12T12:44:14","slug":"what-drives-us","status":"publish","type":"page","link":"https:\/\/steiner-spiralen.de\/en\/about-us\/what-drives-us\/","title":{"rendered":"What drives us"},"content":{"rendered":"<div class=\"wpb-content-wrapper\"><p>[vc_section][vc_row][vc_column]\n    <div class=\"heading \"\n         style=\"text-align: left;\">\n                    <div class=\"pre-headline\">About Us<\/div>\n                        <h2>Many years of experience and deep technical understanding<\/h2>\n            <\/div>\n\n\n    [vc_column_text]At Steiner spirals, we firmly believe that the key to success lies in customer-oriented cooperation. Our primary goal is to ensure the satisfaction of our customers. For this reason, we offer you a comprehensive service, starting with consultation and CAD planning through to the finished conveyor system. As a reliable partner, we are at your side throughout the entire project phase.<\/p>\n<p>However, our commitment to you does not end with the installation of the conveyor system. We would also like to be there for you as a contact person afterwards. Our team is always ready to tackle new challenges and find innovative solutions to meet your specific needs.<\/p>\n<p>The joy of seeing a high-quality and precisely fitting conveyor system at the customer&#8217;s site &#8211; that is what drives us.<br \/>\nIt fills us with pride to know that we are helping to optimize your processes. Every project is an opportunity for us to express our passion for technical precision and innovation.<\/p>\n<p>Our dedicated and highly competent team is at your side to develop customized solutions and turn your visions into reality. With our many years of experience and deep understanding of individual requirements, we work together to make conveying processes more efficient, productive and cost-effective.[\/vc_column_text][\/vc_column][\/vc_row][vc_row][vc_column width=&#8221;2\/12&#8243;][\/vc_column][vc_column width=&#8221;8\/12&#8243;]\n    <div class=\"bld-image\">\n        <div class=\"inner-wrapper \">\n            <img decoding=\"async\" src=\"https:\/\/steiner-spiralen.de\/wp-content\/uploads\/team-scaled.jpg\">\n        <\/div>\n            <\/div>\n\n    [\/vc_column][vc_column width=&#8221;2\/12&#8243;][\/vc_column][\/vc_row][\/vc_section]<\/p>\n<\/div>","protected":false},"excerpt":{"rendered":"<p>[vc_section][vc_row][vc_column][vc_column_text]At Steiner spirals, we firmly believe that the key to success lies in customer-oriented cooperation. Our primary goal is to ensure the satisfaction of our customers. For this reason, we offer you a comprehensive service, starting with consultation and CAD planning through to the finished conveyor system. As a reliable partner, we are at your &hellip; <\/p>\n<p class=\"link-more\"><a href=\"https:\/\/steiner-spiralen.de\/en\/about-us\/what-drives-us\/\" class=\"more-link\">Continue reading<span class=\"screen-reader-text\"> &#8220;What drives us&#8221;<\/span><\/a><\/p>\n","protected":false},"author":1,"featured_media":2318,"parent":2770,"menu_order":0,"comment_status":"closed","ping_status":"closed","template":"","meta":{"_acf_changed":false,"inline_featured_image":false,"footnotes":""},"class_list":["post-2780","page","type-page","status-publish","has-post-thumbnail","hentry"],"acf":[],"yoast_head":"<!-- This site is optimized with the Yoast SEO plugin v27.5 - https:\/\/yoast.com\/product\/yoast-seo-wordpress\/ -->\n<title>What drives us - Steiner<\/title>\n<meta name=\"robots\" content=\"index, follow, max-snippet:-1, max-image-preview:large, max-video-preview:-1\" \/>\n<link rel=\"canonical\" href=\"https:\/\/steiner-spiralen.de\/en\/about-us\/what-drives-us\/\" \/>\n<meta property=\"og:locale\" content=\"en_US\" \/>\n<meta property=\"og:type\" content=\"article\" \/>\n<meta property=\"og:title\" content=\"What drives us - Steiner\" \/>\n<meta property=\"og:description\" content=\"[vc_section][vc_row][vc_column][vc_column_text]At Steiner spirals, we firmly believe that the key to success lies in customer-oriented cooperation. Our primary goal is to ensure the satisfaction of our customers. For this reason, we offer you a comprehensive service, starting with consultation and CAD planning through to the finished conveyor system. As a reliable partner, we are at your &hellip; Continue reading &quot;What drives us&quot;\" \/>\n<meta property=\"og:url\" content=\"https:\/\/steiner-spiralen.de\/en\/about-us\/what-drives-us\/\" \/>\n<meta property=\"og:site_name\" content=\"Steiner\" \/>\n<meta property=\"article:modified_time\" content=\"2023-10-12T12:44:14+00:00\" \/>\n<meta property=\"og:image\" content=\"https:\/\/steiner-spiralen.de\/wp-content\/uploads\/Header_Ueber-Uns_web.jpg\" \/>\n\t<meta property=\"og:image:width\" content=\"1895\" \/>\n\t<meta property=\"og:image:height\" content=\"395\" \/>\n\t<meta property=\"og:image:type\" content=\"image\/jpeg\" \/>\n<meta name=\"twitter:card\" content=\"summary_large_image\" \/>\n<meta name=\"twitter:label1\" content=\"Est. reading time\" \/>\n\t<meta name=\"twitter:data1\" content=\"1 minute\" \/>\n<script type=\"application\/ld+json\" class=\"yoast-schema-graph\">{\"@context\":\"https:\\\/\\\/schema.org\",\"@graph\":[{\"@type\":\"WebPage\",\"@id\":\"https:\\\/\\\/steiner-spiralen.de\\\/en\\\/about-us\\\/what-drives-us\\\/\",\"url\":\"https:\\\/\\\/steiner-spiralen.de\\\/en\\\/about-us\\\/what-drives-us\\\/\",\"name\":\"What drives us - Steiner\",\"isPartOf\":{\"@id\":\"https:\\\/\\\/steiner-spiralen.de\\\/#website\"},\"primaryImageOfPage\":{\"@id\":\"https:\\\/\\\/steiner-spiralen.de\\\/en\\\/about-us\\\/what-drives-us\\\/#primaryimage\"},\"image\":{\"@id\":\"https:\\\/\\\/steiner-spiralen.de\\\/en\\\/about-us\\\/what-drives-us\\\/#primaryimage\"},\"thumbnailUrl\":\"https:\\\/\\\/steiner-spiralen.de\\\/wp-content\\\/uploads\\\/Header_Ueber-Uns_web.jpg\",\"datePublished\":\"2023-05-02T09:25:04+00:00\",\"dateModified\":\"2023-10-12T12:44:14+00:00\",\"breadcrumb\":{\"@id\":\"https:\\\/\\\/steiner-spiralen.de\\\/en\\\/about-us\\\/what-drives-us\\\/#breadcrumb\"},\"inLanguage\":\"en-US\",\"potentialAction\":[{\"@type\":\"ReadAction\",\"target\":[\"https:\\\/\\\/steiner-spiralen.de\\\/en\\\/about-us\\\/what-drives-us\\\/\"]}]},{\"@type\":\"ImageObject\",\"inLanguage\":\"en-US\",\"@id\":\"https:\\\/\\\/steiner-spiralen.de\\\/en\\\/about-us\\\/what-drives-us\\\/#primaryimage\",\"url\":\"https:\\\/\\\/steiner-spiralen.de\\\/wp-content\\\/uploads\\\/Header_Ueber-Uns_web.jpg\",\"contentUrl\":\"https:\\\/\\\/steiner-spiralen.de\\\/wp-content\\\/uploads\\\/Header_Ueber-Uns_web.jpg\",\"width\":1895,\"height\":395},{\"@type\":\"BreadcrumbList\",\"@id\":\"https:\\\/\\\/steiner-spiralen.de\\\/en\\\/about-us\\\/what-drives-us\\\/#breadcrumb\",\"itemListElement\":[{\"@type\":\"ListItem\",\"position\":1,\"name\":\"Startseite\",\"item\":\"https:\\\/\\\/steiner-spiralen.de\\\/en\\\/homepage\\\/\"},{\"@type\":\"ListItem\",\"position\":2,\"name\":\"About Us\",\"item\":\"https:\\\/\\\/steiner-spiralen.de\\\/en\\\/about-us\\\/\"},{\"@type\":\"ListItem\",\"position\":3,\"name\":\"What drives us\"}]},{\"@type\":\"WebSite\",\"@id\":\"https:\\\/\\\/steiner-spiralen.de\\\/#website\",\"url\":\"https:\\\/\\\/steiner-spiralen.de\\\/\",\"name\":\"Steiner Spiralen - Ihr Hersteller f\u00fcr F\u00f6rdertechnik und F\u00f6rderschnecken\",\"description\":\"\",\"publisher\":{\"@id\":\"https:\\\/\\\/steiner-spiralen.de\\\/#organization\"},\"potentialAction\":[{\"@type\":\"SearchAction\",\"target\":{\"@type\":\"EntryPoint\",\"urlTemplate\":\"https:\\\/\\\/steiner-spiralen.de\\\/?s={search_term_string}\"},\"query-input\":{\"@type\":\"PropertyValueSpecification\",\"valueRequired\":true,\"valueName\":\"search_term_string\"}}],\"inLanguage\":\"en-US\"},{\"@type\":\"Organization\",\"@id\":\"https:\\\/\\\/steiner-spiralen.de\\\/#organization\",\"name\":\"Steiner GmbH & Co. KG\",\"url\":\"https:\\\/\\\/steiner-spiralen.de\\\/\",\"logo\":{\"@type\":\"ImageObject\",\"inLanguage\":\"en-US\",\"@id\":\"https:\\\/\\\/steiner-spiralen.de\\\/#\\\/schema\\\/logo\\\/image\\\/\",\"url\":\"https:\\\/\\\/steiner-spiralen.de\\\/wp-content\\\/uploads\\\/steiner-logo.svg\",\"contentUrl\":\"https:\\\/\\\/steiner-spiralen.de\\\/wp-content\\\/uploads\\\/steiner-logo.svg\",\"width\":\"1024\",\"height\":\"1024\",\"caption\":\"Steiner GmbH & Co. KG\"},\"image\":{\"@id\":\"https:\\\/\\\/steiner-spiralen.de\\\/#\\\/schema\\\/logo\\\/image\\\/\"}}]}<\/script>\n<!-- \/ Yoast SEO plugin. -->","yoast_head_json":{"title":"What drives us - Steiner","robots":{"index":"index","follow":"follow","max-snippet":"max-snippet:-1","max-image-preview":"max-image-preview:large","max-video-preview":"max-video-preview:-1"},"canonical":"https:\/\/steiner-spiralen.de\/en\/about-us\/what-drives-us\/","og_locale":"en_US","og_type":"article","og_title":"What drives us - Steiner","og_description":"[vc_section][vc_row][vc_column][vc_column_text]At Steiner spirals, we firmly believe that the key to success lies in customer-oriented cooperation. Our primary goal is to ensure the satisfaction of our customers. For this reason, we offer you a comprehensive service, starting with consultation and CAD planning through to the finished conveyor system. As a reliable partner, we are at your &hellip; Continue reading \"What drives us\"","og_url":"https:\/\/steiner-spiralen.de\/en\/about-us\/what-drives-us\/","og_site_name":"Steiner","article_modified_time":"2023-10-12T12:44:14+00:00","og_image":[{"width":1895,"height":395,"url":"https:\/\/steiner-spiralen.de\/wp-content\/uploads\/Header_Ueber-Uns_web.jpg","type":"image\/jpeg"}],"twitter_card":"summary_large_image","twitter_misc":{"Est. reading time":"1 minute"},"schema":{"@context":"https:\/\/schema.org","@graph":[{"@type":"WebPage","@id":"https:\/\/steiner-spiralen.de\/en\/about-us\/what-drives-us\/","url":"https:\/\/steiner-spiralen.de\/en\/about-us\/what-drives-us\/","name":"What drives us - Steiner","isPartOf":{"@id":"https:\/\/steiner-spiralen.de\/#website"},"primaryImageOfPage":{"@id":"https:\/\/steiner-spiralen.de\/en\/about-us\/what-drives-us\/#primaryimage"},"image":{"@id":"https:\/\/steiner-spiralen.de\/en\/about-us\/what-drives-us\/#primaryimage"},"thumbnailUrl":"https:\/\/steiner-spiralen.de\/wp-content\/uploads\/Header_Ueber-Uns_web.jpg","datePublished":"2023-05-02T09:25:04+00:00","dateModified":"2023-10-12T12:44:14+00:00","breadcrumb":{"@id":"https:\/\/steiner-spiralen.de\/en\/about-us\/what-drives-us\/#breadcrumb"},"inLanguage":"en-US","potentialAction":[{"@type":"ReadAction","target":["https:\/\/steiner-spiralen.de\/en\/about-us\/what-drives-us\/"]}]},{"@type":"ImageObject","inLanguage":"en-US","@id":"https:\/\/steiner-spiralen.de\/en\/about-us\/what-drives-us\/#primaryimage","url":"https:\/\/steiner-spiralen.de\/wp-content\/uploads\/Header_Ueber-Uns_web.jpg","contentUrl":"https:\/\/steiner-spiralen.de\/wp-content\/uploads\/Header_Ueber-Uns_web.jpg","width":1895,"height":395},{"@type":"BreadcrumbList","@id":"https:\/\/steiner-spiralen.de\/en\/about-us\/what-drives-us\/#breadcrumb","itemListElement":[{"@type":"ListItem","position":1,"name":"Startseite","item":"https:\/\/steiner-spiralen.de\/en\/homepage\/"},{"@type":"ListItem","position":2,"name":"About Us","item":"https:\/\/steiner-spiralen.de\/en\/about-us\/"},{"@type":"ListItem","position":3,"name":"What drives us"}]},{"@type":"WebSite","@id":"https:\/\/steiner-spiralen.de\/#website","url":"https:\/\/steiner-spiralen.de\/","name":"Steiner Spiralen - Ihr Hersteller f\u00fcr F\u00f6rdertechnik und F\u00f6rderschnecken","description":"","publisher":{"@id":"https:\/\/steiner-spiralen.de\/#organization"},"potentialAction":[{"@type":"SearchAction","target":{"@type":"EntryPoint","urlTemplate":"https:\/\/steiner-spiralen.de\/?s={search_term_string}"},"query-input":{"@type":"PropertyValueSpecification","valueRequired":true,"valueName":"search_term_string"}}],"inLanguage":"en-US"},{"@type":"Organization","@id":"https:\/\/steiner-spiralen.de\/#organization","name":"Steiner GmbH & Co. KG","url":"https:\/\/steiner-spiralen.de\/","logo":{"@type":"ImageObject","inLanguage":"en-US","@id":"https:\/\/steiner-spiralen.de\/#\/schema\/logo\/image\/","url":"https:\/\/steiner-spiralen.de\/wp-content\/uploads\/steiner-logo.svg","contentUrl":"https:\/\/steiner-spiralen.de\/wp-content\/uploads\/steiner-logo.svg","width":"1024","height":"1024","caption":"Steiner GmbH & Co. KG"},"image":{"@id":"https:\/\/steiner-spiralen.de\/#\/schema\/logo\/image\/"}}]}},"_links":{"self":[{"href":"https:\/\/steiner-spiralen.de\/en\/wp-json\/wp\/v2\/pages\/2780","targetHints":{"allow":["GET"]}}],"collection":[{"href":"https:\/\/steiner-spiralen.de\/en\/wp-json\/wp\/v2\/pages"}],"about":[{"href":"https:\/\/steiner-spiralen.de\/en\/wp-json\/wp\/v2\/types\/page"}],"author":[{"embeddable":true,"href":"https:\/\/steiner-spiralen.de\/en\/wp-json\/wp\/v2\/users\/1"}],"replies":[{"embeddable":true,"href":"https:\/\/steiner-spiralen.de\/en\/wp-json\/wp\/v2\/comments?post=2780"}],"version-history":[{"count":7,"href":"https:\/\/steiner-spiralen.de\/en\/wp-json\/wp\/v2\/pages\/2780\/revisions"}],"predecessor-version":[{"id":3354,"href":"https:\/\/steiner-spiralen.de\/en\/wp-json\/wp\/v2\/pages\/2780\/revisions\/3354"}],"up":[{"embeddable":true,"href":"https:\/\/steiner-spiralen.de\/en\/wp-json\/wp\/v2\/pages\/2770"}],"wp:featuredmedia":[{"embeddable":true,"href":"https:\/\/steiner-spiralen.de\/en\/wp-json\/wp\/v2\/media\/2318"}],"wp:attachment":[{"href":"https:\/\/steiner-spiralen.de\/en\/wp-json\/wp\/v2\/media?parent=2780"}],"curies":[{"name":"wp","href":"https:\/\/api.w.org\/{rel}","templated":true}]}}