{"id":2770,"date":"2023-04-12T08:23:15","date_gmt":"2023-04-12T06:23:15","guid":{"rendered":"https:\/\/steiner-spiralen.de\/about-us\/"},"modified":"2023-09-25T19:02:23","modified_gmt":"2023-09-25T17:02:23","slug":"about-us","status":"publish","type":"page","link":"https:\/\/steiner-spiralen.de\/en\/about-us\/","title":{"rendered":"About Us"},"content":{"rendered":"<div class=\"wpb-content-wrapper\"><p>[vc_section][vc_row][vc_column]\n    <div class=\"heading \"\n         style=\"text-align: left;\">\n                    <h2>Our company<\/h2>\n            <\/div>\n\n\n    [vc_column_text]For 30 years, the Steiner Spiral Conveyor Systems team has been dedicated to the efficient and safe conveying of a wide variety of materials. From our headquarters, in Kirchdorf am Inn, we implement our customers&#8217; materials handling projects with commitment and experience. The traditional company attaches great importance to consulting and competence. Whether it&#8217;s a conveying system for biomass and wood pellets in the home or large bulk materials handling technology for industry: at Steiner Spiralen, the only thing that counts are satisfied customers and perfect solutions! Founder and managing director Georg Steiner vouches for this with his name.[\/vc_column_text]\n    <div class=\"bld-position\"\n         style=\" text-align: left;\">\n        <a            href=\"\/en\/contact\" class=\"bld-btn\" style=\"\">\n            Contact us        <\/a>\n    <\/div>\n\n    [\/vc_column][\/vc_row][\/vc_section][vc_section full_width=&#8221;stretch_row_content&#8221;][vc_row][vc_column]\n    <div class=\"image-text-spacer\" style=\"background-image: url('https:\/\/steiner-spiralen.de\/wp-content\/uploads\/ssp_divider_03.jpg')\">\n        <div class=\"container\">\n            <div class=\"inner\">\n                <div class=\"text-wrapper white\">\n                    <div class=\"pre-headline\">OUR PRODUCT RANGE<\/div>\n                    <h2>Conveyor spirals &amp; screw conveyors for a variety of bulk materials<\/h2>\n                    <div class=\"text\">Spiral conveying technology enables the safe transport of bulk material of various types by using different materials. Steiner Spiralen offers its customers rigid and flexible conveying spirals, as well as screw conveyors made of special plastic. Whether it is a pellet screw and a wood chip screw for private heating systems or a screw conveyor made of plastic for aggressive or abrasive materials in industry: Steiner Spiralen provides competent advice, manufactures and supplies the right conveying technology solution. From classic standard solutions to special designs, the Bavarian innovation company develops and manufactures long-lasting conveying systems.<\/div>\n                <\/div>\n            <\/div>\n        <\/div>\n    <\/div>\n\n    [\/vc_column][\/vc_row][\/vc_section][vc_section][vc_row][vc_column][vc_video link=&#8221;https:\/\/vimeo.com\/817334946\/091b690e01&#8243;]\n    <div class=\"logo-text-spacer\" style=\"background-image: url('https:\/\/steiner-spiralen.de\/wp-content\/uploads\/ssp_divider_madeingermany.jpg')\">\n        <div class=\"container\">\n            <div class=\"inner\">\n                <div class=\"text-wrapper\">\n                    <div class=\"pre-headline\">MADE IN GERMANY<\/div>\n                    <h2>Modular system for fair prices<\/h2>\n                    <div class=\"text\">Steiner Spiralen stands for the highest quality at fair prices. This combination is made possible through the use of a modular system that is suitable for almost every purpose in conveyor technology. Spiral conveyor technology \u201cMade in Germany\u201d for every budget. The combination of quality and cost optimization impresses private consumers as well as medium-sized businesses and industry.<\/div>\n                <\/div>\n                                    <div class=\"logo\"><img decoding=\"async\" width=\"118\" height=\"102\" src=\"https:\/\/steiner-spiralen.de\/wp-content\/uploads\/made-in-germany.svg\" class=\"attachment-full size-full\" alt=\"\" \/><\/div>\n                            <\/div>\n        <\/div>\n    <\/div>\n\n    [\/vc_column][\/vc_row][\/vc_section][vc_section][vc_row][vc_column]\n    <div class=\"heading \"\n         style=\"text-align: left;\">\n                    <div class=\"pre-headline\">ADVICE<\/div>\n                        <h2>Quality &amp; Service makes the difference<\/h2>\n            <\/div>\n\n\n    [vc_column_text]For three decades, Steiner Spiralen has successfully relied on this concept: we combine quality and innovation with full service. The conveying spirals and screw conveyors from Steiner are:[\/vc_column_text][\/vc_column][\/vc_row][vc_row][vc_column]    <div class=\"bld-vorteils-boxen-wrapper\">\n        \n    <div class=\"box-wrapper\">\n        <div class=\"img-wrapper\">\n            <img decoding=\"async\" class=\"icon-green\" src=\"https:\/\/steiner-spiralen.de\/wp-content\/uploads\/Emissionsfreiheit.svg\" alt=\"\">\n            <img decoding=\"async\" class=\"icon-white\" src=\"https:\/\/steiner-spiralen.de\/wp-content\/uploads\/Emissionsfreiheit-white.svg\" alt=\"\">\n        <\/div>\n        <div class=\"title\">Emission-free<\/div>\n    <\/div>\n\n\n    \n    <div class=\"box-wrapper\">\n        <div class=\"img-wrapper\">\n            <img decoding=\"async\" class=\"icon-green\" src=\"https:\/\/steiner-spiralen.de\/wp-content\/uploads\/Energireffizienz.svg\" alt=\"\">\n            <img decoding=\"async\" class=\"icon-white\" src=\"https:\/\/steiner-spiralen.de\/wp-content\/uploads\/Energireffizienz-white.svg\" alt=\"\">\n        <\/div>\n        <div class=\"title\">Energy efficiency<\/div>\n    <\/div>\n\n\n    \n    <div class=\"box-wrapper\">\n        <div class=\"img-wrapper\">\n            <img decoding=\"async\" class=\"icon-green\" src=\"https:\/\/steiner-spiralen.de\/wp-content\/uploads\/Gerauescharm.svg\" alt=\"\">\n            <img decoding=\"async\" class=\"icon-white\" src=\"https:\/\/steiner-spiralen.de\/wp-content\/uploads\/Gerauescharm-white.svg\" alt=\"\">\n        <\/div>\n        <div class=\"title\">Low noise<\/div>\n    <\/div>\n\n\n        <\/div>\n\n    [\/vc_column][\/vc_row][vc_row][vc_column][vc_column_text]In addition to these important product features, Steiner Spiraltechnik inspires its customers with excellent service. We offer the full range of components and accessories for your conveyor system (including spirals, troughs, pipe bends). Our team is not only at your side when it comes to purchasing conveyor technology. We see ourselves as a partner to our customers for many decades. This clearly includes advice on questions during operation and the fast and smooth delivery of required products.[\/vc_column_text][\/vc_column][\/vc_row][\/vc_section][vc_section][vc_row][vc_column]\n    <div class=\"heading \"\n         style=\"text-align: left;\">\n                    <div class=\"pre-headline\">CREDENTIALS<\/div>\n                        <h2>A selection of our projects<\/h2>\n            <\/div>\n\n\n    [\/vc_column][\/vc_row][vc_row][vc_column]\n    <div class=\"referenz-listing\">\n                        <div class=\"ref-item\">\n                    <a href=\"https:\/\/steiner-spiralen.de\/referenzen\/spiralfoerderanlage-sg-280-350\/\">\n                        <div class=\"inner\">\n                            <div class=\"image\">\n                                <img decoding=\"async\" src=\"https:\/\/steiner-spiralen.de\/wp-content\/uploads\/Spiralfoerderanlage_SG_280_350.jpg\">\n                            <\/div>\n                            <div class=\"text-wrapper\">\n                                <h3>Bunkerbef\u00fcllung \/ Hackschnitzel\u00a0<\/h3>\n                                <div class=\"text\"><\/div>\n                            <\/div>\n                            <div class=\"btn\">go to reference<\/div>\n                        <\/div>\n                    <\/a>\n                <\/div>\n                                <div class=\"ref-item\">\n                    <a href=\"https:\/\/steiner-spiralen.de\/referenzen\/shredderaustragung-hackschnitzel-fe-teile-abscheider\/\">\n                        <div class=\"inner\">\n                            <div class=\"image\">\n                                <img decoding=\"async\" src=\"https:\/\/steiner-spiralen.de\/wp-content\/uploads\/Shredderaustragung-Hackschnitzel-FE-Teile-Abscheider-3.jpg\">\n                            <\/div>\n                            <div class=\"text-wrapper\">\n                                <h3>Shredderaustragung \/ Hackschnitzel \/ FE-Teile Abscheider<\/h3>\n                                <div class=\"text\"><\/div>\n                            <\/div>\n                            <div class=\"btn\">go to reference<\/div>\n                        <\/div>\n                    <\/a>\n                <\/div>\n                                <div class=\"ref-item\">\n                    <a href=\"https:\/\/steiner-spiralen.de\/referenzen\/shredderaustragung-hackschnitzel-starre-foerderanlage-containerbefuellung\/\">\n                        <div class=\"inner\">\n                            <div class=\"image\">\n                                <img decoding=\"async\" src=\"https:\/\/steiner-spiralen.de\/wp-content\/uploads\/Shredderaustragung.jpg\">\n                            <\/div>\n                            <div class=\"text-wrapper\">\n                                <h3>Shredderaustragung Hackschnitzel \/ Starre F\u00f6rderanlage \/ Containerbef\u00fcllung<\/h3>\n                                <div class=\"text\"><\/div>\n                            <\/div>\n                            <div class=\"btn\">go to reference<\/div>\n                        <\/div>\n                    <\/a>\n                <\/div>\n                                <div class=\"ref-item\">\n                    <a href=\"https:\/\/steiner-spiralen.de\/referenzen\/siloaustragung-pellets-flexible-spiralfoerderanlage\/\">\n                        <div class=\"inner\">\n                            <div class=\"image\">\n                                <img decoding=\"async\" src=\"https:\/\/steiner-spiralen.de\/wp-content\/uploads\/Siloaustragung-Flexible-Foerderanlage-Spiralfoerderer-scaled.jpg\">\n                            <\/div>\n                            <div class=\"text-wrapper\">\n                                <h3>Siloaustragung Pellets \/ Flexible Spiralf\u00f6rderanlage<\/h3>\n                                <div class=\"text\"><\/div>\n                            <\/div>\n                            <div class=\"btn\">go to reference<\/div>\n                        <\/div>\n                    <\/a>\n                <\/div>\n                                <div class=\"ref-item\">\n                    <a href=\"https:\/\/steiner-spiralen.de\/referenzen\/recyclingmaterial-polyethylen-flaschen-zerkleinert\/\">\n                        <div class=\"inner\">\n                            <div class=\"image\">\n                                <img decoding=\"async\" src=\"https:\/\/steiner-spiralen.de\/wp-content\/uploads\/Recyclingmaterial-Polyethylen-Flaschen-zerkleinert-1.jpg\">\n                            <\/div>\n                            <div class=\"text-wrapper\">\n                                <h3>Recyclingmaterial \/ Polyethylen Flaschen zerkleinert<\/h3>\n                                <div class=\"text\"><\/div>\n                            <\/div>\n                            <div class=\"btn\">go to reference<\/div>\n                        <\/div>\n                    <\/a>\n                <\/div>\n                                <div class=\"ref-item\">\n                    <a href=\"https:\/\/steiner-spiralen.de\/referenzen\/foerderung-von-recyclingmaterial\/\">\n                        <div class=\"inner\">\n                            <div class=\"image\">\n                                <img decoding=\"async\" src=\"https:\/\/steiner-spiralen.de\/wp-content\/uploads\/Spiralfoerderer-Foerderanlage-Schneckenfoerderer-Recycling-4.jpg\">\n                            <\/div>\n                            <div class=\"text-wrapper\">\n                                <h3>F\u00f6rderung von Recyclingmaterial<\/h3>\n                                <div class=\"text\"><\/div>\n                            <\/div>\n                            <div class=\"btn\">go to reference<\/div>\n                        <\/div>\n                    <\/a>\n                <\/div>\n                                <div class=\"ref-item\">\n                    <a href=\"https:\/\/steiner-spiralen.de\/referenzen\/schubbodenaustragung-silobefuellung-hackschnitzel\/\">\n                        <div class=\"inner\">\n                            <div class=\"image\">\n                                <img decoding=\"async\" src=\"https:\/\/steiner-spiralen.de\/wp-content\/uploads\/Schubbodenaustragung-Schneckenfoerderer-Silobefuellung-Spiralfoerderer-2-scaled-1.jpg\">\n                            <\/div>\n                            <div class=\"text-wrapper\">\n                                <h3>Schubbodenaustragung \/ Silobef\u00fcllung Hackschnitzel<\/h3>\n                                <div class=\"text\"><\/div>\n                            <\/div>\n                            <div class=\"btn\">go to reference<\/div>\n                        <\/div>\n                    <\/a>\n                <\/div>\n                                <div class=\"ref-item\">\n                    <a href=\"https:\/\/steiner-spiralen.de\/referenzen\/salzfoerderung-starre-foerderanlage\/\">\n                        <div class=\"inner\">\n                            <div class=\"image\">\n                                <img decoding=\"async\" src=\"https:\/\/steiner-spiralen.de\/wp-content\/uploads\/Salzfoerderung-Starre-Foerderanlage-4.jpg\">\n                            <\/div>\n                            <div class=\"text-wrapper\">\n                                <h3>Salzf\u00f6rderung \/ Starre F\u00f6rderanlage<\/h3>\n                                <div class=\"text\"><\/div>\n                            <\/div>\n                            <div class=\"btn\">go to reference<\/div>\n                        <\/div>\n                    <\/a>\n                <\/div>\n                    <\/div>\n\n\n    [\/vc_column][\/vc_row][\/vc_section]<\/p>\n<\/div>","protected":false},"excerpt":{"rendered":"<p>[vc_section][vc_row][vc_column][vc_column_text]For 30 years, the Steiner Spiral Conveyor Systems team has been dedicated to the efficient and safe conveying of a wide variety of materials. From our headquarters, in Kirchdorf am Inn, we implement our customers&#8217; materials handling projects with commitment and experience. The traditional company attaches great importance to consulting and competence. Whether it&#8217;s a &hellip; <\/p>\n<p class=\"link-more\"><a href=\"https:\/\/steiner-spiralen.de\/en\/about-us\/\" class=\"more-link\">Continue reading<span class=\"screen-reader-text\"> &#8220;About Us&#8221;<\/span><\/a><\/p>\n","protected":false},"author":1,"featured_media":2318,"parent":0,"menu_order":1,"comment_status":"closed","ping_status":"closed","template":"","meta":{"_acf_changed":false,"inline_featured_image":false,"footnotes":""},"class_list":["post-2770","page","type-page","status-publish","has-post-thumbnail","hentry"],"acf":[],"yoast_head":"<!-- This site is optimized with the Yoast SEO plugin v27.3 - https:\/\/yoast.com\/product\/yoast-seo-wordpress\/ -->\n<title>About Us - Steiner<\/title>\n<meta name=\"robots\" content=\"index, follow, max-snippet:-1, max-image-preview:large, max-video-preview:-1\" \/>\n<link rel=\"canonical\" href=\"https:\/\/steiner-spiralen.de\/en\/about-us\/\" \/>\n<meta property=\"og:locale\" content=\"en_US\" \/>\n<meta property=\"og:type\" content=\"article\" \/>\n<meta property=\"og:title\" content=\"About Us - Steiner\" \/>\n<meta property=\"og:description\" content=\"[vc_section][vc_row][vc_column][vc_column_text]For 30 years, the Steiner Spiral Conveyor Systems team has been dedicated to the efficient and safe conveying of a wide variety of materials. From our headquarters, in Kirchdorf am Inn, we implement our customers&#8217; materials handling projects with commitment and experience. The traditional company attaches great importance to consulting and competence. Whether it&#8217;s a &hellip; Continue reading &quot;About Us&quot;\" \/>\n<meta property=\"og:url\" content=\"https:\/\/steiner-spiralen.de\/en\/about-us\/\" \/>\n<meta property=\"og:site_name\" content=\"Steiner\" \/>\n<meta property=\"article:modified_time\" content=\"2023-09-25T17:02:23+00:00\" \/>\n<meta property=\"og:image\" content=\"https:\/\/steiner-spiralen.de\/wp-content\/uploads\/Header_Ueber-Uns_web.jpg\" \/>\n\t<meta property=\"og:image:width\" content=\"1895\" \/>\n\t<meta property=\"og:image:height\" content=\"395\" \/>\n\t<meta property=\"og:image:type\" content=\"image\/jpeg\" \/>\n<meta name=\"twitter:card\" content=\"summary_large_image\" \/>\n<meta name=\"twitter:label1\" content=\"Est. reading time\" \/>\n\t<meta name=\"twitter:data1\" content=\"3 minutes\" \/>\n<script type=\"application\/ld+json\" class=\"yoast-schema-graph\">{\"@context\":\"https:\\\/\\\/schema.org\",\"@graph\":[{\"@type\":\"WebPage\",\"@id\":\"https:\\\/\\\/steiner-spiralen.de\\\/en\\\/about-us\\\/\",\"url\":\"https:\\\/\\\/steiner-spiralen.de\\\/en\\\/about-us\\\/\",\"name\":\"About Us - Steiner\",\"isPartOf\":{\"@id\":\"https:\\\/\\\/steiner-spiralen.de\\\/#website\"},\"primaryImageOfPage\":{\"@id\":\"https:\\\/\\\/steiner-spiralen.de\\\/en\\\/about-us\\\/#primaryimage\"},\"image\":{\"@id\":\"https:\\\/\\\/steiner-spiralen.de\\\/en\\\/about-us\\\/#primaryimage\"},\"thumbnailUrl\":\"https:\\\/\\\/steiner-spiralen.de\\\/wp-content\\\/uploads\\\/Header_Ueber-Uns_web.jpg\",\"datePublished\":\"2023-04-12T06:23:15+00:00\",\"dateModified\":\"2023-09-25T17:02:23+00:00\",\"breadcrumb\":{\"@id\":\"https:\\\/\\\/steiner-spiralen.de\\\/en\\\/about-us\\\/#breadcrumb\"},\"inLanguage\":\"en-US\",\"potentialAction\":[{\"@type\":\"ReadAction\",\"target\":[\"https:\\\/\\\/steiner-spiralen.de\\\/en\\\/about-us\\\/\"]}]},{\"@type\":\"ImageObject\",\"inLanguage\":\"en-US\",\"@id\":\"https:\\\/\\\/steiner-spiralen.de\\\/en\\\/about-us\\\/#primaryimage\",\"url\":\"https:\\\/\\\/steiner-spiralen.de\\\/wp-content\\\/uploads\\\/Header_Ueber-Uns_web.jpg\",\"contentUrl\":\"https:\\\/\\\/steiner-spiralen.de\\\/wp-content\\\/uploads\\\/Header_Ueber-Uns_web.jpg\",\"width\":1895,\"height\":395},{\"@type\":\"BreadcrumbList\",\"@id\":\"https:\\\/\\\/steiner-spiralen.de\\\/en\\\/about-us\\\/#breadcrumb\",\"itemListElement\":[{\"@type\":\"ListItem\",\"position\":1,\"name\":\"Startseite\",\"item\":\"https:\\\/\\\/steiner-spiralen.de\\\/en\\\/homepage\\\/\"},{\"@type\":\"ListItem\",\"position\":2,\"name\":\"About Us\"}]},{\"@type\":\"WebSite\",\"@id\":\"https:\\\/\\\/steiner-spiralen.de\\\/#website\",\"url\":\"https:\\\/\\\/steiner-spiralen.de\\\/\",\"name\":\"Steiner Spiralen - Ihr Hersteller f\u00fcr F\u00f6rdertechnik und F\u00f6rderschnecken\",\"description\":\"\",\"publisher\":{\"@id\":\"https:\\\/\\\/steiner-spiralen.de\\\/#organization\"},\"potentialAction\":[{\"@type\":\"SearchAction\",\"target\":{\"@type\":\"EntryPoint\",\"urlTemplate\":\"https:\\\/\\\/steiner-spiralen.de\\\/?s={search_term_string}\"},\"query-input\":{\"@type\":\"PropertyValueSpecification\",\"valueRequired\":true,\"valueName\":\"search_term_string\"}}],\"inLanguage\":\"en-US\"},{\"@type\":\"Organization\",\"@id\":\"https:\\\/\\\/steiner-spiralen.de\\\/#organization\",\"name\":\"Steiner GmbH & Co. KG\",\"url\":\"https:\\\/\\\/steiner-spiralen.de\\\/\",\"logo\":{\"@type\":\"ImageObject\",\"inLanguage\":\"en-US\",\"@id\":\"https:\\\/\\\/steiner-spiralen.de\\\/#\\\/schema\\\/logo\\\/image\\\/\",\"url\":\"https:\\\/\\\/steiner-spiralen.de\\\/wp-content\\\/uploads\\\/steiner-logo.svg\",\"contentUrl\":\"https:\\\/\\\/steiner-spiralen.de\\\/wp-content\\\/uploads\\\/steiner-logo.svg\",\"width\":\"1024\",\"height\":\"1024\",\"caption\":\"Steiner GmbH & Co. KG\"},\"image\":{\"@id\":\"https:\\\/\\\/steiner-spiralen.de\\\/#\\\/schema\\\/logo\\\/image\\\/\"}}]}<\/script>\n<!-- \/ Yoast SEO plugin. -->","yoast_head_json":{"title":"About Us - Steiner","robots":{"index":"index","follow":"follow","max-snippet":"max-snippet:-1","max-image-preview":"max-image-preview:large","max-video-preview":"max-video-preview:-1"},"canonical":"https:\/\/steiner-spiralen.de\/en\/about-us\/","og_locale":"en_US","og_type":"article","og_title":"About Us - Steiner","og_description":"[vc_section][vc_row][vc_column][vc_column_text]For 30 years, the Steiner Spiral Conveyor Systems team has been dedicated to the efficient and safe conveying of a wide variety of materials. From our headquarters, in Kirchdorf am Inn, we implement our customers&#8217; materials handling projects with commitment and experience. The traditional company attaches great importance to consulting and competence. Whether it&#8217;s a &hellip; Continue reading \"About Us\"","og_url":"https:\/\/steiner-spiralen.de\/en\/about-us\/","og_site_name":"Steiner","article_modified_time":"2023-09-25T17:02:23+00:00","og_image":[{"width":1895,"height":395,"url":"https:\/\/steiner-spiralen.de\/wp-content\/uploads\/Header_Ueber-Uns_web.jpg","type":"image\/jpeg"}],"twitter_card":"summary_large_image","twitter_misc":{"Est. reading time":"3 minutes"},"schema":{"@context":"https:\/\/schema.org","@graph":[{"@type":"WebPage","@id":"https:\/\/steiner-spiralen.de\/en\/about-us\/","url":"https:\/\/steiner-spiralen.de\/en\/about-us\/","name":"About Us - Steiner","isPartOf":{"@id":"https:\/\/steiner-spiralen.de\/#website"},"primaryImageOfPage":{"@id":"https:\/\/steiner-spiralen.de\/en\/about-us\/#primaryimage"},"image":{"@id":"https:\/\/steiner-spiralen.de\/en\/about-us\/#primaryimage"},"thumbnailUrl":"https:\/\/steiner-spiralen.de\/wp-content\/uploads\/Header_Ueber-Uns_web.jpg","datePublished":"2023-04-12T06:23:15+00:00","dateModified":"2023-09-25T17:02:23+00:00","breadcrumb":{"@id":"https:\/\/steiner-spiralen.de\/en\/about-us\/#breadcrumb"},"inLanguage":"en-US","potentialAction":[{"@type":"ReadAction","target":["https:\/\/steiner-spiralen.de\/en\/about-us\/"]}]},{"@type":"ImageObject","inLanguage":"en-US","@id":"https:\/\/steiner-spiralen.de\/en\/about-us\/#primaryimage","url":"https:\/\/steiner-spiralen.de\/wp-content\/uploads\/Header_Ueber-Uns_web.jpg","contentUrl":"https:\/\/steiner-spiralen.de\/wp-content\/uploads\/Header_Ueber-Uns_web.jpg","width":1895,"height":395},{"@type":"BreadcrumbList","@id":"https:\/\/steiner-spiralen.de\/en\/about-us\/#breadcrumb","itemListElement":[{"@type":"ListItem","position":1,"name":"Startseite","item":"https:\/\/steiner-spiralen.de\/en\/homepage\/"},{"@type":"ListItem","position":2,"name":"About Us"}]},{"@type":"WebSite","@id":"https:\/\/steiner-spiralen.de\/#website","url":"https:\/\/steiner-spiralen.de\/","name":"Steiner Spiralen - Ihr Hersteller f\u00fcr F\u00f6rdertechnik und F\u00f6rderschnecken","description":"","publisher":{"@id":"https:\/\/steiner-spiralen.de\/#organization"},"potentialAction":[{"@type":"SearchAction","target":{"@type":"EntryPoint","urlTemplate":"https:\/\/steiner-spiralen.de\/?s={search_term_string}"},"query-input":{"@type":"PropertyValueSpecification","valueRequired":true,"valueName":"search_term_string"}}],"inLanguage":"en-US"},{"@type":"Organization","@id":"https:\/\/steiner-spiralen.de\/#organization","name":"Steiner GmbH & Co. KG","url":"https:\/\/steiner-spiralen.de\/","logo":{"@type":"ImageObject","inLanguage":"en-US","@id":"https:\/\/steiner-spiralen.de\/#\/schema\/logo\/image\/","url":"https:\/\/steiner-spiralen.de\/wp-content\/uploads\/steiner-logo.svg","contentUrl":"https:\/\/steiner-spiralen.de\/wp-content\/uploads\/steiner-logo.svg","width":"1024","height":"1024","caption":"Steiner GmbH & Co. KG"},"image":{"@id":"https:\/\/steiner-spiralen.de\/#\/schema\/logo\/image\/"}}]}},"_links":{"self":[{"href":"https:\/\/steiner-spiralen.de\/en\/wp-json\/wp\/v2\/pages\/2770","targetHints":{"allow":["GET"]}}],"collection":[{"href":"https:\/\/steiner-spiralen.de\/en\/wp-json\/wp\/v2\/pages"}],"about":[{"href":"https:\/\/steiner-spiralen.de\/en\/wp-json\/wp\/v2\/types\/page"}],"author":[{"embeddable":true,"href":"https:\/\/steiner-spiralen.de\/en\/wp-json\/wp\/v2\/users\/1"}],"replies":[{"embeddable":true,"href":"https:\/\/steiner-spiralen.de\/en\/wp-json\/wp\/v2\/comments?post=2770"}],"version-history":[{"count":7,"href":"https:\/\/steiner-spiralen.de\/en\/wp-json\/wp\/v2\/pages\/2770\/revisions"}],"predecessor-version":[{"id":3205,"href":"https:\/\/steiner-spiralen.de\/en\/wp-json\/wp\/v2\/pages\/2770\/revisions\/3205"}],"wp:featuredmedia":[{"embeddable":true,"href":"https:\/\/steiner-spiralen.de\/en\/wp-json\/wp\/v2\/media\/2318"}],"wp:attachment":[{"href":"https:\/\/steiner-spiralen.de\/en\/wp-json\/wp\/v2\/media?parent=2770"}],"curies":[{"name":"wp","href":"https:\/\/api.w.org\/{rel}","templated":true}]}}