{"id":2766,"date":"2023-04-25T10:02:44","date_gmt":"2023-04-25T08:02:44","guid":{"rendered":"https:\/\/steiner-spiralen.de\/conveyor-systems\/wood-pellets\/"},"modified":"2024-01-09T18:13:33","modified_gmt":"2024-01-09T17:13:33","slug":"wood-pellets","status":"publish","type":"page","link":"https:\/\/steiner-spiralen.de\/en\/conveyor-systems\/wood-pellets\/","title":{"rendered":"Wood pellets"},"content":{"rendered":"<div class=\"wpb-content-wrapper\"><p>[vc_section][vc_row][vc_column]\n    <div class=\"bld-position\"\n         style=\" text-align: left;\">\n        <a target=\"_blank\"            href=\"\/en\/questionnaire-conveyor-material-pellets\/\" class=\"bld-btn\" style=\"\">\n            Request conveyor        <\/a>\n    <\/div>\n\n    [vc_empty_space][\/vc_column][\/vc_row][vc_row][vc_column][vc_column_text]<\/p>\n<div class=\"ce_text block\">\n<p>A<span> <\/span><strong>Pellet heating<\/strong><span> <\/span>is the perfect heating solution from renewable energy for many homeowners but also businesses. The raw material wood as the basic material for pellets is<span> <\/span><strong>CO2 neutral<\/strong><span> <\/span>and thus a heating material that really<span> <\/span>can be used <strong>sustainably<span> <\/span><\/strong>. This is good for the environment and for the next generations. Federal and state incentive loans and grants have also given pellet heating a further boost. For many years, heating with pellets has been considered a good solution for sustainable energy at home.<\/p>\n<\/div>\n<p>[\/vc_column_text][vc_separator][vc_column_text]<\/p>\n<h2>Conveying pellets &#8211; from the storage room to the boiler<\/h2>\n<p>With wood pellets as a heating material, the following questions always arise despite all the euphoria: <strong>How to store the pellets? How to convey the pellets?<\/strong> Often a classic standard [Pelletf\u00f6rdersystem](\/foerderanlagen\/) is sufficient, as Steiner Spiralen has been successfully manufacturing and selling for many years. Sometimes, however, <strong>individual solutions<\/strong> are required to <strong>overcome<\/strong> <strong>long conveying distances<\/strong> or <strong>large differences in height<\/strong>. Whether <strong>vertical<\/strong> <strong>or horizontal conveying of<\/strong> pellets &#8211; Steiner Spiralen has the solution! Regardless of the conveying volume and the conveying distances over which you need to convey pellets: Steiner Spiralen is guaranteed to have the <strong>right conveying system<\/strong>. We offer our pellet conveying solutions for resellers such as installers, plumbers &amp; heating engineers, as well as for private customers.[\/vc_column_text][vc_separator][vc_column_text]<\/p>\n<h2>Steiner &#8211; A reliable partner in planning your pellet project<\/h2>\n<p><strong>Steiner Spiralen<\/strong> thus supports its customers and partners with both standard solutions and <strong>individual concepts<\/strong> and projects. Especially in the <strong>medium and large boiler sector<\/strong>, <strong>customized project planning<\/strong> is recommended in order to obtain low-maintenance, non-fault-prone and energy-efficient systems.<\/p>\n<p>Based on your plan sections or hand sketches, Steiner Spiralen projects your pellet conveyor system. This ranges from a conveyor line directly onto the boiler, to complex plants with <strong>4 to 6 hopper lines<\/strong> and <strong>cross conveyor spirals<\/strong> of <strong>up to 60 m<\/strong> across the building. <strong>Differences in height<\/strong> between the storage room and boiler room of <strong>up to 20<\/strong> m are feasible for the experts from the district of Rottal am Inn. <strong>Storage rooms with 8 m filling height<\/strong> do not cause any problems. This wide range of possibilities provides alternatives to round discharges and push floors. The systems can also be combined with exhaust systems.<\/p>\n<p>The planning department at Steiner Spiralen in Kirchdorf then designs <strong>3D models<\/strong> that can be incorporated into the existing building services planning. Based on this <strong>free planning<\/strong>, <strong>binding and free offers<\/strong> are prepared.<\/p>\n<p>The Steiner Spiralen team will advise you on <strong>all individual challenges<\/strong>, such as any necessary wall and ceiling penetrations, use of underground parking areas and much more. The experts from Kirchdorf am Inn have decades of experience in designing customized solutions.[\/vc_column_text][\/vc_column][\/vc_row][vc_row][vc_column]\n    <div class=\"logo-text-spacer\" style=\"background-image: url('https:\/\/steiner-spiralen.de\/wp-content\/uploads\/ssp_divider_madeingermany.jpg')\">\n        <div class=\"container\">\n            <div class=\"inner\">\n                <div class=\"text-wrapper\">\n                    <div class=\"pre-headline\"><\/div>\n                    <h2>Conveyor systems from Steiner \u2013 the right solution for every project<\/h2>\n                    <div class=\"text\">In the search for the optimum solution for transporting your heating material, a distinction is first made between large and small systems, with large systems having a boiler output of over 60 KW. Small plants have a capacity of up to 60 KW.<\/div>\n                <\/div>\n                            <\/div>\n        <\/div>\n    <\/div>\n\n    [\/vc_column][\/vc_row][vc_row disable_element=&#8221;yes&#8221;][vc_column width=&#8221;1\/2&#8243;][vc_column_text]In the course of the construction of <strong>large-scale plants<\/strong>, the combination with three types of pellet receiving hoppers is possible:<\/p>\n<ul>\n<li>Single receiving hopper<\/li>\n<li>V-funnel<\/li>\n<li>Receiving hopper for bag silos<\/li>\n<\/ul>\n<p>[\/vc_column_text][\/vc_column][vc_column width=&#8221;1\/2&#8243;][vc_column_text]Three designs of receiving hoppers are available for the construction of <strong>small plants<\/strong><\/p>\n<ul>\n<li>Single receiving hopper<\/li>\n<li>U-Trough<\/li>\n<li>Receiving hopper for bag silos<\/li>\n<\/ul>\n<p>[\/vc_column_text][\/vc_column][\/vc_row][vc_row][vc_column][vc_empty_space height=&#8221;65px&#8221;]    <div class=\"bld-kachel-wrapper three-columns\">\n        \n    <div class=\"kachel-wrapper\">\n                <a href=\"\/en\/boiler-feed\/#pelletbunker\" target=\"\">\n                        <div class=\"inner\">\n                <div class=\"title\">Pellet bunker - Flexible conveyor system<\/div>\n                <div class=\"image\"><img decoding=\"async\" width=\"1920\" height=\"800\" src=\"https:\/\/steiner-spiralen.de\/wp-content\/uploads\/Steiner_SFA_0001-1.png\" class=\"attachment-full size-full\" alt=\"\" srcset=\"https:\/\/steiner-spiralen.de\/wp-content\/uploads\/Steiner_SFA_0001-1.png 1920w, https:\/\/steiner-spiralen.de\/wp-content\/uploads\/Steiner_SFA_0001-1-300x125.png 300w, https:\/\/steiner-spiralen.de\/wp-content\/uploads\/Steiner_SFA_0001-1-1024x427.png 1024w, https:\/\/steiner-spiralen.de\/wp-content\/uploads\/Steiner_SFA_0001-1-768x320.png 768w, https:\/\/steiner-spiralen.de\/wp-content\/uploads\/Steiner_SFA_0001-1-1536x640.png 1536w\" sizes=\"(max-width: 1920px) 100vw, 1920px\" \/><\/div>\n            <\/div>\n                    <\/a>\n        <\/div>\n\n\n    \n    <div class=\"kachel-wrapper\">\n                <a href=\"\/en\/boiler-feed\/#pelletsilo\" target=\"\">\n                        <div class=\"inner\">\n                <div class=\"title\">Pellet silo - Flexible conveyor system<\/div>\n                <div class=\"image\"><img decoding=\"async\" width=\"1920\" height=\"1200\" src=\"https:\/\/steiner-spiralen.de\/wp-content\/uploads\/SF30KR-mit-zwei-Siloaufnahmetrichter-Silo-Absperrschieber-und-neutralle-Kessel-Bild-1.jpg\" class=\"attachment-full size-full\" alt=\"\" srcset=\"https:\/\/steiner-spiralen.de\/wp-content\/uploads\/SF30KR-mit-zwei-Siloaufnahmetrichter-Silo-Absperrschieber-und-neutralle-Kessel-Bild-1.jpg 1920w, https:\/\/steiner-spiralen.de\/wp-content\/uploads\/SF30KR-mit-zwei-Siloaufnahmetrichter-Silo-Absperrschieber-und-neutralle-Kessel-Bild-1-300x188.jpg 300w, https:\/\/steiner-spiralen.de\/wp-content\/uploads\/SF30KR-mit-zwei-Siloaufnahmetrichter-Silo-Absperrschieber-und-neutralle-Kessel-Bild-1-1024x640.jpg 1024w, https:\/\/steiner-spiralen.de\/wp-content\/uploads\/SF30KR-mit-zwei-Siloaufnahmetrichter-Silo-Absperrschieber-und-neutralle-Kessel-Bild-1-768x480.jpg 768w, https:\/\/steiner-spiralen.de\/wp-content\/uploads\/SF30KR-mit-zwei-Siloaufnahmetrichter-Silo-Absperrschieber-und-neutralle-Kessel-Bild-1-1536x960.jpg 1536w\" sizes=\"(max-width: 1920px) 100vw, 1920px\" \/><\/div>\n            <\/div>\n                    <\/a>\n        <\/div>\n\n\n    \n    <div class=\"kachel-wrapper\">\n                <a href=\"\/en\/boiler-feed\/#woodchips\" target=\"\">\n                        <div class=\"inner\">\n                <div class=\"title\">Pellets\/chips - Rigid conveying system<\/div>\n                <div class=\"image\"><img decoding=\"async\" width=\"1920\" height=\"1200\" src=\"https:\/\/steiner-spiralen.de\/wp-content\/uploads\/Bild-Holzpellets-Pellets-Hackschnitzel.jpg\" class=\"attachment-full size-full\" alt=\"\" srcset=\"https:\/\/steiner-spiralen.de\/wp-content\/uploads\/Bild-Holzpellets-Pellets-Hackschnitzel.jpg 1920w, https:\/\/steiner-spiralen.de\/wp-content\/uploads\/Bild-Holzpellets-Pellets-Hackschnitzel-300x188.jpg 300w, https:\/\/steiner-spiralen.de\/wp-content\/uploads\/Bild-Holzpellets-Pellets-Hackschnitzel-1024x640.jpg 1024w, https:\/\/steiner-spiralen.de\/wp-content\/uploads\/Bild-Holzpellets-Pellets-Hackschnitzel-768x480.jpg 768w, https:\/\/steiner-spiralen.de\/wp-content\/uploads\/Bild-Holzpellets-Pellets-Hackschnitzel-1536x960.jpg 1536w\" sizes=\"(max-width: 1920px) 100vw, 1920px\" \/><\/div>\n            <\/div>\n                    <\/a>\n        <\/div>\n\n\n        <\/div>\n\n    [\/vc_column][\/vc_row][vc_row][vc_column][vc_column_text]Various options are available for material transfer:<\/p>\n<ul>\n<li>Single intake hopper in pellet bunker<\/li>\n<li>Receiving hopper for silos \/ bag silos<\/li>\n<li>U troughs for bag silos<\/li>\n<\/ul>\n<p>[\/vc_column_text][\/vc_column][\/vc_row][vc_row][vc_column][vc_empty_space height=&#8221;50px&#8221;]\n    <div class=\"downloads-wrapper\">\n        <h2 class=\"title\">Downloads<\/h2>\n                        <div class=\"download-item\">\n                    <a href=\"https:\/\/steiner-spiralen.de\/wp-content\/uploads\/EN_Brochure-Pellets.pdf\" target=\"_blank\"\n                       rel=\"nofollow\">Brochure Pellets EN<\/a>\n                <\/div>\n                <\/div>\n\n    [\/vc_column][\/vc_row][\/vc_section][vc_section][vc_row][vc_column]\n    <div class=\"heading \"\n         style=\"text-align: left;\">\n                    <div class=\"pre-headline\">CREDENTIALS<\/div>\n                        <h2>A selection of our projects<\/h2>\n            <\/div>\n\n\n    [\/vc_column][\/vc_row][vc_row][vc_column]\n    <div class=\"referenz-listing\">\n                        <div class=\"ref-item\">\n                    <a href=\"https:\/\/steiner-spiralen.de\/en\/referenzen\/bunker-discharge-pellets-flexible\/\">\n                        <div class=\"inner\">\n                            <div class=\"image\">\n                                <img decoding=\"async\" src=\"https:\/\/steiner-spiralen.de\/wp-content\/uploads\/Montage-SF30iKR-S4-Bild-2.jpg\">\n                            <\/div>\n                            <div class=\"text-wrapper\">\n                                <h3>Bunker discharge Pellets Flexible<\/h3>\n                                <div class=\"text\"><\/div>\n                            <\/div>\n                            <div class=\"btn\">go to reference<\/div>\n                        <\/div>\n                    <\/a>\n                <\/div>\n                                <div class=\"ref-item\">\n                    <a href=\"https:\/\/steiner-spiralen.de\/en\/referenzen\/silo-discharge-pellets-flexible-spiral-conveying-system\/\">\n                        <div class=\"inner\">\n                            <div class=\"image\">\n                                <img decoding=\"async\" src=\"https:\/\/steiner-spiralen.de\/wp-content\/uploads\/Siloaustragung-Flexible-Foerderanlage-Spiralfoerderer-scaled.jpg\">\n                            <\/div>\n                            <div class=\"text-wrapper\">\n                                <h3>Silo discharge pellets \/ Flexible spiral conveying system<\/h3>\n                                <div class=\"text\"><\/div>\n                            <\/div>\n                            <div class=\"btn\">go to reference<\/div>\n                        <\/div>\n                    <\/a>\n                <\/div>\n                    <\/div>\n\n\n    [\/vc_column][\/vc_row][\/vc_section]<\/p>\n<\/div>","protected":false},"excerpt":{"rendered":"<p>[vc_section][vc_row][vc_column][vc_empty_space][\/vc_column][\/vc_row][vc_row][vc_column][vc_column_text] A Pellet heating is the perfect heating solution from renewable energy for many homeowners but also businesses. The raw material wood as the basic material for pellets is CO2 neutral and thus a heating material that really can be used sustainably . This is good for the environment and for the next generations. Federal &hellip; <\/p>\n<p class=\"link-more\"><a href=\"https:\/\/steiner-spiralen.de\/en\/conveyor-systems\/wood-pellets\/\" class=\"more-link\">Continue reading<span class=\"screen-reader-text\"> &#8220;Wood pellets&#8221;<\/span><\/a><\/p>\n","protected":false},"author":1,"featured_media":2294,"parent":2748,"menu_order":0,"comment_status":"closed","ping_status":"closed","template":"page-templates\/header-unterseiten.php","meta":{"_acf_changed":false,"inline_featured_image":false,"footnotes":""},"class_list":["post-2766","page","type-page","status-publish","has-post-thumbnail","hentry"],"acf":[],"yoast_head":"<!-- This site is optimized with the Yoast SEO plugin v27.5 - https:\/\/yoast.com\/product\/yoast-seo-wordpress\/ -->\n<title>Wood pellets - Steiner<\/title>\n<meta name=\"robots\" content=\"index, follow, max-snippet:-1, max-image-preview:large, max-video-preview:-1\" \/>\n<link rel=\"canonical\" href=\"https:\/\/steiner-spiralen.de\/en\/conveyor-systems\/wood-pellets\/\" \/>\n<meta property=\"og:locale\" content=\"en_US\" \/>\n<meta property=\"og:type\" content=\"article\" \/>\n<meta property=\"og:title\" content=\"Wood pellets - Steiner\" \/>\n<meta property=\"og:description\" content=\"[vc_section][vc_row][vc_column][vc_empty_space][\/vc_column][\/vc_row][vc_row][vc_column][vc_column_text] A Pellet heating is the perfect heating solution from renewable energy for many homeowners but also businesses. The raw material wood as the basic material for pellets is CO2 neutral and thus a heating material that really can be used sustainably . This is good for the environment and for the next generations. Federal &hellip; Continue reading &quot;Wood pellets&quot;\" \/>\n<meta property=\"og:url\" content=\"https:\/\/steiner-spiralen.de\/en\/conveyor-systems\/wood-pellets\/\" \/>\n<meta property=\"og:site_name\" content=\"Steiner\" \/>\n<meta property=\"article:modified_time\" content=\"2024-01-09T17:13:33+00:00\" \/>\n<meta property=\"og:image\" content=\"https:\/\/steiner-spiralen.de\/wp-content\/uploads\/Holzpallets-header.jpg\" \/>\n\t<meta property=\"og:image:width\" content=\"694\" \/>\n\t<meta property=\"og:image:height\" content=\"417\" \/>\n\t<meta property=\"og:image:type\" content=\"image\/jpeg\" \/>\n<meta name=\"twitter:card\" content=\"summary_large_image\" \/>\n<meta name=\"twitter:label1\" content=\"Est. reading time\" \/>\n\t<meta name=\"twitter:data1\" content=\"4 minutes\" \/>\n<script type=\"application\/ld+json\" class=\"yoast-schema-graph\">{\"@context\":\"https:\\\/\\\/schema.org\",\"@graph\":[{\"@type\":\"WebPage\",\"@id\":\"https:\\\/\\\/steiner-spiralen.de\\\/en\\\/conveyor-systems\\\/wood-pellets\\\/\",\"url\":\"https:\\\/\\\/steiner-spiralen.de\\\/en\\\/conveyor-systems\\\/wood-pellets\\\/\",\"name\":\"Wood pellets - Steiner\",\"isPartOf\":{\"@id\":\"https:\\\/\\\/steiner-spiralen.de\\\/#website\"},\"primaryImageOfPage\":{\"@id\":\"https:\\\/\\\/steiner-spiralen.de\\\/en\\\/conveyor-systems\\\/wood-pellets\\\/#primaryimage\"},\"image\":{\"@id\":\"https:\\\/\\\/steiner-spiralen.de\\\/en\\\/conveyor-systems\\\/wood-pellets\\\/#primaryimage\"},\"thumbnailUrl\":\"https:\\\/\\\/steiner-spiralen.de\\\/wp-content\\\/uploads\\\/Holzpallets-header.jpg\",\"datePublished\":\"2023-04-25T08:02:44+00:00\",\"dateModified\":\"2024-01-09T17:13:33+00:00\",\"breadcrumb\":{\"@id\":\"https:\\\/\\\/steiner-spiralen.de\\\/en\\\/conveyor-systems\\\/wood-pellets\\\/#breadcrumb\"},\"inLanguage\":\"en-US\",\"potentialAction\":[{\"@type\":\"ReadAction\",\"target\":[\"https:\\\/\\\/steiner-spiralen.de\\\/en\\\/conveyor-systems\\\/wood-pellets\\\/\"]}]},{\"@type\":\"ImageObject\",\"inLanguage\":\"en-US\",\"@id\":\"https:\\\/\\\/steiner-spiralen.de\\\/en\\\/conveyor-systems\\\/wood-pellets\\\/#primaryimage\",\"url\":\"https:\\\/\\\/steiner-spiralen.de\\\/wp-content\\\/uploads\\\/Holzpallets-header.jpg\",\"contentUrl\":\"https:\\\/\\\/steiner-spiralen.de\\\/wp-content\\\/uploads\\\/Holzpallets-header.jpg\",\"width\":694,\"height\":417},{\"@type\":\"BreadcrumbList\",\"@id\":\"https:\\\/\\\/steiner-spiralen.de\\\/en\\\/conveyor-systems\\\/wood-pellets\\\/#breadcrumb\",\"itemListElement\":[{\"@type\":\"ListItem\",\"position\":1,\"name\":\"Startseite\",\"item\":\"https:\\\/\\\/steiner-spiralen.de\\\/en\\\/homepage\\\/\"},{\"@type\":\"ListItem\",\"position\":2,\"name\":\"Conveyor systems\",\"item\":\"https:\\\/\\\/steiner-spiralen.de\\\/en\\\/conveyor-systems\\\/\"},{\"@type\":\"ListItem\",\"position\":3,\"name\":\"Wood pellets\"}]},{\"@type\":\"WebSite\",\"@id\":\"https:\\\/\\\/steiner-spiralen.de\\\/#website\",\"url\":\"https:\\\/\\\/steiner-spiralen.de\\\/\",\"name\":\"Steiner Spiralen - Ihr Hersteller f\u00fcr F\u00f6rdertechnik und F\u00f6rderschnecken\",\"description\":\"\",\"publisher\":{\"@id\":\"https:\\\/\\\/steiner-spiralen.de\\\/#organization\"},\"potentialAction\":[{\"@type\":\"SearchAction\",\"target\":{\"@type\":\"EntryPoint\",\"urlTemplate\":\"https:\\\/\\\/steiner-spiralen.de\\\/?s={search_term_string}\"},\"query-input\":{\"@type\":\"PropertyValueSpecification\",\"valueRequired\":true,\"valueName\":\"search_term_string\"}}],\"inLanguage\":\"en-US\"},{\"@type\":\"Organization\",\"@id\":\"https:\\\/\\\/steiner-spiralen.de\\\/#organization\",\"name\":\"Steiner GmbH & Co. KG\",\"url\":\"https:\\\/\\\/steiner-spiralen.de\\\/\",\"logo\":{\"@type\":\"ImageObject\",\"inLanguage\":\"en-US\",\"@id\":\"https:\\\/\\\/steiner-spiralen.de\\\/#\\\/schema\\\/logo\\\/image\\\/\",\"url\":\"https:\\\/\\\/steiner-spiralen.de\\\/wp-content\\\/uploads\\\/steiner-logo.svg\",\"contentUrl\":\"https:\\\/\\\/steiner-spiralen.de\\\/wp-content\\\/uploads\\\/steiner-logo.svg\",\"width\":\"1024\",\"height\":\"1024\",\"caption\":\"Steiner GmbH & Co. KG\"},\"image\":{\"@id\":\"https:\\\/\\\/steiner-spiralen.de\\\/#\\\/schema\\\/logo\\\/image\\\/\"}}]}<\/script>\n<!-- \/ Yoast SEO plugin. -->","yoast_head_json":{"title":"Wood pellets - Steiner","robots":{"index":"index","follow":"follow","max-snippet":"max-snippet:-1","max-image-preview":"max-image-preview:large","max-video-preview":"max-video-preview:-1"},"canonical":"https:\/\/steiner-spiralen.de\/en\/conveyor-systems\/wood-pellets\/","og_locale":"en_US","og_type":"article","og_title":"Wood pellets - Steiner","og_description":"[vc_section][vc_row][vc_column][vc_empty_space][\/vc_column][\/vc_row][vc_row][vc_column][vc_column_text] A Pellet heating is the perfect heating solution from renewable energy for many homeowners but also businesses. The raw material wood as the basic material for pellets is CO2 neutral and thus a heating material that really can be used sustainably . This is good for the environment and for the next generations. Federal &hellip; Continue reading \"Wood pellets\"","og_url":"https:\/\/steiner-spiralen.de\/en\/conveyor-systems\/wood-pellets\/","og_site_name":"Steiner","article_modified_time":"2024-01-09T17:13:33+00:00","og_image":[{"width":694,"height":417,"url":"https:\/\/steiner-spiralen.de\/wp-content\/uploads\/Holzpallets-header.jpg","type":"image\/jpeg"}],"twitter_card":"summary_large_image","twitter_misc":{"Est. reading time":"4 minutes"},"schema":{"@context":"https:\/\/schema.org","@graph":[{"@type":"WebPage","@id":"https:\/\/steiner-spiralen.de\/en\/conveyor-systems\/wood-pellets\/","url":"https:\/\/steiner-spiralen.de\/en\/conveyor-systems\/wood-pellets\/","name":"Wood pellets - Steiner","isPartOf":{"@id":"https:\/\/steiner-spiralen.de\/#website"},"primaryImageOfPage":{"@id":"https:\/\/steiner-spiralen.de\/en\/conveyor-systems\/wood-pellets\/#primaryimage"},"image":{"@id":"https:\/\/steiner-spiralen.de\/en\/conveyor-systems\/wood-pellets\/#primaryimage"},"thumbnailUrl":"https:\/\/steiner-spiralen.de\/wp-content\/uploads\/Holzpallets-header.jpg","datePublished":"2023-04-25T08:02:44+00:00","dateModified":"2024-01-09T17:13:33+00:00","breadcrumb":{"@id":"https:\/\/steiner-spiralen.de\/en\/conveyor-systems\/wood-pellets\/#breadcrumb"},"inLanguage":"en-US","potentialAction":[{"@type":"ReadAction","target":["https:\/\/steiner-spiralen.de\/en\/conveyor-systems\/wood-pellets\/"]}]},{"@type":"ImageObject","inLanguage":"en-US","@id":"https:\/\/steiner-spiralen.de\/en\/conveyor-systems\/wood-pellets\/#primaryimage","url":"https:\/\/steiner-spiralen.de\/wp-content\/uploads\/Holzpallets-header.jpg","contentUrl":"https:\/\/steiner-spiralen.de\/wp-content\/uploads\/Holzpallets-header.jpg","width":694,"height":417},{"@type":"BreadcrumbList","@id":"https:\/\/steiner-spiralen.de\/en\/conveyor-systems\/wood-pellets\/#breadcrumb","itemListElement":[{"@type":"ListItem","position":1,"name":"Startseite","item":"https:\/\/steiner-spiralen.de\/en\/homepage\/"},{"@type":"ListItem","position":2,"name":"Conveyor systems","item":"https:\/\/steiner-spiralen.de\/en\/conveyor-systems\/"},{"@type":"ListItem","position":3,"name":"Wood pellets"}]},{"@type":"WebSite","@id":"https:\/\/steiner-spiralen.de\/#website","url":"https:\/\/steiner-spiralen.de\/","name":"Steiner Spiralen - Ihr Hersteller f\u00fcr F\u00f6rdertechnik und F\u00f6rderschnecken","description":"","publisher":{"@id":"https:\/\/steiner-spiralen.de\/#organization"},"potentialAction":[{"@type":"SearchAction","target":{"@type":"EntryPoint","urlTemplate":"https:\/\/steiner-spiralen.de\/?s={search_term_string}"},"query-input":{"@type":"PropertyValueSpecification","valueRequired":true,"valueName":"search_term_string"}}],"inLanguage":"en-US"},{"@type":"Organization","@id":"https:\/\/steiner-spiralen.de\/#organization","name":"Steiner GmbH & Co. KG","url":"https:\/\/steiner-spiralen.de\/","logo":{"@type":"ImageObject","inLanguage":"en-US","@id":"https:\/\/steiner-spiralen.de\/#\/schema\/logo\/image\/","url":"https:\/\/steiner-spiralen.de\/wp-content\/uploads\/steiner-logo.svg","contentUrl":"https:\/\/steiner-spiralen.de\/wp-content\/uploads\/steiner-logo.svg","width":"1024","height":"1024","caption":"Steiner GmbH & Co. KG"},"image":{"@id":"https:\/\/steiner-spiralen.de\/#\/schema\/logo\/image\/"}}]}},"_links":{"self":[{"href":"https:\/\/steiner-spiralen.de\/en\/wp-json\/wp\/v2\/pages\/2766","targetHints":{"allow":["GET"]}}],"collection":[{"href":"https:\/\/steiner-spiralen.de\/en\/wp-json\/wp\/v2\/pages"}],"about":[{"href":"https:\/\/steiner-spiralen.de\/en\/wp-json\/wp\/v2\/types\/page"}],"author":[{"embeddable":true,"href":"https:\/\/steiner-spiralen.de\/en\/wp-json\/wp\/v2\/users\/1"}],"replies":[{"embeddable":true,"href":"https:\/\/steiner-spiralen.de\/en\/wp-json\/wp\/v2\/comments?post=2766"}],"version-history":[{"count":13,"href":"https:\/\/steiner-spiralen.de\/en\/wp-json\/wp\/v2\/pages\/2766\/revisions"}],"predecessor-version":[{"id":3514,"href":"https:\/\/steiner-spiralen.de\/en\/wp-json\/wp\/v2\/pages\/2766\/revisions\/3514"}],"up":[{"embeddable":true,"href":"https:\/\/steiner-spiralen.de\/en\/wp-json\/wp\/v2\/pages\/2748"}],"wp:featuredmedia":[{"embeddable":true,"href":"https:\/\/steiner-spiralen.de\/en\/wp-json\/wp\/v2\/media\/2294"}],"wp:attachment":[{"href":"https:\/\/steiner-spiralen.de\/en\/wp-json\/wp\/v2\/media?parent=2766"}],"curies":[{"name":"wp","href":"https:\/\/api.w.org\/{rel}","templated":true}]}}