{"id":2756,"date":"2023-04-25T10:55:49","date_gmt":"2023-04-25T08:55:49","guid":{"rendered":"https:\/\/steiner-spiralen.de\/spirals\/plastic-screw-segments\/"},"modified":"2024-10-15T11:31:23","modified_gmt":"2024-10-15T09:31:23","slug":"plastic-screw-segments","status":"publish","type":"page","link":"https:\/\/steiner-spiralen.de\/en\/spirals\/plastic-screw-segments\/","title":{"rendered":"Plastic screw segments"},"content":{"rendered":"<div class=\"wpb-content-wrapper\"><p>[vc_row content_placement=&#8221;middle&#8221; css=&#8221;.vc_custom_1684323152741{margin-top: 50px !important;}&#8221;][vc_column width=&#8221;1\/2&#8243;]\n    <div class=\"bld-image\">\n        <div class=\"inner-wrapper \">\n            <img decoding=\"async\" src=\"https:\/\/steiner-spiralen.de\/wp-content\/uploads\/kunststoff-schnecken-segmente.jpg\">\n        <\/div>\n            <\/div>\n\n    [\/vc_column][vc_column width=&#8221;1\/2&#8243;][vc_column_text]<strong>Steiner GmbH from Kirchdorf<\/strong> am Inn offers the optimal conveyor technology for every material to be conveyed. In the case of <strong>abrasive<\/strong> or <strong>aggressive<\/strong> materials to be conveyed, the plastic screw conveyor is often the means of choice.<br \/>\nUnder the term <strong>Archimedean screw<\/strong>, the basic principle of screw conveyors has been in use since ancient times. Due to this simple mechanical principle, <strong>screw conveyors require little maintenance<\/strong> and are used very frequently, especially for transporting <strong>bulk, granular or powdery material<\/strong>. By means of plastic screws material can be transported <strong>horizontally, vertically<\/strong> or with <strong>inclination<\/strong>.[\/vc_column_text][\/vc_column][\/vc_row][vc_row][vc_column][vc_empty_space][vc_column_text]<\/p>\n<h2>Advantages of the screw conveyor<\/h2>\n<p>At first glance, the main advantages of the screw conveyor are its high conveying capacity for bulk materials and its resistance to aggressive material properties. However, the advantages of this extraction method are far from being exhausted:[\/vc_column_text][vc_row_inner][vc_column_inner width=&#8221;1\/2&#8243;][vc_column_text]<\/p>\n<ul>\n<li><strong>Low weight<\/strong><\/li>\n<li><strong>Energy-saving<\/strong><span> <\/span>drive<\/li>\n<li><strong>Short repair times<\/strong><span> <\/span>due to modular technology<\/li>\n<li><strong>Dry running capability<\/strong><\/li>\n<li>Long <strong>service life (high<\/strong> durability) due to standard-setting<span> <\/span><strong>wear resistance<\/strong><\/li>\n<li><strong>Easy implementation of product and process change<\/strong><span> <\/span>through modular technology<br \/>\n&gt; so the value is maintained and your amortization risk is minimized<\/li>\n<\/ul>\n<p>[\/vc_column_text][\/vc_column_inner][vc_column_inner width=&#8221;1\/2&#8243;][vc_column_text]<\/p>\n<ul>\n<li><strong>Low friction coefficient<\/strong><\/li>\n<li><strong>Simple construction<\/strong><\/li>\n<li><strong>Corrosion<\/strong> and<span> c<\/span><strong>hemical resistance<\/strong><\/li>\n<li>Good<span> <\/span> Damping<\/li>\n<li><strong>Low maintenance<\/strong><\/li>\n<li><strong>No environmental pollution<\/strong><\/li>\n<li><strong>Physiological harmlessness<\/strong><\/li>\n<li><strong>Cheap<\/strong><span> p<\/span>roduction<\/li>\n<\/ul>\n<p>[\/vc_column_text][\/vc_column_inner][\/vc_row_inner]\n    <div class=\"bld-position\"\n         style=\" text-align: left;\">\n        <a target=\"_blank\"            href=\"\/fragebogen-kunststoff-schneckensegmente\" class=\"bld-btn\" style=\"\">\n            Inquire about plastic snail        <\/a>\n    <\/div>\n\n    [vc_empty_space height=&#8221;15px&#8221;][vc_separator][vc_row_inner][vc_column_inner][vc_column_text]<\/p>\n<h2>Conveyor technology perfectly adapted to your processes<\/h2>\n<p>Conveyor systems from Steiner spirals in Kirchdorf, Bavaria, are always individually adapted to your requirements. Depending on the project, we decide together whether conveying spirals or screw conveyors are the most efficient solution for your problem. The material used is also fully aligned with the criteria of your processes.[\/vc_column_text][\/vc_column_inner][\/vc_row_inner][vc_row_inner][vc_column_inner width=&#8221;1\/2&#8243;][vc_column_text]The components of plastic screw conveyors can be customized from the following<span> <\/span><strong>Plastic compounds<\/strong><span> <\/span>are produced:<\/p>\n<ul>\n<li><strong>PA<span> <\/span><\/strong>(standard)<\/li>\n<\/ul>\n<p>[\/vc_column_text][\/vc_column_inner][vc_column_inner width=&#8221;1\/2&#8243;][vc_column_text]From a purchase quantity of 3,000 pieces<\/p>\n<ul>\n<li><strong>PE (on request)<\/strong><\/li>\n<li><strong>PP (on request)<\/strong><\/li>\n<li><strong>PEEK (on request)<\/strong><\/li>\n<li><strong>PES (on request)<\/strong><\/li>\n<li><strong>SUL (on request)<\/strong><\/li>\n<\/ul>\n<p>[\/vc_column_text][\/vc_column_inner][\/vc_row_inner][\/vc_column][\/vc_row][vc_row][vc_column][vc_separator][\/vc_column][\/vc_row][vc_row][vc_column width=&#8221;1\/2&#8243;][vc_column_text]In the course of the individual<span> <\/span><strong>project-related planning<\/strong><span> <\/span>of your conveyor system, you will find in Steiner spirals from Kirchdorf am Inn a partner for the planning of the entire system. Steiner supports you in developing an overall concept for electrical control, conveyor and weighing technology, installation and commissioning, and also assists you with service and maintenance. If you wish, you can leave the development of the entire concept in our hands. Due to this flexibility, a combination with existing discharge units or machines is also no problem.<\/p>\n<p><em>Transport difficult material, bulk, powder and granules in the most efficient way. Steiner Spiralen helps you with this. We are very much looking forward to your inquiry!<\/em>[\/vc_column_text][\/vc_column][vc_column width=&#8221;1\/2&#8243;][vc_single_image image=&#8221;3626&#8243; img_size=&#8221;full&#8221; onclick=&#8221;link_image&#8221; css=&#8221;&#8221;][\/vc_column][\/vc_row][vc_section][vc_row][vc_column][vc_separator][\/vc_column][\/vc_row][\/vc_section]<\/p>\n<\/div>","protected":false},"excerpt":{"rendered":"<p>[vc_row content_placement=&#8221;middle&#8221; css=&#8221;.vc_custom_1684323152741{margin-top: 50px !important;}&#8221;][vc_column width=&#8221;1\/2&#8243;][\/vc_column][vc_column width=&#8221;1\/2&#8243;][vc_column_text]Steiner GmbH from Kirchdorf am Inn offers the optimal conveyor technology for every material to be conveyed. In the case of abrasive or aggressive materials to be conveyed, the plastic screw conveyor is often the means of choice. Under the term Archimedean screw, the basic principle of screw conveyors &hellip; <\/p>\n<p class=\"link-more\"><a href=\"https:\/\/steiner-spiralen.de\/en\/spirals\/plastic-screw-segments\/\" class=\"more-link\">Continue reading<span class=\"screen-reader-text\"> &#8220;Plastic screw segments&#8221;<\/span><\/a><\/p>\n","protected":false},"author":1,"featured_media":2316,"parent":2744,"menu_order":0,"comment_status":"closed","ping_status":"closed","template":"","meta":{"_acf_changed":false,"inline_featured_image":false,"footnotes":""},"class_list":["post-2756","page","type-page","status-publish","has-post-thumbnail","hentry"],"acf":[],"yoast_head":"<!-- This site is optimized with the Yoast SEO plugin v27.5 - https:\/\/yoast.com\/product\/yoast-seo-wordpress\/ -->\n<title>Plastic screw segments - Steiner<\/title>\n<meta name=\"robots\" content=\"index, follow, max-snippet:-1, max-image-preview:large, max-video-preview:-1\" \/>\n<link rel=\"canonical\" href=\"https:\/\/steiner-spiralen.de\/en\/spirals\/plastic-screw-segments\/\" \/>\n<meta property=\"og:locale\" content=\"en_US\" \/>\n<meta property=\"og:type\" content=\"article\" \/>\n<meta property=\"og:title\" content=\"Plastic screw segments - Steiner\" \/>\n<meta property=\"og:description\" content=\"[vc_row content_placement=&#8221;middle&#8221; css=&#8221;.vc_custom_1684323152741{margin-top: 50px !important;}&#8221;][vc_column width=&#8221;1\/2&#8243;][\/vc_column][vc_column width=&#8221;1\/2&#8243;][vc_column_text]Steiner GmbH from Kirchdorf am Inn offers the optimal conveyor technology for every material to be conveyed. In the case of abrasive or aggressive materials to be conveyed, the plastic screw conveyor is often the means of choice. Under the term Archimedean screw, the basic principle of screw conveyors &hellip; Continue reading &quot;Plastic screw segments&quot;\" \/>\n<meta property=\"og:url\" content=\"https:\/\/steiner-spiralen.de\/en\/spirals\/plastic-screw-segments\/\" \/>\n<meta property=\"og:site_name\" content=\"Steiner\" \/>\n<meta property=\"article:modified_time\" content=\"2024-10-15T09:31:23+00:00\" \/>\n<meta property=\"og:image\" content=\"https:\/\/steiner-spiralen.de\/wp-content\/uploads\/Header_Spiralen_web.jpg\" \/>\n\t<meta property=\"og:image:width\" content=\"1895\" \/>\n\t<meta property=\"og:image:height\" content=\"395\" \/>\n\t<meta property=\"og:image:type\" content=\"image\/jpeg\" \/>\n<meta name=\"twitter:card\" content=\"summary_large_image\" \/>\n<meta name=\"twitter:label1\" content=\"Est. reading time\" \/>\n\t<meta name=\"twitter:data1\" content=\"4 minutes\" \/>\n<script type=\"application\/ld+json\" class=\"yoast-schema-graph\">{\"@context\":\"https:\\\/\\\/schema.org\",\"@graph\":[{\"@type\":\"WebPage\",\"@id\":\"https:\\\/\\\/steiner-spiralen.de\\\/en\\\/spirals\\\/plastic-screw-segments\\\/\",\"url\":\"https:\\\/\\\/steiner-spiralen.de\\\/en\\\/spirals\\\/plastic-screw-segments\\\/\",\"name\":\"Plastic screw segments - Steiner\",\"isPartOf\":{\"@id\":\"https:\\\/\\\/steiner-spiralen.de\\\/#website\"},\"primaryImageOfPage\":{\"@id\":\"https:\\\/\\\/steiner-spiralen.de\\\/en\\\/spirals\\\/plastic-screw-segments\\\/#primaryimage\"},\"image\":{\"@id\":\"https:\\\/\\\/steiner-spiralen.de\\\/en\\\/spirals\\\/plastic-screw-segments\\\/#primaryimage\"},\"thumbnailUrl\":\"https:\\\/\\\/steiner-spiralen.de\\\/wp-content\\\/uploads\\\/Header_Spiralen_web.jpg\",\"datePublished\":\"2023-04-25T08:55:49+00:00\",\"dateModified\":\"2024-10-15T09:31:23+00:00\",\"breadcrumb\":{\"@id\":\"https:\\\/\\\/steiner-spiralen.de\\\/en\\\/spirals\\\/plastic-screw-segments\\\/#breadcrumb\"},\"inLanguage\":\"en-US\",\"potentialAction\":[{\"@type\":\"ReadAction\",\"target\":[\"https:\\\/\\\/steiner-spiralen.de\\\/en\\\/spirals\\\/plastic-screw-segments\\\/\"]}]},{\"@type\":\"ImageObject\",\"inLanguage\":\"en-US\",\"@id\":\"https:\\\/\\\/steiner-spiralen.de\\\/en\\\/spirals\\\/plastic-screw-segments\\\/#primaryimage\",\"url\":\"https:\\\/\\\/steiner-spiralen.de\\\/wp-content\\\/uploads\\\/Header_Spiralen_web.jpg\",\"contentUrl\":\"https:\\\/\\\/steiner-spiralen.de\\\/wp-content\\\/uploads\\\/Header_Spiralen_web.jpg\",\"width\":1895,\"height\":395},{\"@type\":\"BreadcrumbList\",\"@id\":\"https:\\\/\\\/steiner-spiralen.de\\\/en\\\/spirals\\\/plastic-screw-segments\\\/#breadcrumb\",\"itemListElement\":[{\"@type\":\"ListItem\",\"position\":1,\"name\":\"Startseite\",\"item\":\"https:\\\/\\\/steiner-spiralen.de\\\/en\\\/homepage\\\/\"},{\"@type\":\"ListItem\",\"position\":2,\"name\":\"Spirals\",\"item\":\"https:\\\/\\\/steiner-spiralen.de\\\/en\\\/spirals\\\/\"},{\"@type\":\"ListItem\",\"position\":3,\"name\":\"Plastic screw segments\"}]},{\"@type\":\"WebSite\",\"@id\":\"https:\\\/\\\/steiner-spiralen.de\\\/#website\",\"url\":\"https:\\\/\\\/steiner-spiralen.de\\\/\",\"name\":\"Steiner Spiralen - Ihr Hersteller f\u00fcr F\u00f6rdertechnik und F\u00f6rderschnecken\",\"description\":\"\",\"publisher\":{\"@id\":\"https:\\\/\\\/steiner-spiralen.de\\\/#organization\"},\"potentialAction\":[{\"@type\":\"SearchAction\",\"target\":{\"@type\":\"EntryPoint\",\"urlTemplate\":\"https:\\\/\\\/steiner-spiralen.de\\\/?s={search_term_string}\"},\"query-input\":{\"@type\":\"PropertyValueSpecification\",\"valueRequired\":true,\"valueName\":\"search_term_string\"}}],\"inLanguage\":\"en-US\"},{\"@type\":\"Organization\",\"@id\":\"https:\\\/\\\/steiner-spiralen.de\\\/#organization\",\"name\":\"Steiner GmbH & Co. KG\",\"url\":\"https:\\\/\\\/steiner-spiralen.de\\\/\",\"logo\":{\"@type\":\"ImageObject\",\"inLanguage\":\"en-US\",\"@id\":\"https:\\\/\\\/steiner-spiralen.de\\\/#\\\/schema\\\/logo\\\/image\\\/\",\"url\":\"https:\\\/\\\/steiner-spiralen.de\\\/wp-content\\\/uploads\\\/steiner-logo.svg\",\"contentUrl\":\"https:\\\/\\\/steiner-spiralen.de\\\/wp-content\\\/uploads\\\/steiner-logo.svg\",\"width\":\"1024\",\"height\":\"1024\",\"caption\":\"Steiner GmbH & Co. KG\"},\"image\":{\"@id\":\"https:\\\/\\\/steiner-spiralen.de\\\/#\\\/schema\\\/logo\\\/image\\\/\"}}]}<\/script>\n<!-- \/ Yoast SEO plugin. -->","yoast_head_json":{"title":"Plastic screw segments - Steiner","robots":{"index":"index","follow":"follow","max-snippet":"max-snippet:-1","max-image-preview":"max-image-preview:large","max-video-preview":"max-video-preview:-1"},"canonical":"https:\/\/steiner-spiralen.de\/en\/spirals\/plastic-screw-segments\/","og_locale":"en_US","og_type":"article","og_title":"Plastic screw segments - Steiner","og_description":"[vc_row content_placement=&#8221;middle&#8221; css=&#8221;.vc_custom_1684323152741{margin-top: 50px !important;}&#8221;][vc_column width=&#8221;1\/2&#8243;][\/vc_column][vc_column width=&#8221;1\/2&#8243;][vc_column_text]Steiner GmbH from Kirchdorf am Inn offers the optimal conveyor technology for every material to be conveyed. In the case of abrasive or aggressive materials to be conveyed, the plastic screw conveyor is often the means of choice. Under the term Archimedean screw, the basic principle of screw conveyors &hellip; Continue reading \"Plastic screw segments\"","og_url":"https:\/\/steiner-spiralen.de\/en\/spirals\/plastic-screw-segments\/","og_site_name":"Steiner","article_modified_time":"2024-10-15T09:31:23+00:00","og_image":[{"width":1895,"height":395,"url":"https:\/\/steiner-spiralen.de\/wp-content\/uploads\/Header_Spiralen_web.jpg","type":"image\/jpeg"}],"twitter_card":"summary_large_image","twitter_misc":{"Est. reading time":"4 minutes"},"schema":{"@context":"https:\/\/schema.org","@graph":[{"@type":"WebPage","@id":"https:\/\/steiner-spiralen.de\/en\/spirals\/plastic-screw-segments\/","url":"https:\/\/steiner-spiralen.de\/en\/spirals\/plastic-screw-segments\/","name":"Plastic screw segments - Steiner","isPartOf":{"@id":"https:\/\/steiner-spiralen.de\/#website"},"primaryImageOfPage":{"@id":"https:\/\/steiner-spiralen.de\/en\/spirals\/plastic-screw-segments\/#primaryimage"},"image":{"@id":"https:\/\/steiner-spiralen.de\/en\/spirals\/plastic-screw-segments\/#primaryimage"},"thumbnailUrl":"https:\/\/steiner-spiralen.de\/wp-content\/uploads\/Header_Spiralen_web.jpg","datePublished":"2023-04-25T08:55:49+00:00","dateModified":"2024-10-15T09:31:23+00:00","breadcrumb":{"@id":"https:\/\/steiner-spiralen.de\/en\/spirals\/plastic-screw-segments\/#breadcrumb"},"inLanguage":"en-US","potentialAction":[{"@type":"ReadAction","target":["https:\/\/steiner-spiralen.de\/en\/spirals\/plastic-screw-segments\/"]}]},{"@type":"ImageObject","inLanguage":"en-US","@id":"https:\/\/steiner-spiralen.de\/en\/spirals\/plastic-screw-segments\/#primaryimage","url":"https:\/\/steiner-spiralen.de\/wp-content\/uploads\/Header_Spiralen_web.jpg","contentUrl":"https:\/\/steiner-spiralen.de\/wp-content\/uploads\/Header_Spiralen_web.jpg","width":1895,"height":395},{"@type":"BreadcrumbList","@id":"https:\/\/steiner-spiralen.de\/en\/spirals\/plastic-screw-segments\/#breadcrumb","itemListElement":[{"@type":"ListItem","position":1,"name":"Startseite","item":"https:\/\/steiner-spiralen.de\/en\/homepage\/"},{"@type":"ListItem","position":2,"name":"Spirals","item":"https:\/\/steiner-spiralen.de\/en\/spirals\/"},{"@type":"ListItem","position":3,"name":"Plastic screw segments"}]},{"@type":"WebSite","@id":"https:\/\/steiner-spiralen.de\/#website","url":"https:\/\/steiner-spiralen.de\/","name":"Steiner Spiralen - Ihr Hersteller f\u00fcr F\u00f6rdertechnik und F\u00f6rderschnecken","description":"","publisher":{"@id":"https:\/\/steiner-spiralen.de\/#organization"},"potentialAction":[{"@type":"SearchAction","target":{"@type":"EntryPoint","urlTemplate":"https:\/\/steiner-spiralen.de\/?s={search_term_string}"},"query-input":{"@type":"PropertyValueSpecification","valueRequired":true,"valueName":"search_term_string"}}],"inLanguage":"en-US"},{"@type":"Organization","@id":"https:\/\/steiner-spiralen.de\/#organization","name":"Steiner GmbH & Co. KG","url":"https:\/\/steiner-spiralen.de\/","logo":{"@type":"ImageObject","inLanguage":"en-US","@id":"https:\/\/steiner-spiralen.de\/#\/schema\/logo\/image\/","url":"https:\/\/steiner-spiralen.de\/wp-content\/uploads\/steiner-logo.svg","contentUrl":"https:\/\/steiner-spiralen.de\/wp-content\/uploads\/steiner-logo.svg","width":"1024","height":"1024","caption":"Steiner GmbH & Co. KG"},"image":{"@id":"https:\/\/steiner-spiralen.de\/#\/schema\/logo\/image\/"}}]}},"_links":{"self":[{"href":"https:\/\/steiner-spiralen.de\/en\/wp-json\/wp\/v2\/pages\/2756","targetHints":{"allow":["GET"]}}],"collection":[{"href":"https:\/\/steiner-spiralen.de\/en\/wp-json\/wp\/v2\/pages"}],"about":[{"href":"https:\/\/steiner-spiralen.de\/en\/wp-json\/wp\/v2\/types\/page"}],"author":[{"embeddable":true,"href":"https:\/\/steiner-spiralen.de\/en\/wp-json\/wp\/v2\/users\/1"}],"replies":[{"embeddable":true,"href":"https:\/\/steiner-spiralen.de\/en\/wp-json\/wp\/v2\/comments?post=2756"}],"version-history":[{"count":9,"href":"https:\/\/steiner-spiralen.de\/en\/wp-json\/wp\/v2\/pages\/2756\/revisions"}],"predecessor-version":[{"id":3628,"href":"https:\/\/steiner-spiralen.de\/en\/wp-json\/wp\/v2\/pages\/2756\/revisions\/3628"}],"up":[{"embeddable":true,"href":"https:\/\/steiner-spiralen.de\/en\/wp-json\/wp\/v2\/pages\/2744"}],"wp:featuredmedia":[{"embeddable":true,"href":"https:\/\/steiner-spiralen.de\/en\/wp-json\/wp\/v2\/media\/2316"}],"wp:attachment":[{"href":"https:\/\/steiner-spiralen.de\/en\/wp-json\/wp\/v2\/media?parent=2756"}],"curies":[{"name":"wp","href":"https:\/\/api.w.org\/{rel}","templated":true}]}}