{"id":2745,"date":"2023-04-12T09:54:25","date_gmt":"2023-04-12T07:54:25","guid":{"rendered":"https:\/\/steiner-spiralen.de\/imprint\/"},"modified":"2024-03-27T13:24:08","modified_gmt":"2024-03-27T12:24:08","slug":"imprint","status":"publish","type":"page","link":"https:\/\/steiner-spiralen.de\/en\/imprint\/","title":{"rendered":"Imprint"},"content":{"rendered":"<div class=\"wpb-content-wrapper\"><p>[vc_section][vc_row][vc_column]\n    <div class=\"heading \"\n         style=\"text-align: left;\">\n                    <h1>Legal Notice<\/h1>\n            <\/div>\n\n\n    [vc_column_text]<strong>Steiner GmbH &amp; Co. KG<\/strong><\/p>\n<p>Rudolf-Diesel-Stra\u00dfe 23<br \/>\n84375 Kirchdorf am Inn<\/p>\n<p>Tel.: <a href=\"tel:+498571983490\">+49 (0) 8571 \/ 983 490<\/a><br \/>\nFax: +49 (0) 8571 \/ 983 4919<br \/>\nE-Mail: <a href=\"mailto:info@steiner-spiralen.de\">info@steiner-spiralen.de<\/a><\/p>\n<p>Limited partnership: Registered office: Sitz Kirchdorf am Inn<\/p>\n<p>Court of registry: Landshut HRA 8012<\/p>\n<p>Steiner Verwaltungs GmbH, Sitz Kirchdorf am Inn<br \/>\nCourt of registry: Landshut HRB 4747<\/p>\n<p>General Manager Georg Steiner<\/p>\n<p>VAT ID: DE 812 577 399<\/p>\n<p>EORI-No: DE 1471384<\/p>\n<p>Images:<br \/>\nMartina Glaser Fotografie www.martinaglaser.de<\/p>\n<p>&nbsp;<\/p>\n<p><strong>Design and technical implementation:<\/strong><br \/>\nBOLD Marketing + Development GmbH<br \/>\n<a href=\"https:\/\/www.welovebold.de\/\" target=\"_blank\" rel=\"noopener\">www.welovebold.de<\/a>[\/vc_column_text][\/vc_column][\/vc_row][\/vc_section]<\/p>\n<\/div>","protected":false},"excerpt":{"rendered":"<p>[vc_section][vc_row][vc_column][vc_column_text]Steiner GmbH &amp; Co. KG Rudolf-Diesel-Stra\u00dfe 23 84375 Kirchdorf am Inn Tel.: +49 (0) 8571 \/ 983 490 Fax: +49 (0) 8571 \/ 983 4919 E-Mail: info@steiner-spiralen.de Limited partnership: Registered office: Sitz Kirchdorf am Inn Court of registry: Landshut HRA 8012 Steiner Verwaltungs GmbH, Sitz Kirchdorf am Inn Court of registry: Landshut HRB 4747 General &hellip; <\/p>\n<p class=\"link-more\"><a href=\"https:\/\/steiner-spiralen.de\/en\/imprint\/\" class=\"more-link\">Continue reading<span class=\"screen-reader-text\"> &#8220;Imprint&#8221;<\/span><\/a><\/p>\n","protected":false},"author":1,"featured_media":0,"parent":0,"menu_order":14,"comment_status":"closed","ping_status":"closed","template":"","meta":{"_acf_changed":false,"inline_featured_image":false,"footnotes":""},"class_list":["post-2745","page","type-page","status-publish","hentry"],"acf":[],"yoast_head":"<!-- This site is optimized with the Yoast SEO plugin v27.4 - https:\/\/yoast.com\/product\/yoast-seo-wordpress\/ -->\n<title>Imprint - Steiner<\/title>\n<meta name=\"robots\" content=\"index, follow, max-snippet:-1, max-image-preview:large, max-video-preview:-1\" \/>\n<link rel=\"canonical\" href=\"https:\/\/steiner-spiralen.de\/en\/imprint\/\" \/>\n<meta property=\"og:locale\" content=\"en_US\" \/>\n<meta property=\"og:type\" content=\"article\" \/>\n<meta property=\"og:title\" content=\"Imprint - Steiner\" \/>\n<meta property=\"og:description\" content=\"[vc_section][vc_row][vc_column][vc_column_text]Steiner GmbH &amp; Co. KG Rudolf-Diesel-Stra\u00dfe 23 84375 Kirchdorf am Inn Tel.: +49 (0) 8571 \/ 983 490 Fax: +49 (0) 8571 \/ 983 4919 E-Mail: info@steiner-spiralen.de Limited partnership: Registered office: Sitz Kirchdorf am Inn Court of registry: Landshut HRA 8012 Steiner Verwaltungs GmbH, Sitz Kirchdorf am Inn Court of registry: Landshut HRB 4747 General &hellip; Continue reading &quot;Imprint&quot;\" \/>\n<meta property=\"og:url\" content=\"https:\/\/steiner-spiralen.de\/en\/imprint\/\" \/>\n<meta property=\"og:site_name\" content=\"Steiner\" \/>\n<meta property=\"article:modified_time\" content=\"2024-03-27T12:24:08+00:00\" \/>\n<meta name=\"twitter:card\" content=\"summary_large_image\" \/>\n<meta name=\"twitter:label1\" content=\"Est. reading time\" \/>\n\t<meta name=\"twitter:data1\" content=\"1 minute\" \/>\n<script type=\"application\/ld+json\" class=\"yoast-schema-graph\">{\"@context\":\"https:\\\/\\\/schema.org\",\"@graph\":[{\"@type\":\"WebPage\",\"@id\":\"https:\\\/\\\/steiner-spiralen.de\\\/en\\\/imprint\\\/\",\"url\":\"https:\\\/\\\/steiner-spiralen.de\\\/en\\\/imprint\\\/\",\"name\":\"Imprint - Steiner\",\"isPartOf\":{\"@id\":\"https:\\\/\\\/steiner-spiralen.de\\\/#website\"},\"datePublished\":\"2023-04-12T07:54:25+00:00\",\"dateModified\":\"2024-03-27T12:24:08+00:00\",\"breadcrumb\":{\"@id\":\"https:\\\/\\\/steiner-spiralen.de\\\/en\\\/imprint\\\/#breadcrumb\"},\"inLanguage\":\"en-US\",\"potentialAction\":[{\"@type\":\"ReadAction\",\"target\":[\"https:\\\/\\\/steiner-spiralen.de\\\/en\\\/imprint\\\/\"]}]},{\"@type\":\"BreadcrumbList\",\"@id\":\"https:\\\/\\\/steiner-spiralen.de\\\/en\\\/imprint\\\/#breadcrumb\",\"itemListElement\":[{\"@type\":\"ListItem\",\"position\":1,\"name\":\"Startseite\",\"item\":\"https:\\\/\\\/steiner-spiralen.de\\\/en\\\/homepage\\\/\"},{\"@type\":\"ListItem\",\"position\":2,\"name\":\"Imprint\"}]},{\"@type\":\"WebSite\",\"@id\":\"https:\\\/\\\/steiner-spiralen.de\\\/#website\",\"url\":\"https:\\\/\\\/steiner-spiralen.de\\\/\",\"name\":\"Steiner Spiralen - Ihr Hersteller f\u00fcr F\u00f6rdertechnik und F\u00f6rderschnecken\",\"description\":\"\",\"publisher\":{\"@id\":\"https:\\\/\\\/steiner-spiralen.de\\\/#organization\"},\"potentialAction\":[{\"@type\":\"SearchAction\",\"target\":{\"@type\":\"EntryPoint\",\"urlTemplate\":\"https:\\\/\\\/steiner-spiralen.de\\\/?s={search_term_string}\"},\"query-input\":{\"@type\":\"PropertyValueSpecification\",\"valueRequired\":true,\"valueName\":\"search_term_string\"}}],\"inLanguage\":\"en-US\"},{\"@type\":\"Organization\",\"@id\":\"https:\\\/\\\/steiner-spiralen.de\\\/#organization\",\"name\":\"Steiner GmbH & Co. KG\",\"url\":\"https:\\\/\\\/steiner-spiralen.de\\\/\",\"logo\":{\"@type\":\"ImageObject\",\"inLanguage\":\"en-US\",\"@id\":\"https:\\\/\\\/steiner-spiralen.de\\\/#\\\/schema\\\/logo\\\/image\\\/\",\"url\":\"https:\\\/\\\/steiner-spiralen.de\\\/wp-content\\\/uploads\\\/steiner-logo.svg\",\"contentUrl\":\"https:\\\/\\\/steiner-spiralen.de\\\/wp-content\\\/uploads\\\/steiner-logo.svg\",\"width\":\"1024\",\"height\":\"1024\",\"caption\":\"Steiner GmbH & Co. KG\"},\"image\":{\"@id\":\"https:\\\/\\\/steiner-spiralen.de\\\/#\\\/schema\\\/logo\\\/image\\\/\"}}]}<\/script>\n<!-- \/ Yoast SEO plugin. -->","yoast_head_json":{"title":"Imprint - Steiner","robots":{"index":"index","follow":"follow","max-snippet":"max-snippet:-1","max-image-preview":"max-image-preview:large","max-video-preview":"max-video-preview:-1"},"canonical":"https:\/\/steiner-spiralen.de\/en\/imprint\/","og_locale":"en_US","og_type":"article","og_title":"Imprint - Steiner","og_description":"[vc_section][vc_row][vc_column][vc_column_text]Steiner GmbH &amp; Co. KG Rudolf-Diesel-Stra\u00dfe 23 84375 Kirchdorf am Inn Tel.: +49 (0) 8571 \/ 983 490 Fax: +49 (0) 8571 \/ 983 4919 E-Mail: info@steiner-spiralen.de Limited partnership: Registered office: Sitz Kirchdorf am Inn Court of registry: Landshut HRA 8012 Steiner Verwaltungs GmbH, Sitz Kirchdorf am Inn Court of registry: Landshut HRB 4747 General &hellip; Continue reading \"Imprint\"","og_url":"https:\/\/steiner-spiralen.de\/en\/imprint\/","og_site_name":"Steiner","article_modified_time":"2024-03-27T12:24:08+00:00","twitter_card":"summary_large_image","twitter_misc":{"Est. reading time":"1 minute"},"schema":{"@context":"https:\/\/schema.org","@graph":[{"@type":"WebPage","@id":"https:\/\/steiner-spiralen.de\/en\/imprint\/","url":"https:\/\/steiner-spiralen.de\/en\/imprint\/","name":"Imprint - Steiner","isPartOf":{"@id":"https:\/\/steiner-spiralen.de\/#website"},"datePublished":"2023-04-12T07:54:25+00:00","dateModified":"2024-03-27T12:24:08+00:00","breadcrumb":{"@id":"https:\/\/steiner-spiralen.de\/en\/imprint\/#breadcrumb"},"inLanguage":"en-US","potentialAction":[{"@type":"ReadAction","target":["https:\/\/steiner-spiralen.de\/en\/imprint\/"]}]},{"@type":"BreadcrumbList","@id":"https:\/\/steiner-spiralen.de\/en\/imprint\/#breadcrumb","itemListElement":[{"@type":"ListItem","position":1,"name":"Startseite","item":"https:\/\/steiner-spiralen.de\/en\/homepage\/"},{"@type":"ListItem","position":2,"name":"Imprint"}]},{"@type":"WebSite","@id":"https:\/\/steiner-spiralen.de\/#website","url":"https:\/\/steiner-spiralen.de\/","name":"Steiner Spiralen - Ihr Hersteller f\u00fcr F\u00f6rdertechnik und F\u00f6rderschnecken","description":"","publisher":{"@id":"https:\/\/steiner-spiralen.de\/#organization"},"potentialAction":[{"@type":"SearchAction","target":{"@type":"EntryPoint","urlTemplate":"https:\/\/steiner-spiralen.de\/?s={search_term_string}"},"query-input":{"@type":"PropertyValueSpecification","valueRequired":true,"valueName":"search_term_string"}}],"inLanguage":"en-US"},{"@type":"Organization","@id":"https:\/\/steiner-spiralen.de\/#organization","name":"Steiner GmbH & Co. KG","url":"https:\/\/steiner-spiralen.de\/","logo":{"@type":"ImageObject","inLanguage":"en-US","@id":"https:\/\/steiner-spiralen.de\/#\/schema\/logo\/image\/","url":"https:\/\/steiner-spiralen.de\/wp-content\/uploads\/steiner-logo.svg","contentUrl":"https:\/\/steiner-spiralen.de\/wp-content\/uploads\/steiner-logo.svg","width":"1024","height":"1024","caption":"Steiner GmbH & Co. KG"},"image":{"@id":"https:\/\/steiner-spiralen.de\/#\/schema\/logo\/image\/"}}]}},"_links":{"self":[{"href":"https:\/\/steiner-spiralen.de\/en\/wp-json\/wp\/v2\/pages\/2745","targetHints":{"allow":["GET"]}}],"collection":[{"href":"https:\/\/steiner-spiralen.de\/en\/wp-json\/wp\/v2\/pages"}],"about":[{"href":"https:\/\/steiner-spiralen.de\/en\/wp-json\/wp\/v2\/types\/page"}],"author":[{"embeddable":true,"href":"https:\/\/steiner-spiralen.de\/en\/wp-json\/wp\/v2\/users\/1"}],"replies":[{"embeddable":true,"href":"https:\/\/steiner-spiralen.de\/en\/wp-json\/wp\/v2\/comments?post=2745"}],"version-history":[{"count":6,"href":"https:\/\/steiner-spiralen.de\/en\/wp-json\/wp\/v2\/pages\/2745\/revisions"}],"predecessor-version":[{"id":3607,"href":"https:\/\/steiner-spiralen.de\/en\/wp-json\/wp\/v2\/pages\/2745\/revisions\/3607"}],"wp:attachment":[{"href":"https:\/\/steiner-spiralen.de\/en\/wp-json\/wp\/v2\/media?parent=2745"}],"curies":[{"name":"wp","href":"https:\/\/api.w.org\/{rel}","templated":true}]}}