{"id":2744,"date":"2023-04-12T08:23:39","date_gmt":"2023-04-12T06:23:39","guid":{"rendered":"https:\/\/steiner-spiralen.de\/spirals\/"},"modified":"2023-09-26T15:55:11","modified_gmt":"2023-09-26T13:55:11","slug":"spirals","status":"publish","type":"page","link":"https:\/\/steiner-spiralen.de\/en\/spirals\/","title":{"rendered":"Spirals"},"content":{"rendered":"<div class=\"wpb-content-wrapper\"><p>[vc_section][vc_row][vc_column]\n    <div class=\"heading \"\n         style=\"text-align: left;\">\n                    <h2>Our products<\/h2>\n            <\/div>\n\n\n    [vc_column_text]We offer a diverse selection of high quality spiral conveyors and screw conveyors to optimize your material handling. Our products include both rigid and flexible screw conveyors as well as screw conveyors and plastic screw segments.<\/p>\n<p>Our conveying spirals and screw conveyors are manufactured with great care and using high quality materials. They are characterized by a robust design, high efficiency and ease of maintenance. At Steiner Spirals, we focus on precision and reliability to ensure that your material handling needs are optimally met.[\/vc_column_text]\n    <div class=\"bld-position\"\n         style=\" text-align: left;\">\n        <a            href=\"\/en\/contact\" class=\"bld-btn\" style=\"\">\n            Contact us        <\/a>\n    <\/div>\n\n    [\/vc_column][\/vc_row][\/vc_section][vc_section][vc_row][vc_column]    <div class=\"bld-kachel-wrapper auto-columns\">\n        \n    <div class=\"kachel-wrapper\">\n                <a href=\"\/\" target=\"\">\n                        <div class=\"inner\">\n                <div class=\"title\">Rigid conveying spirals<\/div>\n                <div class=\"image\"><img decoding=\"async\" width=\"286\" height=\"336\" src=\"https:\/\/steiner-spiralen.de\/wp-content\/uploads\/foerderspiralen.jpg\" class=\"attachment-full size-full\" alt=\"\" srcset=\"https:\/\/steiner-spiralen.de\/wp-content\/uploads\/foerderspiralen.jpg 286w, https:\/\/steiner-spiralen.de\/wp-content\/uploads\/foerderspiralen-255x300.jpg 255w\" sizes=\"(max-width: 286px) 100vw, 286px\" \/><\/div>\n            <\/div>\n                    <\/a>\n        <\/div>\n\n\n    \n    <div class=\"kachel-wrapper\">\n                <a href=\"\/\" target=\"\">\n                        <div class=\"inner\">\n                <div class=\"title\">Flexible conveying spirals<\/div>\n                <div class=\"image\"><img decoding=\"async\" width=\"286\" height=\"337\" src=\"https:\/\/steiner-spiralen.de\/wp-content\/uploads\/flex-foerderspiralen.jpg\" class=\"attachment-full size-full\" alt=\"\" srcset=\"https:\/\/steiner-spiralen.de\/wp-content\/uploads\/flex-foerderspiralen.jpg 286w, https:\/\/steiner-spiralen.de\/wp-content\/uploads\/flex-foerderspiralen-255x300.jpg 255w\" sizes=\"(max-width: 286px) 100vw, 286px\" \/><\/div>\n            <\/div>\n                    <\/a>\n        <\/div>\n\n\n    \n    <div class=\"kachel-wrapper\">\n                <a href=\"\/\" target=\"\">\n                        <div class=\"inner\">\n                <div class=\"title\">Screw conveyors<\/div>\n                <div class=\"image\"><img decoding=\"async\" width=\"286\" height=\"337\" src=\"https:\/\/steiner-spiralen.de\/wp-content\/uploads\/foerderschneke.jpg\" class=\"attachment-full size-full\" alt=\"\" srcset=\"https:\/\/steiner-spiralen.de\/wp-content\/uploads\/foerderschneke.jpg 286w, https:\/\/steiner-spiralen.de\/wp-content\/uploads\/foerderschneke-255x300.jpg 255w\" sizes=\"(max-width: 286px) 100vw, 286px\" \/><\/div>\n            <\/div>\n                    <\/a>\n        <\/div>\n\n\n    \n    <div class=\"kachel-wrapper\">\n                <a href=\"\/\" target=\"\">\n                        <div class=\"inner\">\n                <div class=\"title\">Plastic screw segments<\/div>\n                <div class=\"image\"><img decoding=\"async\" width=\"1201\" height=\"800\" src=\"https:\/\/steiner-spiralen.de\/wp-content\/uploads\/kunststoff-schnecken-segmente.jpg\" class=\"attachment-full size-full\" alt=\"\" srcset=\"https:\/\/steiner-spiralen.de\/wp-content\/uploads\/kunststoff-schnecken-segmente.jpg 1201w, https:\/\/steiner-spiralen.de\/wp-content\/uploads\/kunststoff-schnecken-segmente-300x200.jpg 300w, https:\/\/steiner-spiralen.de\/wp-content\/uploads\/kunststoff-schnecken-segmente-1024x682.jpg 1024w, https:\/\/steiner-spiralen.de\/wp-content\/uploads\/kunststoff-schnecken-segmente-768x512.jpg 768w\" sizes=\"(max-width: 1201px) 100vw, 1201px\" \/><\/div>\n            <\/div>\n                    <\/a>\n        <\/div>\n\n\n        <\/div>\n\n    [\/vc_column][\/vc_row][\/vc_section]<\/p>\n<\/div>","protected":false},"excerpt":{"rendered":"<p>[vc_section][vc_row][vc_column][vc_column_text]We offer a diverse selection of high quality spiral conveyors and screw conveyors to optimize your material handling. Our products include both rigid and flexible screw conveyors as well as screw conveyors and plastic screw segments. Our conveying spirals and screw conveyors are manufactured with great care and using high quality materials. They are characterized &hellip; <\/p>\n<p class=\"link-more\"><a href=\"https:\/\/steiner-spiralen.de\/en\/spirals\/\" class=\"more-link\">Continue reading<span class=\"screen-reader-text\"> &#8220;Spirals&#8221;<\/span><\/a><\/p>\n","protected":false},"author":1,"featured_media":2316,"parent":0,"menu_order":3,"comment_status":"closed","ping_status":"closed","template":"","meta":{"_acf_changed":false,"inline_featured_image":false,"footnotes":""},"class_list":["post-2744","page","type-page","status-publish","has-post-thumbnail","hentry"],"acf":[],"yoast_head":"<!-- This site is optimized with the Yoast SEO plugin v27.5 - https:\/\/yoast.com\/product\/yoast-seo-wordpress\/ -->\n<title>Spirals - Steiner<\/title>\n<meta name=\"robots\" content=\"index, follow, max-snippet:-1, max-image-preview:large, max-video-preview:-1\" \/>\n<link rel=\"canonical\" href=\"https:\/\/steiner-spiralen.de\/en\/spirals\/\" \/>\n<meta property=\"og:locale\" content=\"en_US\" \/>\n<meta property=\"og:type\" content=\"article\" \/>\n<meta property=\"og:title\" content=\"Spirals - Steiner\" \/>\n<meta property=\"og:description\" content=\"[vc_section][vc_row][vc_column][vc_column_text]We offer a diverse selection of high quality spiral conveyors and screw conveyors to optimize your material handling. Our products include both rigid and flexible screw conveyors as well as screw conveyors and plastic screw segments. Our conveying spirals and screw conveyors are manufactured with great care and using high quality materials. They are characterized &hellip; Continue reading &quot;Spirals&quot;\" \/>\n<meta property=\"og:url\" content=\"https:\/\/steiner-spiralen.de\/en\/spirals\/\" \/>\n<meta property=\"og:site_name\" content=\"Steiner\" \/>\n<meta property=\"article:modified_time\" content=\"2023-09-26T13:55:11+00:00\" \/>\n<meta property=\"og:image\" content=\"https:\/\/steiner-spiralen.de\/wp-content\/uploads\/Header_Spiralen_web.jpg\" \/>\n\t<meta property=\"og:image:width\" content=\"1895\" \/>\n\t<meta property=\"og:image:height\" content=\"395\" \/>\n\t<meta property=\"og:image:type\" content=\"image\/jpeg\" \/>\n<meta name=\"twitter:card\" content=\"summary_large_image\" \/>\n<meta name=\"twitter:label1\" content=\"Est. reading time\" \/>\n\t<meta name=\"twitter:data1\" content=\"1 minute\" \/>\n<script type=\"application\/ld+json\" class=\"yoast-schema-graph\">{\"@context\":\"https:\\\/\\\/schema.org\",\"@graph\":[{\"@type\":\"WebPage\",\"@id\":\"https:\\\/\\\/steiner-spiralen.de\\\/en\\\/spirals\\\/\",\"url\":\"https:\\\/\\\/steiner-spiralen.de\\\/en\\\/spirals\\\/\",\"name\":\"Spirals - Steiner\",\"isPartOf\":{\"@id\":\"https:\\\/\\\/steiner-spiralen.de\\\/#website\"},\"primaryImageOfPage\":{\"@id\":\"https:\\\/\\\/steiner-spiralen.de\\\/en\\\/spirals\\\/#primaryimage\"},\"image\":{\"@id\":\"https:\\\/\\\/steiner-spiralen.de\\\/en\\\/spirals\\\/#primaryimage\"},\"thumbnailUrl\":\"https:\\\/\\\/steiner-spiralen.de\\\/wp-content\\\/uploads\\\/Header_Spiralen_web.jpg\",\"datePublished\":\"2023-04-12T06:23:39+00:00\",\"dateModified\":\"2023-09-26T13:55:11+00:00\",\"breadcrumb\":{\"@id\":\"https:\\\/\\\/steiner-spiralen.de\\\/en\\\/spirals\\\/#breadcrumb\"},\"inLanguage\":\"en-US\",\"potentialAction\":[{\"@type\":\"ReadAction\",\"target\":[\"https:\\\/\\\/steiner-spiralen.de\\\/en\\\/spirals\\\/\"]}]},{\"@type\":\"ImageObject\",\"inLanguage\":\"en-US\",\"@id\":\"https:\\\/\\\/steiner-spiralen.de\\\/en\\\/spirals\\\/#primaryimage\",\"url\":\"https:\\\/\\\/steiner-spiralen.de\\\/wp-content\\\/uploads\\\/Header_Spiralen_web.jpg\",\"contentUrl\":\"https:\\\/\\\/steiner-spiralen.de\\\/wp-content\\\/uploads\\\/Header_Spiralen_web.jpg\",\"width\":1895,\"height\":395},{\"@type\":\"BreadcrumbList\",\"@id\":\"https:\\\/\\\/steiner-spiralen.de\\\/en\\\/spirals\\\/#breadcrumb\",\"itemListElement\":[{\"@type\":\"ListItem\",\"position\":1,\"name\":\"Startseite\",\"item\":\"https:\\\/\\\/steiner-spiralen.de\\\/en\\\/homepage\\\/\"},{\"@type\":\"ListItem\",\"position\":2,\"name\":\"Spirals\"}]},{\"@type\":\"WebSite\",\"@id\":\"https:\\\/\\\/steiner-spiralen.de\\\/#website\",\"url\":\"https:\\\/\\\/steiner-spiralen.de\\\/\",\"name\":\"Steiner Spiralen - Ihr Hersteller f\u00fcr F\u00f6rdertechnik und F\u00f6rderschnecken\",\"description\":\"\",\"publisher\":{\"@id\":\"https:\\\/\\\/steiner-spiralen.de\\\/#organization\"},\"potentialAction\":[{\"@type\":\"SearchAction\",\"target\":{\"@type\":\"EntryPoint\",\"urlTemplate\":\"https:\\\/\\\/steiner-spiralen.de\\\/?s={search_term_string}\"},\"query-input\":{\"@type\":\"PropertyValueSpecification\",\"valueRequired\":true,\"valueName\":\"search_term_string\"}}],\"inLanguage\":\"en-US\"},{\"@type\":\"Organization\",\"@id\":\"https:\\\/\\\/steiner-spiralen.de\\\/#organization\",\"name\":\"Steiner GmbH & Co. KG\",\"url\":\"https:\\\/\\\/steiner-spiralen.de\\\/\",\"logo\":{\"@type\":\"ImageObject\",\"inLanguage\":\"en-US\",\"@id\":\"https:\\\/\\\/steiner-spiralen.de\\\/#\\\/schema\\\/logo\\\/image\\\/\",\"url\":\"https:\\\/\\\/steiner-spiralen.de\\\/wp-content\\\/uploads\\\/steiner-logo.svg\",\"contentUrl\":\"https:\\\/\\\/steiner-spiralen.de\\\/wp-content\\\/uploads\\\/steiner-logo.svg\",\"width\":\"1024\",\"height\":\"1024\",\"caption\":\"Steiner GmbH & Co. KG\"},\"image\":{\"@id\":\"https:\\\/\\\/steiner-spiralen.de\\\/#\\\/schema\\\/logo\\\/image\\\/\"}}]}<\/script>\n<!-- \/ Yoast SEO plugin. -->","yoast_head_json":{"title":"Spirals - Steiner","robots":{"index":"index","follow":"follow","max-snippet":"max-snippet:-1","max-image-preview":"max-image-preview:large","max-video-preview":"max-video-preview:-1"},"canonical":"https:\/\/steiner-spiralen.de\/en\/spirals\/","og_locale":"en_US","og_type":"article","og_title":"Spirals - Steiner","og_description":"[vc_section][vc_row][vc_column][vc_column_text]We offer a diverse selection of high quality spiral conveyors and screw conveyors to optimize your material handling. Our products include both rigid and flexible screw conveyors as well as screw conveyors and plastic screw segments. Our conveying spirals and screw conveyors are manufactured with great care and using high quality materials. They are characterized &hellip; Continue reading \"Spirals\"","og_url":"https:\/\/steiner-spiralen.de\/en\/spirals\/","og_site_name":"Steiner","article_modified_time":"2023-09-26T13:55:11+00:00","og_image":[{"width":1895,"height":395,"url":"https:\/\/steiner-spiralen.de\/wp-content\/uploads\/Header_Spiralen_web.jpg","type":"image\/jpeg"}],"twitter_card":"summary_large_image","twitter_misc":{"Est. reading time":"1 minute"},"schema":{"@context":"https:\/\/schema.org","@graph":[{"@type":"WebPage","@id":"https:\/\/steiner-spiralen.de\/en\/spirals\/","url":"https:\/\/steiner-spiralen.de\/en\/spirals\/","name":"Spirals - Steiner","isPartOf":{"@id":"https:\/\/steiner-spiralen.de\/#website"},"primaryImageOfPage":{"@id":"https:\/\/steiner-spiralen.de\/en\/spirals\/#primaryimage"},"image":{"@id":"https:\/\/steiner-spiralen.de\/en\/spirals\/#primaryimage"},"thumbnailUrl":"https:\/\/steiner-spiralen.de\/wp-content\/uploads\/Header_Spiralen_web.jpg","datePublished":"2023-04-12T06:23:39+00:00","dateModified":"2023-09-26T13:55:11+00:00","breadcrumb":{"@id":"https:\/\/steiner-spiralen.de\/en\/spirals\/#breadcrumb"},"inLanguage":"en-US","potentialAction":[{"@type":"ReadAction","target":["https:\/\/steiner-spiralen.de\/en\/spirals\/"]}]},{"@type":"ImageObject","inLanguage":"en-US","@id":"https:\/\/steiner-spiralen.de\/en\/spirals\/#primaryimage","url":"https:\/\/steiner-spiralen.de\/wp-content\/uploads\/Header_Spiralen_web.jpg","contentUrl":"https:\/\/steiner-spiralen.de\/wp-content\/uploads\/Header_Spiralen_web.jpg","width":1895,"height":395},{"@type":"BreadcrumbList","@id":"https:\/\/steiner-spiralen.de\/en\/spirals\/#breadcrumb","itemListElement":[{"@type":"ListItem","position":1,"name":"Startseite","item":"https:\/\/steiner-spiralen.de\/en\/homepage\/"},{"@type":"ListItem","position":2,"name":"Spirals"}]},{"@type":"WebSite","@id":"https:\/\/steiner-spiralen.de\/#website","url":"https:\/\/steiner-spiralen.de\/","name":"Steiner Spiralen - Ihr Hersteller f\u00fcr F\u00f6rdertechnik und F\u00f6rderschnecken","description":"","publisher":{"@id":"https:\/\/steiner-spiralen.de\/#organization"},"potentialAction":[{"@type":"SearchAction","target":{"@type":"EntryPoint","urlTemplate":"https:\/\/steiner-spiralen.de\/?s={search_term_string}"},"query-input":{"@type":"PropertyValueSpecification","valueRequired":true,"valueName":"search_term_string"}}],"inLanguage":"en-US"},{"@type":"Organization","@id":"https:\/\/steiner-spiralen.de\/#organization","name":"Steiner GmbH & Co. KG","url":"https:\/\/steiner-spiralen.de\/","logo":{"@type":"ImageObject","inLanguage":"en-US","@id":"https:\/\/steiner-spiralen.de\/#\/schema\/logo\/image\/","url":"https:\/\/steiner-spiralen.de\/wp-content\/uploads\/steiner-logo.svg","contentUrl":"https:\/\/steiner-spiralen.de\/wp-content\/uploads\/steiner-logo.svg","width":"1024","height":"1024","caption":"Steiner GmbH & Co. KG"},"image":{"@id":"https:\/\/steiner-spiralen.de\/#\/schema\/logo\/image\/"}}]}},"_links":{"self":[{"href":"https:\/\/steiner-spiralen.de\/en\/wp-json\/wp\/v2\/pages\/2744","targetHints":{"allow":["GET"]}}],"collection":[{"href":"https:\/\/steiner-spiralen.de\/en\/wp-json\/wp\/v2\/pages"}],"about":[{"href":"https:\/\/steiner-spiralen.de\/en\/wp-json\/wp\/v2\/types\/page"}],"author":[{"embeddable":true,"href":"https:\/\/steiner-spiralen.de\/en\/wp-json\/wp\/v2\/users\/1"}],"replies":[{"embeddable":true,"href":"https:\/\/steiner-spiralen.de\/en\/wp-json\/wp\/v2\/comments?post=2744"}],"version-history":[{"count":7,"href":"https:\/\/steiner-spiralen.de\/en\/wp-json\/wp\/v2\/pages\/2744\/revisions"}],"predecessor-version":[{"id":3264,"href":"https:\/\/steiner-spiralen.de\/en\/wp-json\/wp\/v2\/pages\/2744\/revisions\/3264"}],"wp:featuredmedia":[{"embeddable":true,"href":"https:\/\/steiner-spiralen.de\/en\/wp-json\/wp\/v2\/media\/2316"}],"wp:attachment":[{"href":"https:\/\/steiner-spiralen.de\/en\/wp-json\/wp\/v2\/media?parent=2744"}],"curies":[{"name":"wp","href":"https:\/\/api.w.org\/{rel}","templated":true}]}}