{"id":2741,"date":"2023-04-25T10:55:32","date_gmt":"2023-04-25T08:55:32","guid":{"rendered":"https:\/\/steiner-spiralen.de\/screw-conveyors\/"},"modified":"2023-10-17T13:11:47","modified_gmt":"2023-10-17T11:11:47","slug":"screw-conveyors","status":"publish","type":"page","link":"https:\/\/steiner-spiralen.de\/en\/spirals\/screw-conveyors\/","title":{"rendered":"Screw conveyors"},"content":{"rendered":"<div class=\"wpb-content-wrapper\"><p>[vc_section][vc_row][vc_column]\n    <div class=\"bld-position\"\n         style=\" text-align: left;\">\n        <a target=\"_blank\"            href=\"\/en\/questionnaire-special-design-screw-conveyor\/\" class=\"bld-btn\" style=\"\">\n            Request screw conveyor        <\/a>\n    <\/div>\n\n    [vc_empty_space height=&#8221;50px&#8221;][\/vc_column][\/vc_row][vc_row content_placement=&#8221;middle&#8221;][vc_column width=&#8221;1\/2&#8243;][vc_single_image image=&#8221;658&#8243; img_size=&#8221;full&#8221;][\/vc_column][vc_column width=&#8221;1\/2&#8243;][vc_column_text]We offer not only complete conveyor systems, but also the possibility to manufacture individual screw conveyors. With years of experience, precise manufacturing and high quality standards, we are your reliable partners for customized solutions in the field of screw conveyors.<\/p>\n<p>Our team understands the importance of screw conveyors in your operations. Therefore, we focus on care and precision in the production of each screw. Our manufacturing technology enables us to implement your specific requirements and produce screw conveyors precisely according to your sketches or drawings.<\/p>\n<p>In our workshop in Kirchdorf we manufacture screw conveyors by hand. With modern manufacturing techniques and high quality awareness, we ensure first-class production quality. Each screw conveyor is made to measure to best meet your individual requirements.[\/vc_column_text][\/vc_column][\/vc_row][vc_row][vc_column][vc_column_text]We attach great importance to quality and reliability. Our screw conveyors are designed to be robust and durable to handle even the most demanding conveying tasks. We understand that every detail counts and that reliable conveyance is critical to the smooth running of your processes.<\/p>\n<p>Feel free to contact us to discuss your requirements or send us your sketches and drawings. We are looking forward to offering you high quality screw conveyors with our experience and modern manufacturing technology. Steiner spirals &#8211; Your specialists for custom-made screw conveyors in Kirchdorf.[\/vc_column_text][\/vc_column][\/vc_row][\/vc_section][vc_row][vc_column]\n    <div class=\"heading \"\n         style=\"text-align: ;\">\n                    <div class=\"pre-headline\">A selection of our projects<\/div>\n                <\/div>\n\n\n    [vc_empty_space height=&#8221;15px&#8221;]\n    <div class=\"referenz-listing\">\n                        <div class=\"ref-item\">\n                    <a href=\"https:\/\/steiner-spiralen.de\/en\/referenzen\/special-design-screw-conveyor\/\">\n                        <div class=\"inner\">\n                            <div class=\"image\">\n                                <img decoding=\"async\" src=\"https:\/\/steiner-spiralen.de\/wp-content\/uploads\/Sonderanfertigung-Foerderschnecke-3.jpg\">\n                            <\/div>\n                            <div class=\"text-wrapper\">\n                                <h3>Special design screw conveyor<\/h3>\n                                <div class=\"text\"><\/div>\n                            <\/div>\n                            <div class=\"btn\">go to reference<\/div>\n                        <\/div>\n                    <\/a>\n                <\/div>\n                    <\/div>\n\n\n    [\/vc_column][\/vc_row]<\/p>\n<\/div>","protected":false},"excerpt":{"rendered":"<p>[vc_section][vc_row][vc_column][vc_empty_space height=&#8221;50px&#8221;][\/vc_column][\/vc_row][vc_row content_placement=&#8221;middle&#8221;][vc_column width=&#8221;1\/2&#8243;][vc_single_image image=&#8221;658&#8243; img_size=&#8221;full&#8221;][\/vc_column][vc_column width=&#8221;1\/2&#8243;][vc_column_text]We offer not only complete conveyor systems, but also the possibility to manufacture individual screw conveyors. With years of experience, precise manufacturing and high quality standards, we are your reliable partners for customized solutions in the field of screw conveyors. Our team understands the importance of screw conveyors in &hellip; <\/p>\n<p class=\"link-more\"><a href=\"https:\/\/steiner-spiralen.de\/en\/spirals\/screw-conveyors\/\" class=\"more-link\">Continue reading<span class=\"screen-reader-text\"> &#8220;Screw conveyors&#8221;<\/span><\/a><\/p>\n","protected":false},"author":1,"featured_media":2316,"parent":2744,"menu_order":0,"comment_status":"closed","ping_status":"closed","template":"","meta":{"_acf_changed":false,"inline_featured_image":false,"footnotes":""},"class_list":["post-2741","page","type-page","status-publish","has-post-thumbnail","hentry"],"acf":[],"yoast_head":"<!-- This site is optimized with the Yoast SEO plugin v27.3 - https:\/\/yoast.com\/product\/yoast-seo-wordpress\/ -->\n<title>Screw conveyors - Steiner<\/title>\n<meta name=\"robots\" content=\"index, follow, max-snippet:-1, max-image-preview:large, max-video-preview:-1\" \/>\n<link rel=\"canonical\" href=\"https:\/\/steiner-spiralen.de\/en\/spirals\/screw-conveyors\/\" \/>\n<meta property=\"og:locale\" content=\"en_US\" \/>\n<meta property=\"og:type\" content=\"article\" \/>\n<meta property=\"og:title\" content=\"Screw conveyors - Steiner\" \/>\n<meta property=\"og:description\" content=\"[vc_section][vc_row][vc_column][vc_empty_space height=&#8221;50px&#8221;][\/vc_column][\/vc_row][vc_row content_placement=&#8221;middle&#8221;][vc_column width=&#8221;1\/2&#8243;][vc_single_image image=&#8221;658&#8243; img_size=&#8221;full&#8221;][\/vc_column][vc_column width=&#8221;1\/2&#8243;][vc_column_text]We offer not only complete conveyor systems, but also the possibility to manufacture individual screw conveyors. With years of experience, precise manufacturing and high quality standards, we are your reliable partners for customized solutions in the field of screw conveyors. Our team understands the importance of screw conveyors in &hellip; Continue reading &quot;Screw conveyors&quot;\" \/>\n<meta property=\"og:url\" content=\"https:\/\/steiner-spiralen.de\/en\/spirals\/screw-conveyors\/\" \/>\n<meta property=\"og:site_name\" content=\"Steiner\" \/>\n<meta property=\"article:modified_time\" content=\"2023-10-17T11:11:47+00:00\" \/>\n<meta property=\"og:image\" content=\"https:\/\/steiner-spiralen.de\/wp-content\/uploads\/Header_Spiralen_web.jpg\" \/>\n\t<meta property=\"og:image:width\" content=\"1895\" \/>\n\t<meta property=\"og:image:height\" content=\"395\" \/>\n\t<meta property=\"og:image:type\" content=\"image\/jpeg\" \/>\n<meta name=\"twitter:card\" content=\"summary_large_image\" \/>\n<meta name=\"twitter:label1\" content=\"Est. reading time\" \/>\n\t<meta name=\"twitter:data1\" content=\"2 minutes\" \/>\n<script type=\"application\/ld+json\" class=\"yoast-schema-graph\">{\"@context\":\"https:\\\/\\\/schema.org\",\"@graph\":[{\"@type\":\"WebPage\",\"@id\":\"https:\\\/\\\/steiner-spiralen.de\\\/en\\\/spirals\\\/screw-conveyors\\\/\",\"url\":\"https:\\\/\\\/steiner-spiralen.de\\\/en\\\/spirals\\\/screw-conveyors\\\/\",\"name\":\"Screw conveyors - Steiner\",\"isPartOf\":{\"@id\":\"https:\\\/\\\/steiner-spiralen.de\\\/#website\"},\"primaryImageOfPage\":{\"@id\":\"https:\\\/\\\/steiner-spiralen.de\\\/en\\\/spirals\\\/screw-conveyors\\\/#primaryimage\"},\"image\":{\"@id\":\"https:\\\/\\\/steiner-spiralen.de\\\/en\\\/spirals\\\/screw-conveyors\\\/#primaryimage\"},\"thumbnailUrl\":\"https:\\\/\\\/steiner-spiralen.de\\\/wp-content\\\/uploads\\\/Header_Spiralen_web.jpg\",\"datePublished\":\"2023-04-25T08:55:32+00:00\",\"dateModified\":\"2023-10-17T11:11:47+00:00\",\"breadcrumb\":{\"@id\":\"https:\\\/\\\/steiner-spiralen.de\\\/en\\\/spirals\\\/screw-conveyors\\\/#breadcrumb\"},\"inLanguage\":\"en-US\",\"potentialAction\":[{\"@type\":\"ReadAction\",\"target\":[\"https:\\\/\\\/steiner-spiralen.de\\\/en\\\/spirals\\\/screw-conveyors\\\/\"]}]},{\"@type\":\"ImageObject\",\"inLanguage\":\"en-US\",\"@id\":\"https:\\\/\\\/steiner-spiralen.de\\\/en\\\/spirals\\\/screw-conveyors\\\/#primaryimage\",\"url\":\"https:\\\/\\\/steiner-spiralen.de\\\/wp-content\\\/uploads\\\/Header_Spiralen_web.jpg\",\"contentUrl\":\"https:\\\/\\\/steiner-spiralen.de\\\/wp-content\\\/uploads\\\/Header_Spiralen_web.jpg\",\"width\":1895,\"height\":395},{\"@type\":\"BreadcrumbList\",\"@id\":\"https:\\\/\\\/steiner-spiralen.de\\\/en\\\/spirals\\\/screw-conveyors\\\/#breadcrumb\",\"itemListElement\":[{\"@type\":\"ListItem\",\"position\":1,\"name\":\"Startseite\",\"item\":\"https:\\\/\\\/steiner-spiralen.de\\\/en\\\/homepage\\\/\"},{\"@type\":\"ListItem\",\"position\":2,\"name\":\"Spirals\",\"item\":\"https:\\\/\\\/steiner-spiralen.de\\\/en\\\/spirals\\\/\"},{\"@type\":\"ListItem\",\"position\":3,\"name\":\"Screw conveyors\"}]},{\"@type\":\"WebSite\",\"@id\":\"https:\\\/\\\/steiner-spiralen.de\\\/#website\",\"url\":\"https:\\\/\\\/steiner-spiralen.de\\\/\",\"name\":\"Steiner Spiralen - Ihr Hersteller f\u00fcr F\u00f6rdertechnik und F\u00f6rderschnecken\",\"description\":\"\",\"publisher\":{\"@id\":\"https:\\\/\\\/steiner-spiralen.de\\\/#organization\"},\"potentialAction\":[{\"@type\":\"SearchAction\",\"target\":{\"@type\":\"EntryPoint\",\"urlTemplate\":\"https:\\\/\\\/steiner-spiralen.de\\\/?s={search_term_string}\"},\"query-input\":{\"@type\":\"PropertyValueSpecification\",\"valueRequired\":true,\"valueName\":\"search_term_string\"}}],\"inLanguage\":\"en-US\"},{\"@type\":\"Organization\",\"@id\":\"https:\\\/\\\/steiner-spiralen.de\\\/#organization\",\"name\":\"Steiner GmbH & Co. KG\",\"url\":\"https:\\\/\\\/steiner-spiralen.de\\\/\",\"logo\":{\"@type\":\"ImageObject\",\"inLanguage\":\"en-US\",\"@id\":\"https:\\\/\\\/steiner-spiralen.de\\\/#\\\/schema\\\/logo\\\/image\\\/\",\"url\":\"https:\\\/\\\/steiner-spiralen.de\\\/wp-content\\\/uploads\\\/steiner-logo.svg\",\"contentUrl\":\"https:\\\/\\\/steiner-spiralen.de\\\/wp-content\\\/uploads\\\/steiner-logo.svg\",\"width\":\"1024\",\"height\":\"1024\",\"caption\":\"Steiner GmbH & Co. KG\"},\"image\":{\"@id\":\"https:\\\/\\\/steiner-spiralen.de\\\/#\\\/schema\\\/logo\\\/image\\\/\"}}]}<\/script>\n<!-- \/ Yoast SEO plugin. -->","yoast_head_json":{"title":"Screw conveyors - Steiner","robots":{"index":"index","follow":"follow","max-snippet":"max-snippet:-1","max-image-preview":"max-image-preview:large","max-video-preview":"max-video-preview:-1"},"canonical":"https:\/\/steiner-spiralen.de\/en\/spirals\/screw-conveyors\/","og_locale":"en_US","og_type":"article","og_title":"Screw conveyors - Steiner","og_description":"[vc_section][vc_row][vc_column][vc_empty_space height=&#8221;50px&#8221;][\/vc_column][\/vc_row][vc_row content_placement=&#8221;middle&#8221;][vc_column width=&#8221;1\/2&#8243;][vc_single_image image=&#8221;658&#8243; img_size=&#8221;full&#8221;][\/vc_column][vc_column width=&#8221;1\/2&#8243;][vc_column_text]We offer not only complete conveyor systems, but also the possibility to manufacture individual screw conveyors. With years of experience, precise manufacturing and high quality standards, we are your reliable partners for customized solutions in the field of screw conveyors. Our team understands the importance of screw conveyors in &hellip; Continue reading \"Screw conveyors\"","og_url":"https:\/\/steiner-spiralen.de\/en\/spirals\/screw-conveyors\/","og_site_name":"Steiner","article_modified_time":"2023-10-17T11:11:47+00:00","og_image":[{"width":1895,"height":395,"url":"https:\/\/steiner-spiralen.de\/wp-content\/uploads\/Header_Spiralen_web.jpg","type":"image\/jpeg"}],"twitter_card":"summary_large_image","twitter_misc":{"Est. reading time":"2 minutes"},"schema":{"@context":"https:\/\/schema.org","@graph":[{"@type":"WebPage","@id":"https:\/\/steiner-spiralen.de\/en\/spirals\/screw-conveyors\/","url":"https:\/\/steiner-spiralen.de\/en\/spirals\/screw-conveyors\/","name":"Screw conveyors - Steiner","isPartOf":{"@id":"https:\/\/steiner-spiralen.de\/#website"},"primaryImageOfPage":{"@id":"https:\/\/steiner-spiralen.de\/en\/spirals\/screw-conveyors\/#primaryimage"},"image":{"@id":"https:\/\/steiner-spiralen.de\/en\/spirals\/screw-conveyors\/#primaryimage"},"thumbnailUrl":"https:\/\/steiner-spiralen.de\/wp-content\/uploads\/Header_Spiralen_web.jpg","datePublished":"2023-04-25T08:55:32+00:00","dateModified":"2023-10-17T11:11:47+00:00","breadcrumb":{"@id":"https:\/\/steiner-spiralen.de\/en\/spirals\/screw-conveyors\/#breadcrumb"},"inLanguage":"en-US","potentialAction":[{"@type":"ReadAction","target":["https:\/\/steiner-spiralen.de\/en\/spirals\/screw-conveyors\/"]}]},{"@type":"ImageObject","inLanguage":"en-US","@id":"https:\/\/steiner-spiralen.de\/en\/spirals\/screw-conveyors\/#primaryimage","url":"https:\/\/steiner-spiralen.de\/wp-content\/uploads\/Header_Spiralen_web.jpg","contentUrl":"https:\/\/steiner-spiralen.de\/wp-content\/uploads\/Header_Spiralen_web.jpg","width":1895,"height":395},{"@type":"BreadcrumbList","@id":"https:\/\/steiner-spiralen.de\/en\/spirals\/screw-conveyors\/#breadcrumb","itemListElement":[{"@type":"ListItem","position":1,"name":"Startseite","item":"https:\/\/steiner-spiralen.de\/en\/homepage\/"},{"@type":"ListItem","position":2,"name":"Spirals","item":"https:\/\/steiner-spiralen.de\/en\/spirals\/"},{"@type":"ListItem","position":3,"name":"Screw conveyors"}]},{"@type":"WebSite","@id":"https:\/\/steiner-spiralen.de\/#website","url":"https:\/\/steiner-spiralen.de\/","name":"Steiner Spiralen - Ihr Hersteller f\u00fcr F\u00f6rdertechnik und F\u00f6rderschnecken","description":"","publisher":{"@id":"https:\/\/steiner-spiralen.de\/#organization"},"potentialAction":[{"@type":"SearchAction","target":{"@type":"EntryPoint","urlTemplate":"https:\/\/steiner-spiralen.de\/?s={search_term_string}"},"query-input":{"@type":"PropertyValueSpecification","valueRequired":true,"valueName":"search_term_string"}}],"inLanguage":"en-US"},{"@type":"Organization","@id":"https:\/\/steiner-spiralen.de\/#organization","name":"Steiner GmbH & Co. KG","url":"https:\/\/steiner-spiralen.de\/","logo":{"@type":"ImageObject","inLanguage":"en-US","@id":"https:\/\/steiner-spiralen.de\/#\/schema\/logo\/image\/","url":"https:\/\/steiner-spiralen.de\/wp-content\/uploads\/steiner-logo.svg","contentUrl":"https:\/\/steiner-spiralen.de\/wp-content\/uploads\/steiner-logo.svg","width":"1024","height":"1024","caption":"Steiner GmbH & Co. KG"},"image":{"@id":"https:\/\/steiner-spiralen.de\/#\/schema\/logo\/image\/"}}]}},"_links":{"self":[{"href":"https:\/\/steiner-spiralen.de\/en\/wp-json\/wp\/v2\/pages\/2741","targetHints":{"allow":["GET"]}}],"collection":[{"href":"https:\/\/steiner-spiralen.de\/en\/wp-json\/wp\/v2\/pages"}],"about":[{"href":"https:\/\/steiner-spiralen.de\/en\/wp-json\/wp\/v2\/types\/page"}],"author":[{"embeddable":true,"href":"https:\/\/steiner-spiralen.de\/en\/wp-json\/wp\/v2\/users\/1"}],"replies":[{"embeddable":true,"href":"https:\/\/steiner-spiralen.de\/en\/wp-json\/wp\/v2\/comments?post=2741"}],"version-history":[{"count":8,"href":"https:\/\/steiner-spiralen.de\/en\/wp-json\/wp\/v2\/pages\/2741\/revisions"}],"predecessor-version":[{"id":3387,"href":"https:\/\/steiner-spiralen.de\/en\/wp-json\/wp\/v2\/pages\/2741\/revisions\/3387"}],"up":[{"embeddable":true,"href":"https:\/\/steiner-spiralen.de\/en\/wp-json\/wp\/v2\/pages\/2744"}],"wp:featuredmedia":[{"embeddable":true,"href":"https:\/\/steiner-spiralen.de\/en\/wp-json\/wp\/v2\/media\/2316"}],"wp:attachment":[{"href":"https:\/\/steiner-spiralen.de\/en\/wp-json\/wp\/v2\/media?parent=2741"}],"curies":[{"name":"wp","href":"https:\/\/api.w.org\/{rel}","templated":true}]}}