{"id":2737,"date":"2023-04-12T08:24:06","date_gmt":"2023-04-12T06:24:06","guid":{"rendered":"https:\/\/steiner-spiralen.de\/downloads\/"},"modified":"2023-09-26T15:18:07","modified_gmt":"2023-09-26T13:18:07","slug":"downloads","status":"publish","type":"page","link":"https:\/\/steiner-spiralen.de\/en\/downloads\/","title":{"rendered":"Downloads"},"content":{"rendered":"<div class=\"wpb-content-wrapper\"><p>[vc_section][vc_row][vc_column]\n    <div class=\"downloads-wrapper\">\n        <h2 class=\"title\">Brochures<\/h2>\n                        <div class=\"download-item\">\n                    <a href=\"https:\/\/steiner-spiralen.de\/wp-content\/uploads\/EN_Brochure-Flexible-Spiral-Conveyors.pdf\" target=\"_blank\"\n                       rel=\"nofollow\">Brochure Flexible Spiral Conveyors EN<\/a>\n                <\/div>\n                            <div class=\"download-item\">\n                    <a href=\"https:\/\/steiner-spiralen.de\/wp-content\/uploads\/EN_Brochure-Pellets.pdf\" target=\"_blank\"\n                       rel=\"nofollow\">Brochure Pellets EN<\/a>\n                <\/div>\n                            <div class=\"download-item\">\n                    <a href=\"https:\/\/steiner-spiralen.de\/wp-content\/uploads\/EN_Brochure-bulk-material-handling-systems.pdf\" target=\"_blank\"\n                       rel=\"nofollow\">Brochure bulk material handling systems EN<\/a>\n                <\/div>\n                            <div class=\"download-item\">\n                    <a href=\"https:\/\/steiner-spiralen.de\/wp-content\/uploads\/EN_Brochure-shredder-discharge.pdf\" target=\"_blank\"\n                       rel=\"nofollow\">Brochure shredder discharge EN<\/a>\n                <\/div>\n                            <div class=\"download-item\">\n                    <a href=\"https:\/\/steiner-spiralen.de\/wp-content\/uploads\/EN_Brochure-Silo-and-Bunker-Filling.pdf\" target=\"_blank\"\n                       rel=\"nofollow\">Brochure Silo and Bunker Filling EN<\/a>\n                <\/div>\n                <\/div>\n\n    [vc_empty_space height=&#8221;40px&#8221;][\/vc_column][\/vc_row][vc_row][vc_column]\n    <div class=\"downloads-wrapper\">\n        <h2 class=\"title\">Questionnaires<\/h2>\n                        <div class=\"download-item\">\n                    <a href=\"https:\/\/steiner-spiralen.de\/wp-content\/uploads\/EN_Questionnaire-single-spiral.pdf\" target=\"_blank\"\n                       rel=\"nofollow\">Questionnaire single spiral EN<\/a>\n                <\/div>\n                            <div class=\"download-item\">\n                    <a href=\"https:\/\/steiner-spiralen.de\/wp-content\/uploads\/Questionnaire-shredder-discharge-EN.pdf\" target=\"_blank\"\n                       rel=\"nofollow\">Questionnaire shredder discharge EN<\/a>\n                <\/div>\n                            <div class=\"download-item\">\n                    <a href=\"https:\/\/steiner-spiralen.de\/wp-content\/uploads\/EN_Questionnaire-Silo-and-Bunker-Discharge.pdf\" target=\"_blank\"\n                       rel=\"nofollow\">Questionnaire Silo and Bunker Discharge EN<\/a>\n                <\/div>\n                            <div class=\"download-item\">\n                    <a href=\"https:\/\/steiner-spiralen.de\/wp-content\/uploads\/EN_Questionnaire-boiler-feeding.pdf\" target=\"_blank\"\n                       rel=\"nofollow\">Questionnaire boiler feeding EN<\/a>\n                <\/div>\n                            <div class=\"download-item\">\n                    <a href=\"https:\/\/steiner-spiralen.de\/wp-content\/uploads\/EN_Technical-Questionnaire-General.pdf\" target=\"_blank\"\n                       rel=\"nofollow\">Technical Questionnaire General EN<\/a>\n                <\/div>\n                <\/div>\n\n    [vc_empty_space height=&#8221;40px&#8221;][\/vc_column][\/vc_row][vc_row][vc_column]\n    <div class=\"downloads-wrapper\">\n        <h2 class=\"title\">Data sheets<\/h2>\n                        <div class=\"download-item\">\n                    <a href=\"https:\/\/steiner-spiralen.de\/wp-content\/uploads\/EN_Data-Sheet-Drum-Magnetic-Separator.pdf\" target=\"_blank\"\n                       rel=\"nofollow\">Data Sheet Drum Magnetic Separator EN<\/a>\n                <\/div>\n                            <div class=\"download-item\">\n                    <a href=\"https:\/\/steiner-spiralen.de\/wp-content\/uploads\/EN-Data-Sheet-Pipe-Magnetic-Separator.pdf\" target=\"_blank\"\n                       rel=\"nofollow\">Data Sheet Pipe Magnetic Separator EN<\/a>\n                <\/div>\n                <\/div>\n\n    [\/vc_column][\/vc_row][\/vc_section]<\/p>\n<\/div>","protected":false},"excerpt":{"rendered":"<p>[vc_section][vc_row][vc_column][vc_empty_space height=&#8221;40px&#8221;][\/vc_column][\/vc_row][vc_row][vc_column][vc_empty_space height=&#8221;40px&#8221;][\/vc_column][\/vc_row][vc_row][vc_column][\/vc_column][\/vc_row][\/vc_section]<\/p>\n","protected":false},"author":1,"featured_media":2312,"parent":0,"menu_order":5,"comment_status":"closed","ping_status":"closed","template":"","meta":{"_acf_changed":false,"inline_featured_image":false,"footnotes":""},"class_list":["post-2737","page","type-page","status-publish","has-post-thumbnail","hentry"],"acf":[],"yoast_head":"<!-- This site is optimized with the Yoast SEO plugin v27.3 - https:\/\/yoast.com\/product\/yoast-seo-wordpress\/ -->\n<title>Downloads - Steiner<\/title>\n<meta name=\"robots\" content=\"index, follow, max-snippet:-1, max-image-preview:large, max-video-preview:-1\" \/>\n<link rel=\"canonical\" href=\"https:\/\/steiner-spiralen.de\/en\/downloads\/\" \/>\n<meta property=\"og:locale\" content=\"en_US\" \/>\n<meta property=\"og:type\" content=\"article\" \/>\n<meta property=\"og:title\" content=\"Downloads - Steiner\" \/>\n<meta property=\"og:description\" content=\"[vc_section][vc_row][vc_column][vc_empty_space height=&#8221;40px&#8221;][\/vc_column][\/vc_row][vc_row][vc_column][vc_empty_space height=&#8221;40px&#8221;][\/vc_column][\/vc_row][vc_row][vc_column][\/vc_column][\/vc_row][\/vc_section]\" \/>\n<meta property=\"og:url\" content=\"https:\/\/steiner-spiralen.de\/en\/downloads\/\" \/>\n<meta property=\"og:site_name\" content=\"Steiner\" \/>\n<meta property=\"article:modified_time\" content=\"2023-09-26T13:18:07+00:00\" \/>\n<meta property=\"og:image\" content=\"https:\/\/steiner-spiralen.de\/wp-content\/uploads\/Header_Downloads_web.jpg\" \/>\n\t<meta property=\"og:image:width\" content=\"1895\" \/>\n\t<meta property=\"og:image:height\" content=\"395\" \/>\n\t<meta property=\"og:image:type\" content=\"image\/jpeg\" \/>\n<meta name=\"twitter:card\" content=\"summary_large_image\" \/>\n<script type=\"application\/ld+json\" class=\"yoast-schema-graph\">{\"@context\":\"https:\\\/\\\/schema.org\",\"@graph\":[{\"@type\":\"WebPage\",\"@id\":\"https:\\\/\\\/steiner-spiralen.de\\\/en\\\/downloads\\\/\",\"url\":\"https:\\\/\\\/steiner-spiralen.de\\\/en\\\/downloads\\\/\",\"name\":\"Downloads - Steiner\",\"isPartOf\":{\"@id\":\"https:\\\/\\\/steiner-spiralen.de\\\/#website\"},\"primaryImageOfPage\":{\"@id\":\"https:\\\/\\\/steiner-spiralen.de\\\/en\\\/downloads\\\/#primaryimage\"},\"image\":{\"@id\":\"https:\\\/\\\/steiner-spiralen.de\\\/en\\\/downloads\\\/#primaryimage\"},\"thumbnailUrl\":\"https:\\\/\\\/steiner-spiralen.de\\\/wp-content\\\/uploads\\\/Header_Downloads_web.jpg\",\"datePublished\":\"2023-04-12T06:24:06+00:00\",\"dateModified\":\"2023-09-26T13:18:07+00:00\",\"breadcrumb\":{\"@id\":\"https:\\\/\\\/steiner-spiralen.de\\\/en\\\/downloads\\\/#breadcrumb\"},\"inLanguage\":\"en-US\",\"potentialAction\":[{\"@type\":\"ReadAction\",\"target\":[\"https:\\\/\\\/steiner-spiralen.de\\\/en\\\/downloads\\\/\"]}]},{\"@type\":\"ImageObject\",\"inLanguage\":\"en-US\",\"@id\":\"https:\\\/\\\/steiner-spiralen.de\\\/en\\\/downloads\\\/#primaryimage\",\"url\":\"https:\\\/\\\/steiner-spiralen.de\\\/wp-content\\\/uploads\\\/Header_Downloads_web.jpg\",\"contentUrl\":\"https:\\\/\\\/steiner-spiralen.de\\\/wp-content\\\/uploads\\\/Header_Downloads_web.jpg\",\"width\":1895,\"height\":395},{\"@type\":\"BreadcrumbList\",\"@id\":\"https:\\\/\\\/steiner-spiralen.de\\\/en\\\/downloads\\\/#breadcrumb\",\"itemListElement\":[{\"@type\":\"ListItem\",\"position\":1,\"name\":\"Startseite\",\"item\":\"https:\\\/\\\/steiner-spiralen.de\\\/en\\\/homepage\\\/\"},{\"@type\":\"ListItem\",\"position\":2,\"name\":\"Downloads\"}]},{\"@type\":\"WebSite\",\"@id\":\"https:\\\/\\\/steiner-spiralen.de\\\/#website\",\"url\":\"https:\\\/\\\/steiner-spiralen.de\\\/\",\"name\":\"Steiner Spiralen - Ihr Hersteller f\u00fcr F\u00f6rdertechnik und F\u00f6rderschnecken\",\"description\":\"\",\"publisher\":{\"@id\":\"https:\\\/\\\/steiner-spiralen.de\\\/#organization\"},\"potentialAction\":[{\"@type\":\"SearchAction\",\"target\":{\"@type\":\"EntryPoint\",\"urlTemplate\":\"https:\\\/\\\/steiner-spiralen.de\\\/?s={search_term_string}\"},\"query-input\":{\"@type\":\"PropertyValueSpecification\",\"valueRequired\":true,\"valueName\":\"search_term_string\"}}],\"inLanguage\":\"en-US\"},{\"@type\":\"Organization\",\"@id\":\"https:\\\/\\\/steiner-spiralen.de\\\/#organization\",\"name\":\"Steiner GmbH & Co. KG\",\"url\":\"https:\\\/\\\/steiner-spiralen.de\\\/\",\"logo\":{\"@type\":\"ImageObject\",\"inLanguage\":\"en-US\",\"@id\":\"https:\\\/\\\/steiner-spiralen.de\\\/#\\\/schema\\\/logo\\\/image\\\/\",\"url\":\"https:\\\/\\\/steiner-spiralen.de\\\/wp-content\\\/uploads\\\/steiner-logo.svg\",\"contentUrl\":\"https:\\\/\\\/steiner-spiralen.de\\\/wp-content\\\/uploads\\\/steiner-logo.svg\",\"width\":\"1024\",\"height\":\"1024\",\"caption\":\"Steiner GmbH & Co. KG\"},\"image\":{\"@id\":\"https:\\\/\\\/steiner-spiralen.de\\\/#\\\/schema\\\/logo\\\/image\\\/\"}}]}<\/script>\n<!-- \/ Yoast SEO plugin. -->","yoast_head_json":{"title":"Downloads - Steiner","robots":{"index":"index","follow":"follow","max-snippet":"max-snippet:-1","max-image-preview":"max-image-preview:large","max-video-preview":"max-video-preview:-1"},"canonical":"https:\/\/steiner-spiralen.de\/en\/downloads\/","og_locale":"en_US","og_type":"article","og_title":"Downloads - Steiner","og_description":"[vc_section][vc_row][vc_column][vc_empty_space height=&#8221;40px&#8221;][\/vc_column][\/vc_row][vc_row][vc_column][vc_empty_space height=&#8221;40px&#8221;][\/vc_column][\/vc_row][vc_row][vc_column][\/vc_column][\/vc_row][\/vc_section]","og_url":"https:\/\/steiner-spiralen.de\/en\/downloads\/","og_site_name":"Steiner","article_modified_time":"2023-09-26T13:18:07+00:00","og_image":[{"width":1895,"height":395,"url":"https:\/\/steiner-spiralen.de\/wp-content\/uploads\/Header_Downloads_web.jpg","type":"image\/jpeg"}],"twitter_card":"summary_large_image","schema":{"@context":"https:\/\/schema.org","@graph":[{"@type":"WebPage","@id":"https:\/\/steiner-spiralen.de\/en\/downloads\/","url":"https:\/\/steiner-spiralen.de\/en\/downloads\/","name":"Downloads - Steiner","isPartOf":{"@id":"https:\/\/steiner-spiralen.de\/#website"},"primaryImageOfPage":{"@id":"https:\/\/steiner-spiralen.de\/en\/downloads\/#primaryimage"},"image":{"@id":"https:\/\/steiner-spiralen.de\/en\/downloads\/#primaryimage"},"thumbnailUrl":"https:\/\/steiner-spiralen.de\/wp-content\/uploads\/Header_Downloads_web.jpg","datePublished":"2023-04-12T06:24:06+00:00","dateModified":"2023-09-26T13:18:07+00:00","breadcrumb":{"@id":"https:\/\/steiner-spiralen.de\/en\/downloads\/#breadcrumb"},"inLanguage":"en-US","potentialAction":[{"@type":"ReadAction","target":["https:\/\/steiner-spiralen.de\/en\/downloads\/"]}]},{"@type":"ImageObject","inLanguage":"en-US","@id":"https:\/\/steiner-spiralen.de\/en\/downloads\/#primaryimage","url":"https:\/\/steiner-spiralen.de\/wp-content\/uploads\/Header_Downloads_web.jpg","contentUrl":"https:\/\/steiner-spiralen.de\/wp-content\/uploads\/Header_Downloads_web.jpg","width":1895,"height":395},{"@type":"BreadcrumbList","@id":"https:\/\/steiner-spiralen.de\/en\/downloads\/#breadcrumb","itemListElement":[{"@type":"ListItem","position":1,"name":"Startseite","item":"https:\/\/steiner-spiralen.de\/en\/homepage\/"},{"@type":"ListItem","position":2,"name":"Downloads"}]},{"@type":"WebSite","@id":"https:\/\/steiner-spiralen.de\/#website","url":"https:\/\/steiner-spiralen.de\/","name":"Steiner Spiralen - Ihr Hersteller f\u00fcr F\u00f6rdertechnik und F\u00f6rderschnecken","description":"","publisher":{"@id":"https:\/\/steiner-spiralen.de\/#organization"},"potentialAction":[{"@type":"SearchAction","target":{"@type":"EntryPoint","urlTemplate":"https:\/\/steiner-spiralen.de\/?s={search_term_string}"},"query-input":{"@type":"PropertyValueSpecification","valueRequired":true,"valueName":"search_term_string"}}],"inLanguage":"en-US"},{"@type":"Organization","@id":"https:\/\/steiner-spiralen.de\/#organization","name":"Steiner GmbH & Co. KG","url":"https:\/\/steiner-spiralen.de\/","logo":{"@type":"ImageObject","inLanguage":"en-US","@id":"https:\/\/steiner-spiralen.de\/#\/schema\/logo\/image\/","url":"https:\/\/steiner-spiralen.de\/wp-content\/uploads\/steiner-logo.svg","contentUrl":"https:\/\/steiner-spiralen.de\/wp-content\/uploads\/steiner-logo.svg","width":"1024","height":"1024","caption":"Steiner GmbH & Co. KG"},"image":{"@id":"https:\/\/steiner-spiralen.de\/#\/schema\/logo\/image\/"}}]}},"_links":{"self":[{"href":"https:\/\/steiner-spiralen.de\/en\/wp-json\/wp\/v2\/pages\/2737","targetHints":{"allow":["GET"]}}],"collection":[{"href":"https:\/\/steiner-spiralen.de\/en\/wp-json\/wp\/v2\/pages"}],"about":[{"href":"https:\/\/steiner-spiralen.de\/en\/wp-json\/wp\/v2\/types\/page"}],"author":[{"embeddable":true,"href":"https:\/\/steiner-spiralen.de\/en\/wp-json\/wp\/v2\/users\/1"}],"replies":[{"embeddable":true,"href":"https:\/\/steiner-spiralen.de\/en\/wp-json\/wp\/v2\/comments?post=2737"}],"version-history":[{"count":12,"href":"https:\/\/steiner-spiralen.de\/en\/wp-json\/wp\/v2\/pages\/2737\/revisions"}],"predecessor-version":[{"id":3246,"href":"https:\/\/steiner-spiralen.de\/en\/wp-json\/wp\/v2\/pages\/2737\/revisions\/3246"}],"wp:featuredmedia":[{"embeddable":true,"href":"https:\/\/steiner-spiralen.de\/en\/wp-json\/wp\/v2\/media\/2312"}],"wp:attachment":[{"href":"https:\/\/steiner-spiralen.de\/en\/wp-json\/wp\/v2\/media?parent=2737"}],"curies":[{"name":"wp","href":"https:\/\/api.w.org\/{rel}","templated":true}]}}